{"id":2933,"date":"2024-10-19T02:27:57","date_gmt":"2024-10-19T02:27:57","guid":{"rendered":"https:\/\/cloudsupplyvapes.com\/?post_type=product&#038;p=2933"},"modified":"2024-11-26T07:21:14","modified_gmt":"2024-11-26T07:21:14","slug":"-94","status":"publish","type":"product","link":"https:\/\/cloudsupplyvapes.com\/de\/product\/ijoy-bar-ic6000-5000-puff-disposable-wholesale\/","title":{"rendered":"IJOY Bar IC6000 5000 Puff Einweg Vape Gro\u00dfhandel Langlebig Leichtgewicht Vape"},"content":{"rendered":"<p><strong>SPEZIFIKATIONEN:<\/strong><br \/>\n- Gr\u00f6\u00dfe\uff1a89mm * 47mm * 20mm<br \/>\n- Batteriekapazit\u00e4t\uff1a600mAh<br \/>\n- Ausgangsmodus\uff1a11W (3,5V)<br \/>\n- Ladetyp\uff1aTyp-C<br \/>\n- Material\uff1aPC\uff0cPCTG\uff0cSilizium<br \/>\n- Widerstand\uff1a1.1\u03a9 Maschenspule<br \/>\n- Vorgef\u00fcllte E-Fl\u00fcssigkeit Kapazit\u00e4t\uff1a15ml\uff086000puffs\uff09<br \/>\n- Nikotin\uff1a5% \/ 3% \/ 1.9%<\/p>\n<p><strong>Geschmack:<\/strong><\/p>\n<p>ERDBEER-DAIQUIRI<br \/>\nERDBEER-KIWI<br \/>\nBLUE RAZZ ICE<br \/>\nAPFELSAFT<br \/>\nDREIFACH-BEERENEIS<br \/>\nWEISSER KAUGUMMI<br \/>\nSUNNY GRAPE<br \/>\nKIRSCHE-ANANAS<br \/>\nSCHWARZER DRACHE EIS<br \/>\nERDBEER-MANGO<br \/>\nREGENBOGEN-BONBON-ERDBEEREIS<br \/>\nMiNT KANDiT<br \/>\nLUSH ICE<br \/>\nPFIRSICH-PFLAUME<\/p>\n<p><a href=\"https:\/\/i0.wp.com\/shop.vape.hk\/wp-content\/uploads\/2023\/09\/202212161052103038.jpg?ssl=1\" target=\"_blank\" rel=\"noopener\"><img data-recalc-dims=\"1\" loading=\"lazy\" decoding=\"async\" class=\"alignnone size-full wp-image-120687\" src=\"https:\/\/i0.wp.com\/shop.vape.hk\/wp-content\/uploads\/2023\/09\/202212161052103038.jpg?resize=1020%2C504&#038;ssl=1\" alt=\"IJOY Bar IC6000 5000 Puff Einwegartikel | Gro\u00dfhandel\" width=\"1020\" height=\"504\" title=\"\"><\/a><\/p>","protected":false},"excerpt":{"rendered":"<p>IJOY Bar IC6000 5000 Puff Disposable Vape Wholesale verf\u00fcgt \u00fcber eine langlebige Batterie, leichtes Design und glatte Dampfabgabe f\u00fcr m\u00fcheloses und tragbares Dampfen.<\/p>","protected":false},"featured_media":3088,"comment_status":"open","ping_status":"closed","template":"","meta":[],"product_brand":[],"product_cat":[22],"product_tag":[],"class_list":{"0":"post-2933","1":"product","2":"type-product","3":"status-publish","4":"has-post-thumbnail","6":"product_cat-disposable-vape-sticks","8":"first","9":"instock","10":"shipping-taxable","11":"purchasable","12":"product-type-simple"},"jetpack_sharing_enabled":true,"tiered_pricing_type":"fixed","tiered_pricing_fixed_rules":{"1000":14,"10000":13,"50000":12},"tiered_pricing_product_settings":{"layout":"default","base_unit_name":{"singular":null,"plural":null},"default_variation":null},"tiered_pricing_minimum_quantity":100,"tiered_pricing_roles_data":[],"tiered_pricing_percentage_rules":[],"tiered_pricing_maximum_quantity":null,"tiered_pricing_quantity_step":null,"_links":{"self":[{"href":"https:\/\/cloudsupplyvapes.com\/de\/wp-json\/wp\/v2\/product\/2933","targetHints":{"allow":["GET"]}}],"collection":[{"href":"https:\/\/cloudsupplyvapes.com\/de\/wp-json\/wp\/v2\/product"}],"about":[{"href":"https:\/\/cloudsupplyvapes.com\/de\/wp-json\/wp\/v2\/types\/product"}],"replies":[{"embeddable":true,"href":"https:\/\/cloudsupplyvapes.com\/de\/wp-json\/wp\/v2\/comments?post=2933"}],"wp:featuredmedia":[{"embeddable":true,"href":"https:\/\/cloudsupplyvapes.com\/de\/wp-json\/wp\/v2\/media\/3088"}],"wp:attachment":[{"href":"https:\/\/cloudsupplyvapes.com\/de\/wp-json\/wp\/v2\/media?parent=2933"}],"wp:term":[{"taxonomy":"product_brand","embeddable":true,"href":"https:\/\/cloudsupplyvapes.com\/de\/wp-json\/wp\/v2\/product_brand?post=2933"},{"taxonomy":"product_cat","embeddable":true,"href":"https:\/\/cloudsupplyvapes.com\/de\/wp-json\/wp\/v2\/product_cat?post=2933"},{"taxonomy":"product_tag","embeddable":true,"href":"https:\/\/cloudsupplyvapes.com\/de\/wp-json\/wp\/v2\/product_tag?post=2933"}],"curies":[{"name":"wp","href":"https:\/\/api.w.org\/{rel}","templated":true}]}}