{"id":2935,"date":"2024-10-19T02:27:57","date_gmt":"2024-10-19T02:27:57","guid":{"rendered":"https:\/\/cloudsupplyvapes.com\/?post_type=product&#038;p=2935"},"modified":"2024-11-26T07:21:40","modified_gmt":"2024-11-26T07:21:40","slug":"-96","status":"publish","type":"product","link":"https:\/\/cloudsupplyvapes.com\/de\/product\/ijoy-lio-boom-max-7000-puffs-disposable-vape-wholesale\/","title":{"rendered":"IJOY LIO BOOM MAX 7000 Puffs Einweg-Vape Gro\u00dfhandel Langlebiges, tragbares Design"},"content":{"rendered":"<p><strong>SPEZIFIKATIONEN:<\/strong><br \/>\n- Gr\u00f6\u00dfe\uff1a42mm * 22mm * 85mm<br \/>\n- Batteriekapazit\u00e4t\uff1a650mAh<br \/>\n- Ausgangsmodus\uff1a12W<br \/>\n- Ladetyp\uff1aTyp-C<br \/>\n- Material\uff1aPC &amp; PCTG<br \/>\n- Widerstand\uff1a1.0\u03a9 MESH-Spule<br \/>\n- Vorgef\u00fcllte E-Fl\u00fcssigkeit Kapazit\u00e4t\uff1a15ml\uff087000puffs\uff09<br \/>\n- Nikotin\uff1a50mg<\/p>\n<p><strong>Geschmack:<\/strong><\/p>\n<p>COCA<br \/>\nGRAPE<br \/>\nPFIRSCHEN<br \/>\nLYCHEE<br \/>\nMANGO<br \/>\nGUAVA KIWI<br \/>\nSPEMINT<br \/>\nMELON<br \/>\nBANANA<br \/>\nSTRAWBERRY<br \/>\nAPFEL-ICE<br \/>\nBLUEBERRY<br \/>\nRED BULL<br \/>\nSTRAWBERRY KWI<br \/>\nMANGO-PASSIONSFRUCHT<\/p>\n<p><a href=\"https:\/\/i0.wp.com\/shop.vape.hk\/wp-content\/uploads\/2023\/09\/202211241605094822-1.jpg?ssl=1\" target=\"_blank\" rel=\"noopener\"><img data-recalc-dims=\"1\" loading=\"lazy\" decoding=\"async\" class=\"alignnone size-full wp-image-120696\" src=\"https:\/\/i0.wp.com\/shop.vape.hk\/wp-content\/uploads\/2023\/09\/202211241605094822-1.jpg?resize=1020%2C1028&#038;ssl=1\" alt=\"IJOY LIO BOOM MAX 7000 Puffs Einweg Vape | Gro\u00dfhandel\" width=\"1020\" height=\"1028\" title=\"\"><\/a> <a href=\"https:\/\/i0.wp.com\/shop.vape.hk\/wp-content\/uploads\/2023\/09\/202302171456458004.jpg?ssl=1\" target=\"_blank\" rel=\"noopener\"><img data-recalc-dims=\"1\" loading=\"lazy\" decoding=\"async\" class=\"alignnone size-full wp-image-120697\" src=\"https:\/\/i0.wp.com\/shop.vape.hk\/wp-content\/uploads\/2023\/09\/202302171456458004.jpg?resize=1020%2C601&#038;ssl=1\" alt=\"\" width=\"1020\" height=\"601\" title=\"\"><\/a><\/p>\n<p>&nbsp;<\/p>","protected":false},"excerpt":{"rendered":"<p>Der IJOY LIO BOOM MAX 7000 Puffs Einweg-Vape-Gro\u00dfhandel kombiniert ein langlebiges Design mit tragbarem Komfort und sorgt f\u00fcr gleichbleibenden Dampf und eine l\u00e4ngere Leistung f\u00fcr zuverl\u00e4ssiges Dampfen.<\/p>","protected":false},"featured_media":3129,"comment_status":"open","ping_status":"closed","template":"","meta":[],"product_brand":[],"product_cat":[22],"product_tag":[],"class_list":{"0":"post-2935","1":"product","2":"type-product","3":"status-publish","4":"has-post-thumbnail","6":"product_cat-disposable-vape-sticks","8":"first","9":"instock","10":"shipping-taxable","11":"purchasable","12":"product-type-simple"},"jetpack_sharing_enabled":true,"tiered_pricing_type":"fixed","tiered_pricing_fixed_rules":{"1000":16,"10000":14,"50000":12},"tiered_pricing_product_settings":{"layout":"default","base_unit_name":{"singular":null,"plural":null},"default_variation":null},"tiered_pricing_minimum_quantity":100,"tiered_pricing_roles_data":[],"tiered_pricing_percentage_rules":[],"tiered_pricing_maximum_quantity":null,"tiered_pricing_quantity_step":null,"_links":{"self":[{"href":"https:\/\/cloudsupplyvapes.com\/de\/wp-json\/wp\/v2\/product\/2935","targetHints":{"allow":["GET"]}}],"collection":[{"href":"https:\/\/cloudsupplyvapes.com\/de\/wp-json\/wp\/v2\/product"}],"about":[{"href":"https:\/\/cloudsupplyvapes.com\/de\/wp-json\/wp\/v2\/types\/product"}],"replies":[{"embeddable":true,"href":"https:\/\/cloudsupplyvapes.com\/de\/wp-json\/wp\/v2\/comments?post=2935"}],"wp:featuredmedia":[{"embeddable":true,"href":"https:\/\/cloudsupplyvapes.com\/de\/wp-json\/wp\/v2\/media\/3129"}],"wp:attachment":[{"href":"https:\/\/cloudsupplyvapes.com\/de\/wp-json\/wp\/v2\/media?parent=2935"}],"wp:term":[{"taxonomy":"product_brand","embeddable":true,"href":"https:\/\/cloudsupplyvapes.com\/de\/wp-json\/wp\/v2\/product_brand?post=2935"},{"taxonomy":"product_cat","embeddable":true,"href":"https:\/\/cloudsupplyvapes.com\/de\/wp-json\/wp\/v2\/product_cat?post=2935"},{"taxonomy":"product_tag","embeddable":true,"href":"https:\/\/cloudsupplyvapes.com\/de\/wp-json\/wp\/v2\/product_tag?post=2935"}],"curies":[{"name":"wp","href":"https:\/\/api.w.org\/{rel}","templated":true}]}}