{"id":4041,"date":"2024-10-19T02:36:05","date_gmt":"2024-10-19T02:36:05","guid":{"rendered":"https:\/\/cloudsupplyvapes.com\/?post_type=product&#038;p=4041"},"modified":"2024-11-26T06:55:10","modified_gmt":"2024-11-26T06:55:10","slug":"-119","status":"publish","type":"product","link":"https:\/\/cloudsupplyvapes.com\/de\/product\/geek-bar-meloso-max-9000-puffs-disposable-vape-wholesale\/","title":{"rendered":"Geek Bar Meloso Max 9000 Puffs Einweg Vape Gro\u00dfhandel Einstellbare Airflow Langlebige Leistung"},"content":{"rendered":"<h2>Geek Bar Meloso Max Einweg Vape<\/h2>\n<ul class=\"top\">\n<li style=\"list-style-type: none;\">\n<ul class=\"top\">\n<li>Marke:\u00a0<b>Geek-Bar<\/b><\/li>\n<li>Einheit: Satz<\/li>\n<li>Art:\u00a0<b>Einweg-Vape<\/b><\/li>\n<li>Nettogewicht: 70(g)<\/li>\n<\/ul>\n<\/li>\n<\/ul>\n<p>Die kombinierten Versandkosten werden automatisch vom System berechnet, nachdem Sie das Versandziel in der Kaufabwicklung ausgew\u00e4hlt haben.<\/p>\n<div class=\"title\">Geek Bar Meloso Max Einweg Vape EINLEITUNG<\/div>\n<p><b>Geek Bar Meloso Max Einweg Vape<\/b> hat eine ausgezeichnete Dual-Mesh-Spule Design, das schneller Heizung und eine bessere realistische Geschmackspr\u00e4sentation bedeutet. Es kommt vorgef\u00fcllt mit 14ml Nikotin e-Fl\u00fcssigkeit bei 50mg Konzentration f\u00fcr eine bestimmte Kehle Hit zu bringen Vergn\u00fcgen. Insgesamt 9.000 Z\u00fcge k\u00f6nnen mit der Unterst\u00fctzung eines 600 mAh-Akkus durchgef\u00fchrt werden. Mit jedem Zug, den Sie nehmen, kann die Dual-Mesh-Spule mit einstellbarer Luftstrom gekoppelt den urspr\u00fcnglichen Geschmack wiederherzustellen. Verpackt mit einem SMART Batterieanzeige und e-Fl\u00fcssigkeit Indikator Licht, k\u00f6nnen Sie die Batterie und e-Saft Leben f\u00fcr eine gleichm\u00e4\u00dfige Batterie Erfahrung \u00fcberwachen.<\/p>\n<p class=\"second-title\">Eigenschaften<\/p>\n<p>- 14ml vorgef\u00fcllter Vape-Saft<\/p>\n<p>- 5%(50mg) Nik-Salz<\/p>\n<p>- Wiederaufladbare 600mAh Batterie<\/p>\n<p>- USB-C-Anschluss<\/p>\n<p>- Ungef\u00e4hr 9000 Puffs<\/p>\n<p>- Dual Mesh Spule<\/p>\n<p>- Zeichnen-aktiviert<\/p>\n<p>- MTL-Vaping<\/p>\n<p>- SMART-Batterie-Anzeige &amp; E-Liquid-Anzeige-Leuchten<\/p>\n<p>- Einstellbarer Luftstrom<\/p>\n<p>&nbsp;<\/p>\n<p><b>Geschmack:<\/b><\/p>\n<p>Wassermelone Eis<\/p>\n<p>K\u00fchle Minze<\/p>\n<p>Pfirsich-Eis<\/p>\n<p>Beeren-Trio-Eis<\/p>\n<p>Fuji-Melonen-Eis<\/p>\n<p>Saurer Apfel Eis<\/p>\n<p>Tropische Regenbogenexplosion<\/p>\n<p>Mexikanische Mango<\/p>\n<p>Erdbeereis<\/p>\n<p>Klar<\/p>\n<p>Gr\u00fcnes Monster<\/p>\n<p>Ginger Ale<\/p>\n<p>Erdbeere Wassermelone<\/p>\n<p>Erdbeer-Mango<\/p>\n<p>Steingefrieren<\/p>","protected":false},"excerpt":{"rendered":"<p>Der Geek Bar Meloso Max 9000 Puffs Disposable Vape Wholesale verf\u00fcgt \u00fcber einen einstellbaren Luftstrom, eine robuste Konstruktion und eine gleichm\u00e4\u00dfige Dampfproduktion f\u00fcr ein individuelles Dampferlebnis.<\/p>","protected":false},"featured_media":4467,"comment_status":"open","ping_status":"closed","template":"","meta":[],"product_brand":[],"product_cat":[22],"product_tag":[],"class_list":{"0":"post-4041","1":"product","2":"type-product","3":"status-publish","4":"has-post-thumbnail","6":"product_cat-disposable-vape-sticks","8":"first","9":"instock","10":"shipping-taxable","11":"purchasable","12":"product-type-simple"},"jetpack_sharing_enabled":true,"tiered_pricing_type":"fixed","tiered_pricing_fixed_rules":{"1000":15,"10000":14,"50000":12},"tiered_pricing_product_settings":{"layout":"default","base_unit_name":{"singular":null,"plural":null},"default_variation":null},"tiered_pricing_minimum_quantity":100,"tiered_pricing_roles_data":[],"tiered_pricing_percentage_rules":[],"tiered_pricing_maximum_quantity":null,"tiered_pricing_quantity_step":null,"_links":{"self":[{"href":"https:\/\/cloudsupplyvapes.com\/de\/wp-json\/wp\/v2\/product\/4041","targetHints":{"allow":["GET"]}}],"collection":[{"href":"https:\/\/cloudsupplyvapes.com\/de\/wp-json\/wp\/v2\/product"}],"about":[{"href":"https:\/\/cloudsupplyvapes.com\/de\/wp-json\/wp\/v2\/types\/product"}],"replies":[{"embeddable":true,"href":"https:\/\/cloudsupplyvapes.com\/de\/wp-json\/wp\/v2\/comments?post=4041"}],"wp:featuredmedia":[{"embeddable":true,"href":"https:\/\/cloudsupplyvapes.com\/de\/wp-json\/wp\/v2\/media\/4467"}],"wp:attachment":[{"href":"https:\/\/cloudsupplyvapes.com\/de\/wp-json\/wp\/v2\/media?parent=4041"}],"wp:term":[{"taxonomy":"product_brand","embeddable":true,"href":"https:\/\/cloudsupplyvapes.com\/de\/wp-json\/wp\/v2\/product_brand?post=4041"},{"taxonomy":"product_cat","embeddable":true,"href":"https:\/\/cloudsupplyvapes.com\/de\/wp-json\/wp\/v2\/product_cat?post=4041"},{"taxonomy":"product_tag","embeddable":true,"href":"https:\/\/cloudsupplyvapes.com\/de\/wp-json\/wp\/v2\/product_tag?post=4041"}],"curies":[{"name":"wp","href":"https:\/\/api.w.org\/{rel}","templated":true}]}}