{"id":4042,"date":"2024-10-19T02:36:05","date_gmt":"2024-10-19T02:36:05","guid":{"rendered":"https:\/\/cloudsupplyvapes.com\/?post_type=product&#038;p=4042"},"modified":"2024-11-26T06:54:38","modified_gmt":"2024-11-26T06:54:38","slug":"-120","status":"publish","type":"product","link":"https:\/\/cloudsupplyvapes.com\/de\/product\/geek-bar-b4000-4000-puffs-disposable-vape-wholesale\/","title":{"rendered":"Geek Bar B4000 4000 Puffs Einweg Vape Gro\u00dfhandel Anf\u00e4nger Freundlich Tragbares Design"},"content":{"rendered":"<h2>Geek Bar B4000 Einwegartikel<\/h2>\n<ul class=\"top\">\n<li style=\"list-style-type: none;\">\n<ul class=\"top\">\n<li>Marke: Geek Bar<\/li>\n<li>Einheit: Satz<\/li>\n<li>Typ: Einweg Vape<\/li>\n<li>Nettogewicht: 70(g)<\/li>\n<\/ul>\n<\/li>\n<\/ul>\n<p>Die kombinierten Versandkosten werden automatisch vom System berechnet, nachdem Sie das Versandziel in der Kaufabwicklung ausgew\u00e4hlt haben.<\/p>\n<div class=\"title\">Geek Bar B4000 Einweg EINF\u00dcHRUNG<\/div>\n<p><b>Geek Bar B4000 Einwegartikel<\/b>\u00a0verf\u00fcgt \u00fcber eine 10ml vorgef\u00fcllte E-Saft, 5% Nikotin, 1050mAh interne Batterie, 1,2ohm Mesh-Spule, und eng anliegende Mundst\u00fcck f\u00fcr bis zu 4000 Z\u00fcge. Eingebettet in sein kompaktes Ger\u00e4t, bietet es ein fl\u00fcssiges Aussehen und eine kristallene H\u00fclle, die leistungsorientierte Mesh-Spule liefert ein au\u00dfergew\u00f6hnliches Aroma und Geschmack. Der 10ml Vape-Saft reicht f\u00fcr etwa 4000 Z\u00fcge. Konstruiert aus Edelstahl, ist es leicht und solide.<\/p>\n<p class=\"second-title\">Eigenschaften<\/p>\n<p>- Eng anliegendes Mundst\u00fcck<\/p>\n<p>- Interner 1050mAh-Akku<\/p>\n<p>- 10ml Vorgef\u00fcllter E-Saft<\/p>\n<p>- 5%(50mg) Nikotin<\/p>\n<p>- 4000 Puffs<\/p>\n<p>- Zeichnen-aktiviert<\/p>\n<p><a href=\"https:\/\/i0.wp.com\/shop.vape.hk\/wp-content\/uploads\/2023\/10\/geek-bar-b4000.jpg?ssl=1\" target=\"_blank\" rel=\"noopener\"><img data-recalc-dims=\"1\" loading=\"lazy\" decoding=\"async\" class=\"alignnone size-full wp-image-124002\" src=\"https:\/\/i0.wp.com\/shop.vape.hk\/wp-content\/uploads\/2023\/10\/geek-bar-b4000.jpg?resize=636%2C1920&#038;ssl=1\" alt=\"Geek Bar B4000 4000 Puffs Einweg Vape | Gro\u00dfhandel\" width=\"636\" height=\"1920\" title=\"\"><\/a><\/p>","protected":false},"excerpt":{"rendered":"<p>Geek Bar B4000 4000 Puffs Disposable Vape Wholesale ist anf\u00e4ngerfreundlich und ultra-portabel, liefert konstante Leistung und glatten Dampf f\u00fcr m\u00fcheloses Dampfen.<\/p>","protected":false},"featured_media":4474,"comment_status":"open","ping_status":"closed","template":"","meta":[],"product_brand":[],"product_cat":[22],"product_tag":[],"class_list":{"0":"post-4042","1":"product","2":"type-product","3":"status-publish","4":"has-post-thumbnail","6":"product_cat-disposable-vape-sticks","8":"first","9":"instock","10":"shipping-taxable","11":"purchasable","12":"product-type-simple"},"jetpack_sharing_enabled":true,"tiered_pricing_type":"fixed","tiered_pricing_fixed_rules":{"1000":13,"10000":12,"50000":10},"tiered_pricing_product_settings":{"layout":"default","base_unit_name":{"singular":null,"plural":null},"default_variation":null},"tiered_pricing_minimum_quantity":100,"tiered_pricing_roles_data":[],"tiered_pricing_percentage_rules":[],"tiered_pricing_maximum_quantity":null,"tiered_pricing_quantity_step":null,"_links":{"self":[{"href":"https:\/\/cloudsupplyvapes.com\/de\/wp-json\/wp\/v2\/product\/4042","targetHints":{"allow":["GET"]}}],"collection":[{"href":"https:\/\/cloudsupplyvapes.com\/de\/wp-json\/wp\/v2\/product"}],"about":[{"href":"https:\/\/cloudsupplyvapes.com\/de\/wp-json\/wp\/v2\/types\/product"}],"replies":[{"embeddable":true,"href":"https:\/\/cloudsupplyvapes.com\/de\/wp-json\/wp\/v2\/comments?post=4042"}],"wp:featuredmedia":[{"embeddable":true,"href":"https:\/\/cloudsupplyvapes.com\/de\/wp-json\/wp\/v2\/media\/4474"}],"wp:attachment":[{"href":"https:\/\/cloudsupplyvapes.com\/de\/wp-json\/wp\/v2\/media?parent=4042"}],"wp:term":[{"taxonomy":"product_brand","embeddable":true,"href":"https:\/\/cloudsupplyvapes.com\/de\/wp-json\/wp\/v2\/product_brand?post=4042"},{"taxonomy":"product_cat","embeddable":true,"href":"https:\/\/cloudsupplyvapes.com\/de\/wp-json\/wp\/v2\/product_cat?post=4042"},{"taxonomy":"product_tag","embeddable":true,"href":"https:\/\/cloudsupplyvapes.com\/de\/wp-json\/wp\/v2\/product_tag?post=4042"}],"curies":[{"name":"wp","href":"https:\/\/api.w.org\/{rel}","templated":true}]}}