{"id":4043,"date":"2024-10-19T02:36:05","date_gmt":"2024-10-19T02:36:05","guid":{"rendered":"https:\/\/cloudsupplyvapes.com\/?post_type=product&#038;p=4043"},"modified":"2024-11-26T06:39:12","modified_gmt":"2024-11-26T06:39:12","slug":"-121","status":"publish","type":"product","link":"https:\/\/cloudsupplyvapes.com\/de\/product\/geek-bar-pulse-15000-puffs-disposable-vape-wholesale\/","title":{"rendered":"Geek Bar Pulse 15000 Puffs Einweg Vape Gro\u00dfhandel hohe Kapazit\u00e4t Sleek stilvollen Look"},"content":{"rendered":"<h2>Geek Bar Pulse 15000 Einweg Vape<\/h2>\n<ul class=\"top\">\n<li>Marke:\u00a0<b>Geek-Bar<\/b><\/li>\n<li>Einheit: Satz<\/li>\n<li>Art:\u00a0<b>Einweg-Vape<\/b><\/li>\n<li>Nettogewicht: 68(g)<\/li>\n<\/ul>\n<p>Die kombinierten Versandkosten werden automatisch vom System berechnet, nachdem Sie das Versandziel in der Kaufabwicklung ausgew\u00e4hlt haben.<\/p>\n<div class=\"title\">Geek Bar Pulse 15000 Einweg Vape EINLEITUNG<\/div>\n<p><b>Geek Bar Pulse 15000 Einweg Vape<\/b> kommt vorgef\u00fcllt mit 16ml e-Fl\u00fcssigkeit, die zwei Arten von Modi hat. Die Pulse-Modus dient bis zu 7500 Puffs unter 20W Ausgangsleistung Lieferung, und die Regular-Modus erf\u00fcllt 15000 Puffs ziehen \u00fcber seine integrierte Dual-Mesh-Spule. Der Geek Bar Pulse Vape wird von einem wiederaufladbaren 650mAh-Akku angetrieben und verf\u00fcgt \u00fcber einen vollst\u00e4ndigen Bildschirm an der Seite. Der Einwegverdampfer mit Bildschirm erleichtert die \u00dcberwachung des Batterie- und Fl\u00fcssigkeitsstandes. Aus einer Soft-Touch-Beschichtung gefertigt, sind die gegl\u00e4tteten R\u00e4nder des Mundst\u00fccks bequem zum Dampfen.<\/p>\n<p class=\"second-title\">Eigenschaften<\/p>\n<p>- 16mL Vorgef\u00fclltes E-Liquid<\/p>\n<p>- 5%(50mg) Nikotin<\/p>\n<p>- Wiederaufladbarer 650mAh-Akku<\/p>\n<p>- Ungef\u00e4hr 15000 Puffs<\/p>\n<p>- Typ-C-Anschluss (nicht im Lieferumfang enthalten)<\/p>\n<p>- Dual Mesh Spule<\/p>\n<p>- Zeichnen-aktiviert<\/p>\n<p>- MTL-Vaping<\/p>\n<p>- Vollbild<\/p>\n<p>- Batterie&amp;E-Fl\u00fcssigkeitsschirm<\/p>\n<p>- 20W Leistung<\/p>\n<p>- Impulsmodus f\u00fcr 7500 Puffs<\/p>\n<p>- Regul\u00e4rer Modus f\u00fcr 15000 Puffs<\/p>","protected":false},"excerpt":{"rendered":"<p>Der Geek Bar Pulse 15000 Puffs Einweg-Vape-Gro\u00dfhandel bietet eine hohe Kapazit\u00e4t, ein schlankes Design und eine sanfte Dampfabgabe f\u00fcr erstklassige und befriedigende Dampferfahrungen.<\/p>","protected":false},"featured_media":4479,"comment_status":"open","ping_status":"closed","template":"","meta":[],"product_brand":[],"product_cat":[22],"product_tag":[],"class_list":{"0":"post-4043","1":"product","2":"type-product","3":"status-publish","4":"has-post-thumbnail","6":"product_cat-disposable-vape-sticks","8":"first","9":"instock","10":"shipping-taxable","11":"purchasable","12":"product-type-simple"},"jetpack_sharing_enabled":true,"tiered_pricing_type":"fixed","tiered_pricing_fixed_rules":{"1000":13,"50000":10},"tiered_pricing_product_settings":{"layout":"default","base_unit_name":{"singular":null,"plural":null},"default_variation":null},"tiered_pricing_minimum_quantity":100,"tiered_pricing_roles_data":[],"tiered_pricing_percentage_rules":[],"tiered_pricing_maximum_quantity":null,"tiered_pricing_quantity_step":null,"_links":{"self":[{"href":"https:\/\/cloudsupplyvapes.com\/de\/wp-json\/wp\/v2\/product\/4043","targetHints":{"allow":["GET"]}}],"collection":[{"href":"https:\/\/cloudsupplyvapes.com\/de\/wp-json\/wp\/v2\/product"}],"about":[{"href":"https:\/\/cloudsupplyvapes.com\/de\/wp-json\/wp\/v2\/types\/product"}],"replies":[{"embeddable":true,"href":"https:\/\/cloudsupplyvapes.com\/de\/wp-json\/wp\/v2\/comments?post=4043"}],"wp:featuredmedia":[{"embeddable":true,"href":"https:\/\/cloudsupplyvapes.com\/de\/wp-json\/wp\/v2\/media\/4479"}],"wp:attachment":[{"href":"https:\/\/cloudsupplyvapes.com\/de\/wp-json\/wp\/v2\/media?parent=4043"}],"wp:term":[{"taxonomy":"product_brand","embeddable":true,"href":"https:\/\/cloudsupplyvapes.com\/de\/wp-json\/wp\/v2\/product_brand?post=4043"},{"taxonomy":"product_cat","embeddable":true,"href":"https:\/\/cloudsupplyvapes.com\/de\/wp-json\/wp\/v2\/product_cat?post=4043"},{"taxonomy":"product_tag","embeddable":true,"href":"https:\/\/cloudsupplyvapes.com\/de\/wp-json\/wp\/v2\/product_tag?post=4043"}],"curies":[{"name":"wp","href":"https:\/\/api.w.org\/{rel}","templated":true}]}}