{"id":4178,"date":"2024-10-19T02:36:28","date_gmt":"2024-10-19T02:36:28","guid":{"rendered":"https:\/\/cloudsupplyvapes.com\/?post_type=product&#038;p=4178"},"modified":"2024-11-26T06:39:00","modified_gmt":"2024-11-26T06:39:00","slug":"-122","status":"publish","type":"product","link":"https:\/\/cloudsupplyvapes.com\/de\/product\/geek-bar-df6000-puffs-disposable-vape-wholesale\/","title":{"rendered":"Geek Bar DF6000 Puffs Einweg Vape Gro\u00dfhandel Leichtgewicht Leak-Proof-Design"},"content":{"rendered":"<h2>Geek Bar DF6000 Einweg-Vape<\/h2>\n<ul class=\"top\">\n<li>Marke: Geek Bar<\/li>\n<li>Einheit: Satz<\/li>\n<li>Typ: Einweg Vape<\/li>\n<li>Nettogewicht: 70(g)<\/li>\n<\/ul>\n<p>Die kombinierten Versandkosten werden automatisch vom System berechnet, nachdem Sie das Versandziel in der Kaufabwicklung ausgew\u00e4hlt haben.<\/p>\n<div class=\"title\">Geek Bar DF6000 Einweg-Vape EINF\u00dcHRUNG<\/div>\n<p><b>Geek Bar DF6000 Einweg-Vape<\/b>\u00a0Fasst 14 ml vorgef\u00fclltes E-Liquid, verf\u00fcgt \u00fcber einen wiederaufladbaren 650-mAh-Akku, eine Nikotinst\u00e4rke von 5% (50 mg) und eine Mesh-Spule, die bis zu 6000 Z\u00fcge erm\u00f6glicht. Es verf\u00fcgt \u00fcber ein Puff-to-Vape-Design, und die lebendigen Farben und das kristallartige Mundst\u00fcck sorgen f\u00fcr ein angenehmes Dampferlebnis. Nehmen Sie einen Zug am Mundst\u00fcck und genie\u00dfen Sie den aromatischen Dampf.<\/p>\n<p class=\"second-title\">Eigenschaften<\/p>\n<p>- 14ml vorgef\u00fcllter Vape-Saft<\/p>\n<p>- Wiederaufladbarer 650mAh-Akku<\/p>\n<p>- Typ-C Kabel<\/p>\n<p>- 5%(50mg) Nik-Salz<\/p>\n<p>- Ungef\u00e4hr 6000 Puffs<\/p>\n<p>- Maschenspule<\/p>\n<p>- Zeichnen-aktiviert<\/p>\n<div class=\"title\">Geek Bar DF6000 Einweg-Vape TECHNISCHE DATEN<\/div>\n<p>Puffs: 6000<\/p>\n<p>E-Fl\u00fcssigkeit Kapazit\u00e4t: 14ml<\/p>\n<p>Akku: Wiederaufladbar 650mAh<\/p>\n<p>Aufladen: USB Typ-C<\/p>\n<p>Nikotinst\u00e4rke: 5%(50mg)<\/p>\n<p>Nikotin-Typ: Nik-Salz<\/p>\n<p>Heizelement: Mesh-Spule<\/p>\n<p>Durch Ziehen aktivierter Ausl\u00f6semechanismus<\/p>\n<p><a href=\"https:\/\/i0.wp.com\/shop.vape.hk\/wp-content\/uploads\/2023\/10\/geek-bar-df6000-disposable-vape_1.jpg?ssl=1\" target=\"_blank\" rel=\"noopener\"><img data-recalc-dims=\"1\" loading=\"lazy\" decoding=\"async\" class=\"alignnone size-full wp-image-124034\" src=\"https:\/\/i0.wp.com\/shop.vape.hk\/wp-content\/uploads\/2023\/10\/geek-bar-df6000-disposable-vape_1.jpg?resize=900%2C751&#038;ssl=1\" alt=\"Geek Bar DF6000 Puffs Einweg-Vape | Gro\u00dfhandel\" width=\"900\" height=\"751\" title=\"\"><\/a> <a href=\"https:\/\/i0.wp.com\/shop.vape.hk\/wp-content\/uploads\/2023\/10\/geek-bar-df6000-disposable-vape_2.jpg?ssl=1\" target=\"_blank\" rel=\"noopener\"><img data-recalc-dims=\"1\" loading=\"lazy\" decoding=\"async\" class=\"alignnone size-full wp-image-124033\" src=\"https:\/\/i0.wp.com\/shop.vape.hk\/wp-content\/uploads\/2023\/10\/geek-bar-df6000-disposable-vape_2.jpg?resize=735%2C1920&#038;ssl=1\" alt=\"Geek Bar DF6000 Puffs Einweg-Vape | Gro\u00dfhandel\" width=\"735\" height=\"1920\" title=\"\"><\/a><\/p>","protected":false},"excerpt":{"rendered":"<p>Geek Bar DF6000 Puffs Einweg-Vape Gro\u00dfhandel kombiniert eine leichte Konstruktion, ein auslaufsicheres Design und einen sanften Throat Hit f\u00fcr unkompliziertes und zuverl\u00e4ssiges Vapen.<\/p>","protected":false},"featured_media":4482,"comment_status":"open","ping_status":"closed","template":"","meta":[],"product_brand":[],"product_cat":[22],"product_tag":[],"class_list":{"0":"post-4178","1":"product","2":"type-product","3":"status-publish","4":"has-post-thumbnail","6":"product_cat-disposable-vape-sticks","8":"first","9":"instock","10":"shipping-taxable","11":"purchasable","12":"product-type-simple"},"jetpack_sharing_enabled":true,"tiered_pricing_type":"fixed","tiered_pricing_fixed_rules":{"1000":7,"10000":6,"50000":5},"tiered_pricing_product_settings":{"layout":"default","base_unit_name":{"singular":null,"plural":null},"default_variation":null},"tiered_pricing_minimum_quantity":100,"tiered_pricing_roles_data":[],"tiered_pricing_percentage_rules":[],"tiered_pricing_maximum_quantity":null,"tiered_pricing_quantity_step":null,"_links":{"self":[{"href":"https:\/\/cloudsupplyvapes.com\/de\/wp-json\/wp\/v2\/product\/4178","targetHints":{"allow":["GET"]}}],"collection":[{"href":"https:\/\/cloudsupplyvapes.com\/de\/wp-json\/wp\/v2\/product"}],"about":[{"href":"https:\/\/cloudsupplyvapes.com\/de\/wp-json\/wp\/v2\/types\/product"}],"replies":[{"embeddable":true,"href":"https:\/\/cloudsupplyvapes.com\/de\/wp-json\/wp\/v2\/comments?post=4178"}],"wp:featuredmedia":[{"embeddable":true,"href":"https:\/\/cloudsupplyvapes.com\/de\/wp-json\/wp\/v2\/media\/4482"}],"wp:attachment":[{"href":"https:\/\/cloudsupplyvapes.com\/de\/wp-json\/wp\/v2\/media?parent=4178"}],"wp:term":[{"taxonomy":"product_brand","embeddable":true,"href":"https:\/\/cloudsupplyvapes.com\/de\/wp-json\/wp\/v2\/product_brand?post=4178"},{"taxonomy":"product_cat","embeddable":true,"href":"https:\/\/cloudsupplyvapes.com\/de\/wp-json\/wp\/v2\/product_cat?post=4178"},{"taxonomy":"product_tag","embeddable":true,"href":"https:\/\/cloudsupplyvapes.com\/de\/wp-json\/wp\/v2\/product_tag?post=4178"}],"curies":[{"name":"wp","href":"https:\/\/api.w.org\/{rel}","templated":true}]}}