{"id":4179,"date":"2024-10-19T02:36:28","date_gmt":"2024-10-19T02:36:28","guid":{"rendered":"https:\/\/cloudsupplyvapes.com\/?post_type=product&#038;p=4179"},"modified":"2024-11-26T06:38:48","modified_gmt":"2024-11-26T06:38:48","slug":"-123","status":"publish","type":"product","link":"https:\/\/cloudsupplyvapes.com\/de\/product\/geek-bar-meloso-ultra-10000-puffs-disposable-vape-wholesale\/","title":{"rendered":"Geek Bar Meloso Ultra 10000 Puffs Einweg Vape Gro\u00dfhandel Langlebig Langlebig Build"},"content":{"rendered":"<h2>Geek Bar Meloso Ultra Smart Display Einweg-Vape<\/h2>\n<ul class=\"top\">\n<li style=\"list-style-type: none;\">\n<ul class=\"top\">\n<li>Marke:\u00a0<b>Geek-Bar<\/b><\/li>\n<li>Einheit: Satz<\/li>\n<li>Art:\u00a0<b>Einweg-Vape<\/b><\/li>\n<li>Nettogewicht: 70(g)<\/li>\n<\/ul>\n<\/li>\n<\/ul>\n<p>Die kombinierten Versandkosten werden automatisch vom System berechnet, nachdem Sie das Versandziel in der Kaufabwicklung ausgew\u00e4hlt haben.<\/p>\n<div class=\"title\">Geek Bar Meloso Ultra Smart Display Einweg-Vape EINLEITUNG<\/div>\n<p><b>Geek Bar Meloso Ultra Smart Display Einweg-Vape<\/b> kommt mit einem leistungsstarken 630mAh Akku, einem intelligenten Bildschirm und einer Dual-Mesh-Spule und kann bis zu 10.000 Z\u00fcge insgesamt erf\u00fcllen. Zusammen mit einer gro\u00dfen Kapazit\u00e4t vape Saft kommt mit einer konsistenten Batterie. Als Erg\u00e4nzung zum Akku ist ein Typ-C-Anschluss zum Aufladen vorgesehen. Das Coolste ist das kleine intelligente Display, das den Akkustand und den Saftstand anzeigt. So hat man die Informationen in Echtzeit immer im Blick. Meloso Ultra ist die Zukunft der Einwegverdampfer.<\/p>\n<p class=\"second-title\">Eigenschaften<\/p>\n<p>- 5%(50mg) Nikotinst\u00e4rke<\/p>\n<p>- 630mAh wiederaufladbare Batterie<\/p>\n<p>- USB Typ-C (nicht enthalten)<\/p>\n<p>- Ungef\u00e4hr 10000 Puffs<\/p>\n<p>- Dual Mesh Spule<\/p>\n<p>- Zeichnen-aktiviert<\/p>\n<p>- MTL-Vaping<\/p>\n<p>- Intelligente LED-Anzeige<\/p>","protected":false},"excerpt":{"rendered":"<p>Der Geek Bar Meloso Ultra 10000 Puffs Einweg-Vape-Gro\u00dfhandel bietet eine lang anhaltende Leistung, eine robuste Konstruktion und eine reichhaltige Dampfproduktion f\u00fcr ein langes Dampferlebnis.<\/p>","protected":false},"featured_media":4489,"comment_status":"open","ping_status":"closed","template":"","meta":[],"product_brand":[],"product_cat":[22],"product_tag":[],"class_list":{"0":"post-4179","1":"product","2":"type-product","3":"status-publish","4":"has-post-thumbnail","6":"product_cat-disposable-vape-sticks","8":"first","9":"instock","10":"shipping-taxable","11":"purchasable","12":"product-type-simple"},"jetpack_sharing_enabled":true,"tiered_pricing_type":"fixed","tiered_pricing_fixed_rules":{"1000":16,"10000":15,"50000":13},"tiered_pricing_product_settings":{"layout":"default","base_unit_name":{"singular":null,"plural":null},"default_variation":null},"tiered_pricing_minimum_quantity":100,"tiered_pricing_roles_data":[],"tiered_pricing_percentage_rules":[],"tiered_pricing_maximum_quantity":null,"tiered_pricing_quantity_step":null,"_links":{"self":[{"href":"https:\/\/cloudsupplyvapes.com\/de\/wp-json\/wp\/v2\/product\/4179","targetHints":{"allow":["GET"]}}],"collection":[{"href":"https:\/\/cloudsupplyvapes.com\/de\/wp-json\/wp\/v2\/product"}],"about":[{"href":"https:\/\/cloudsupplyvapes.com\/de\/wp-json\/wp\/v2\/types\/product"}],"replies":[{"embeddable":true,"href":"https:\/\/cloudsupplyvapes.com\/de\/wp-json\/wp\/v2\/comments?post=4179"}],"wp:featuredmedia":[{"embeddable":true,"href":"https:\/\/cloudsupplyvapes.com\/de\/wp-json\/wp\/v2\/media\/4489"}],"wp:attachment":[{"href":"https:\/\/cloudsupplyvapes.com\/de\/wp-json\/wp\/v2\/media?parent=4179"}],"wp:term":[{"taxonomy":"product_brand","embeddable":true,"href":"https:\/\/cloudsupplyvapes.com\/de\/wp-json\/wp\/v2\/product_brand?post=4179"},{"taxonomy":"product_cat","embeddable":true,"href":"https:\/\/cloudsupplyvapes.com\/de\/wp-json\/wp\/v2\/product_cat?post=4179"},{"taxonomy":"product_tag","embeddable":true,"href":"https:\/\/cloudsupplyvapes.com\/de\/wp-json\/wp\/v2\/product_tag?post=4179"}],"curies":[{"name":"wp","href":"https:\/\/api.w.org\/{rel}","templated":true}]}}