{"id":4180,"date":"2024-10-19T02:36:28","date_gmt":"2024-10-19T02:36:28","guid":{"rendered":"https:\/\/cloudsupplyvapes.com\/?post_type=product&#038;p=4180"},"modified":"2024-11-26T06:38:38","modified_gmt":"2024-11-26T06:38:38","slug":"-124","status":"publish","type":"product","link":"https:\/\/cloudsupplyvapes.com\/de\/product\/geek-bar-s6000-6000-puff-disposable-wholesale\/","title":{"rendered":"Geek Bar S6000 6000 Puffs Einweg Vape Gro\u00dfhandel kompakte hohe Kapazit\u00e4t Design"},"content":{"rendered":"<h2>Geek Bar S6000 Einwegartikel<\/h2>\n<ul class=\"top\">\n<li style=\"list-style-type: none;\">\n<ul class=\"top\">\n<li>Marke: Geek Bar<\/li>\n<li>Einheit: Satz<\/li>\n<li>Typ: Einweg Vape<\/li>\n<li>Nettogewicht: 70(g)<\/li>\n<\/ul>\n<\/li>\n<\/ul>\n<p>Die kombinierten Versandkosten werden automatisch vom System berechnet, nachdem Sie das Versandziel in der Kaufabwicklung ausgew\u00e4hlt haben.<\/p>\n<div class=\"title\">Geek Bar S6000 Einweg- EINLEITUNG<\/div>\n<p><b>Geek Bar S6000 Einwegartikel<\/b>\u00a0zeigt von satten 16ml e-Fl\u00fcssigkeit mit 5% (50mg) Nikotin St\u00e4rke, jede Einweg ist wiederaufladbar und H\u00e4user 500mAh eingebauten Akku zu einer massiven 6000 Puff zu unterst\u00fctzen. Es bietet eine Schokolade Form und hat ein paar Geschmacksrichtungen zur Auswahl. Sie wird durch Ziehen aktiviert und ist mit einem flachen, transparenten Mundst\u00fcck ausgestattet. Die Mesh-Spule liefert einen delikaten Geschmack und Dampf.<\/p>\n<p class=\"second-title\">Eigenschaften<\/p>\n<p>- 6000 Puffs<\/p>\n<p>- 14ml Fassungsverm\u00f6gen<\/p>\n<p>- 5%(50mg) Nikotinst\u00e4rke<\/p>\n<p>- Integrierter 500mAh-Akku<\/p>\n<p>- Wiederaufladbar<\/p>\n<p>- Maschenspule<\/p>\n<p>- MTL Unentschieden<\/p>\n<p>- Zeichnen-aktiviert<\/p>\n<div class=\"title\">Geek Bar S6000 Einweg SPEZIFIKATION<\/div>\n<p>Puffs: Bis zu 6000<\/p>\n<p>Pod Kapazit\u00e4t: 14ml<\/p>\n<p>Nikotin: 5%(50mg)<\/p>\n<p>Nikotin-Typ: Nik-Salz<\/p>\n<p>Batteriekapazit\u00e4t: 500mAh<\/p>\n<p>Anschluss zum Aufladen: USB-C<\/p>\n<p>Spule: Maschenspule<\/p>\n<p>Abfeuermechanismus: Ziehaktiviert<\/p>\n<p><a href=\"https:\/\/i0.wp.com\/shop.vape.hk\/wp-content\/uploads\/2023\/10\/Geek_Bar_S6000.jpg?ssl=1\" target=\"_blank\" rel=\"noopener\"><img data-recalc-dims=\"1\" loading=\"lazy\" decoding=\"async\" class=\"alignnone size-full wp-image-124051\" src=\"https:\/\/i0.wp.com\/shop.vape.hk\/wp-content\/uploads\/2023\/10\/Geek_Bar_S6000.jpg?resize=671%2C1920&#038;ssl=1\" alt=\"Geek Bar S6000 6000 Puff Einwegartikel | Gro\u00dfhandel\" width=\"671\" height=\"1920\" title=\"\"><\/a><\/p>","protected":false},"excerpt":{"rendered":"<p>Geek Bar S6000 6000 Puffs Disposable Vape Wholesale verf\u00fcgt \u00fcber ein kompaktes Design, eine hohe Kapazit\u00e4t und eine gleichm\u00e4\u00dfige Dampfabgabe f\u00fcr konsistente und angenehme Vaping-Sessions.<\/p>","protected":false},"featured_media":4493,"comment_status":"open","ping_status":"closed","template":"","meta":[],"product_brand":[],"product_cat":[22],"product_tag":[],"class_list":{"0":"post-4180","1":"product","2":"type-product","3":"status-publish","4":"has-post-thumbnail","6":"product_cat-disposable-vape-sticks","8":"first","9":"instock","10":"shipping-taxable","11":"purchasable","12":"product-type-simple"},"jetpack_sharing_enabled":true,"tiered_pricing_type":"fixed","tiered_pricing_fixed_rules":{"1000":7,"10000":6,"50000":5},"tiered_pricing_product_settings":{"layout":"default","base_unit_name":{"singular":null,"plural":null},"default_variation":null},"tiered_pricing_minimum_quantity":100,"tiered_pricing_roles_data":[],"tiered_pricing_percentage_rules":[],"tiered_pricing_maximum_quantity":null,"tiered_pricing_quantity_step":null,"_links":{"self":[{"href":"https:\/\/cloudsupplyvapes.com\/de\/wp-json\/wp\/v2\/product\/4180","targetHints":{"allow":["GET"]}}],"collection":[{"href":"https:\/\/cloudsupplyvapes.com\/de\/wp-json\/wp\/v2\/product"}],"about":[{"href":"https:\/\/cloudsupplyvapes.com\/de\/wp-json\/wp\/v2\/types\/product"}],"replies":[{"embeddable":true,"href":"https:\/\/cloudsupplyvapes.com\/de\/wp-json\/wp\/v2\/comments?post=4180"}],"wp:featuredmedia":[{"embeddable":true,"href":"https:\/\/cloudsupplyvapes.com\/de\/wp-json\/wp\/v2\/media\/4493"}],"wp:attachment":[{"href":"https:\/\/cloudsupplyvapes.com\/de\/wp-json\/wp\/v2\/media?parent=4180"}],"wp:term":[{"taxonomy":"product_brand","embeddable":true,"href":"https:\/\/cloudsupplyvapes.com\/de\/wp-json\/wp\/v2\/product_brand?post=4180"},{"taxonomy":"product_cat","embeddable":true,"href":"https:\/\/cloudsupplyvapes.com\/de\/wp-json\/wp\/v2\/product_cat?post=4180"},{"taxonomy":"product_tag","embeddable":true,"href":"https:\/\/cloudsupplyvapes.com\/de\/wp-json\/wp\/v2\/product_tag?post=4180"}],"curies":[{"name":"wp","href":"https:\/\/api.w.org\/{rel}","templated":true}]}}