{"id":4182,"date":"2024-10-19T02:36:28","date_gmt":"2024-10-19T02:36:28","guid":{"rendered":"https:\/\/cloudsupplyvapes.com\/?post_type=product&#038;p=4182"},"modified":"2024-11-26T06:36:24","modified_gmt":"2024-11-26T06:36:24","slug":"-126","status":"publish","type":"product","link":"https:\/\/cloudsupplyvapes.com\/de\/product\/geek-bar-s3000-3000-puffs-rechargeable-disposable-vape-wholesale\/","title":{"rendered":"GEEK BAR S3000 3000 Puffs wiederaufladbare Einweg-Vape Gro\u00dfhandel kompakte schnelle Aufladung Design"},"content":{"rendered":"<h2>GEEK BAR S3000 Einwegartikel<\/h2>\n<ul class=\"top\">\n<li style=\"list-style-type: none;\">\n<ul class=\"top\">\n<li>Marke: GEEK BAR<\/li>\n<li>Einheit: Satz<\/li>\n<li>Typ: Einweg Vape<\/li>\n<li>Nettogewicht: 60(g)<\/li>\n<\/ul>\n<\/li>\n<\/ul>\n<p>Die kombinierten Versandkosten werden automatisch vom System berechnet, nachdem Sie das Versandziel in der Kaufabwicklung ausgew\u00e4hlt haben.<\/p>\n<div class=\"title\">GEEK BAR S3000 Einweg EINLEITUNG<\/div>\n<p><b>GEEK BAR S3000 Einwegartikel<\/b> ist ein au\u00dfergew\u00f6hnlich einfach zu bedienendes Ger\u00e4t, das 3000 Z\u00fcge pro Einheit liefert. Ausgestattet mit einer 7,5 ml vorgef\u00fcllten E-Saft Kapazit\u00e4t und Geh\u00e4use eine unglaubliche 1000mAh integrierte Batterie, die S3000 kann auch \u00fcber einen USB-Typ-C-Anschluss aufgeladen werden. Voreingestellt f\u00fcr optimale Leistung, gibt es keine Notwendigkeit f\u00fcr die Wartung. Das durch Ziehen aktivierte Design macht es unkompliziert und einfach zu bedienen. Es verwendet ein ausgezeichnetes Kunststoffgeh\u00e4use mit einer streng rechteckigen Form, um das Design des gesamten \u00c4u\u00dferen in einer transparenten Form zu zeigen, die lakonische Dekoration auf der R\u00fcckseite und an der Seite sieht k\u00fchn und einfach aus.<\/p>\n<p class=\"second-title\">Eigenschaften<\/p>\n<p>- 3000 Puffs<\/p>\n<p>- 7.5ml Vorgef\u00fcllter E-Saft<\/p>\n<p>- 1000mAh integrierter Akku<\/p>\n<p>- USB Typ-C Anschluss<\/p>\n<p>- Zeichnen-aktiviert<\/p>\n<p>- Streng rechtwinklige Form<\/p>\n<p>- Lakonische Dekoration<\/p>\n<div class=\"title\">GEEK BAR S3000 Einweg SPEZIFIKATION<\/div>\n<p>Puffs: 3000<\/p>\n<p>Nikotin: 5%(50mg)<\/p>\n<p>Nikotin-Typ: Nikotinsalz St\u00e4rke<\/p>\n<p>Fassungsverm\u00f6gen: 7,5 ml<\/p>\n<p>Batteriekapazit\u00e4t: 1000mAh<\/p>\n<p>Ladeger\u00e4t: USB Typ-C<\/p>\n<p>Widerstandsf\u00e4higkeit: Mesh-Spule<\/p>\n<p>Abfeuermechanismus: Ziehaktiviert<\/p>\n<p><a href=\"https:\/\/i0.wp.com\/shop.vape.hk\/wp-content\/uploads\/2023\/10\/geek-bar-x5500-disposable_2-1.jpg?ssl=1\" target=\"_blank\" rel=\"noopener\"><img data-recalc-dims=\"1\" loading=\"lazy\" decoding=\"async\" class=\"alignnone size-full wp-image-124073\" src=\"https:\/\/i0.wp.com\/shop.vape.hk\/wp-content\/uploads\/2023\/10\/geek-bar-x5500-disposable_2-1.jpg?resize=495%2C1920&#038;ssl=1\" alt=\"GEEK BAR S3000 3000 Puffs Wiederaufladbare Einweg-Vape | Gro\u00dfhandel\" width=\"495\" height=\"1920\" title=\"\"><\/a><\/p>","protected":false},"excerpt":{"rendered":"<p>GEEK BAR S3000 3000 Puffs wiederaufladbare Einweg-Vape-Gro\u00dfhandel verf\u00fcgt \u00fcber ein kompaktes Design, schnelle Aufladung und glatte Dampfausgabe, so dass es ideal f\u00fcr umweltfreundliche und tragbare vaping.<\/p>","protected":false},"featured_media":4507,"comment_status":"open","ping_status":"closed","template":"","meta":[],"product_brand":[],"product_cat":[22],"product_tag":[],"class_list":{"0":"post-4182","1":"product","2":"type-product","3":"status-publish","4":"has-post-thumbnail","6":"product_cat-disposable-vape-sticks","8":"first","9":"instock","10":"shipping-taxable","11":"purchasable","12":"product-type-simple"},"jetpack_sharing_enabled":true,"tiered_pricing_type":"fixed","tiered_pricing_fixed_rules":{"1000":4,"10000":3.5,"50000":3},"tiered_pricing_product_settings":{"layout":"default","base_unit_name":{"singular":null,"plural":null},"default_variation":null},"tiered_pricing_minimum_quantity":100,"tiered_pricing_roles_data":[],"tiered_pricing_percentage_rules":[],"tiered_pricing_maximum_quantity":null,"tiered_pricing_quantity_step":null,"_links":{"self":[{"href":"https:\/\/cloudsupplyvapes.com\/de\/wp-json\/wp\/v2\/product\/4182","targetHints":{"allow":["GET"]}}],"collection":[{"href":"https:\/\/cloudsupplyvapes.com\/de\/wp-json\/wp\/v2\/product"}],"about":[{"href":"https:\/\/cloudsupplyvapes.com\/de\/wp-json\/wp\/v2\/types\/product"}],"replies":[{"embeddable":true,"href":"https:\/\/cloudsupplyvapes.com\/de\/wp-json\/wp\/v2\/comments?post=4182"}],"wp:featuredmedia":[{"embeddable":true,"href":"https:\/\/cloudsupplyvapes.com\/de\/wp-json\/wp\/v2\/media\/4507"}],"wp:attachment":[{"href":"https:\/\/cloudsupplyvapes.com\/de\/wp-json\/wp\/v2\/media?parent=4182"}],"wp:term":[{"taxonomy":"product_brand","embeddable":true,"href":"https:\/\/cloudsupplyvapes.com\/de\/wp-json\/wp\/v2\/product_brand?post=4182"},{"taxonomy":"product_cat","embeddable":true,"href":"https:\/\/cloudsupplyvapes.com\/de\/wp-json\/wp\/v2\/product_cat?post=4182"},{"taxonomy":"product_tag","embeddable":true,"href":"https:\/\/cloudsupplyvapes.com\/de\/wp-json\/wp\/v2\/product_tag?post=4182"}],"curies":[{"name":"wp","href":"https:\/\/api.w.org\/{rel}","templated":true}]}}