{"id":4184,"date":"2024-10-19T02:36:29","date_gmt":"2024-10-19T02:36:29","guid":{"rendered":"https:\/\/cloudsupplyvapes.com\/?post_type=product&#038;p=4184"},"modified":"2024-11-26T06:36:02","modified_gmt":"2024-11-26T06:36:02","slug":"-128","status":"publish","type":"product","link":"https:\/\/cloudsupplyvapes.com\/de\/product\/kangvape-onee-stick-2100-puffs-disposable-vape-wholesale\/","title":{"rendered":"KangVape Onee Stick 2100 Puffs Einweg Vape Gro\u00dfhandel Anf\u00e4nger freundlich Hassle Free Use"},"content":{"rendered":"<h2>KangVape Onee Stick 2100 Einweg<\/h2>\n<ul class=\"top\">\n<li style=\"list-style-type: none;\">\n<ul class=\"top\">\n<li>Marke: KangVape<\/li>\n<li>Einheit: Satz<\/li>\n<li>Typ: Einweg Vape<\/li>\n<li>Nettogewicht: 65(g)<\/li>\n<\/ul>\n<\/li>\n<\/ul>\n<p>Die kombinierten Versandkosten werden automatisch vom System berechnet, nachdem Sie das Versandziel in der Kaufabwicklung ausgew\u00e4hlt haben.<\/p>\n<div class=\"title\">KangVape Onee Stick 2100 Einweg EINF\u00dcHRUNG<\/div>\n<p><b>KangVape Onee Stick 2100 Einweg<\/b> bietet Ihnen eine bequeme und einfache Art zu verdampfen und ist so konzipiert, dass keine Wartung, Aufladen oder Nachf\u00fcllen erfordern, k\u00f6nnen Sie weg puff, wenn fertig. Es beherbergt eine gigantische 1100mAh interne Batterie, um so viele wie 2100 Z\u00fcge pro Einheit zu unterst\u00fctzen. Mit seinem 5% synthetischen Nikotin und 8ml Vape-Saft-Kapazit\u00e4t, ist es sicher, Ihren Geschmack aufgrund seiner viel Geschmack zu befriedigen. Es erlaubt Ihnen auch, Ihren E-Saft durch sein transparentes Design zu \u00fcberpr\u00fcfen. Durch den Verzicht auf einen Knopf k\u00f6nnen Sie direkt \u00fcber das Mundst\u00fcck dampfen. Klein, aber leicht, nutzt es die Vorteile seiner Premium-vorgef\u00fcllte e-Saft, um Ihre vaping Erfahrung zu maximieren.<\/p>\n<p class=\"second-title\">Eigenschaften<\/p>\n<p>- Keine Wartung, kein Aufladen, kein Nachf\u00fcllen erforderlich<\/p>\n<p>- Nach Beendigung wegpusten<\/p>\n<p>- 1100mAh Interner Akku<\/p>\n<p>- So viele wie 2100 Puffs pro Einheit<\/p>\n<p>- 5% Synthetisches Nikotin<\/p>\n<p>- 8ml Vape Saft Kapazit\u00e4t<\/p>\n<p>- Pr\u00fcfen Sie Ihren E-Saft<\/p>\n<p>- Durch Ziehen aktivierte F\u00fcllmechanik<\/p>\n<div class=\"title\">KangVape Onee Stick 2100 Einweg SPEZIFIKATION<\/div>\n<p>Akku: 1100mAh Eingebauter Akku<\/p>\n<p>E-Fl\u00fcssigkeit Kapazit\u00e4t: 8ml Pre-gef\u00fcllt Saft<\/p>\n<p>Puffs: 2100 Puffs<\/p>\n<p>Nikotingehalt: 5%(50mg) Synthetisches Nikotin<\/p>\n<p>&nbsp;<\/p>","protected":false},"excerpt":{"rendered":"<p>Der KangVape Onee Stick 2100 Puffs Einweg-Vape-Gro\u00dfhandel ist anf\u00e4ngerfreundlich und problemlos und bietet eine sanfte Dampfabgabe und ein leichtes Design f\u00fcr m\u00fchelosen Gebrauch.<\/p>","protected":false},"featured_media":4534,"comment_status":"open","ping_status":"closed","template":"","meta":[],"product_brand":[],"product_cat":[22],"product_tag":[],"class_list":{"0":"post-4184","1":"product","2":"type-product","3":"status-publish","4":"has-post-thumbnail","6":"product_cat-disposable-vape-sticks","8":"first","9":"instock","10":"shipping-taxable","11":"purchasable","12":"product-type-simple"},"jetpack_sharing_enabled":true,"tiered_pricing_type":"fixed","tiered_pricing_fixed_rules":{"1000":10,"10000":9,"50000":8},"tiered_pricing_product_settings":{"layout":"default","base_unit_name":{"singular":null,"plural":null},"default_variation":null},"tiered_pricing_minimum_quantity":100,"tiered_pricing_roles_data":[],"tiered_pricing_percentage_rules":[],"tiered_pricing_maximum_quantity":null,"tiered_pricing_quantity_step":null,"_links":{"self":[{"href":"https:\/\/cloudsupplyvapes.com\/de\/wp-json\/wp\/v2\/product\/4184","targetHints":{"allow":["GET"]}}],"collection":[{"href":"https:\/\/cloudsupplyvapes.com\/de\/wp-json\/wp\/v2\/product"}],"about":[{"href":"https:\/\/cloudsupplyvapes.com\/de\/wp-json\/wp\/v2\/types\/product"}],"replies":[{"embeddable":true,"href":"https:\/\/cloudsupplyvapes.com\/de\/wp-json\/wp\/v2\/comments?post=4184"}],"wp:featuredmedia":[{"embeddable":true,"href":"https:\/\/cloudsupplyvapes.com\/de\/wp-json\/wp\/v2\/media\/4534"}],"wp:attachment":[{"href":"https:\/\/cloudsupplyvapes.com\/de\/wp-json\/wp\/v2\/media?parent=4184"}],"wp:term":[{"taxonomy":"product_brand","embeddable":true,"href":"https:\/\/cloudsupplyvapes.com\/de\/wp-json\/wp\/v2\/product_brand?post=4184"},{"taxonomy":"product_cat","embeddable":true,"href":"https:\/\/cloudsupplyvapes.com\/de\/wp-json\/wp\/v2\/product_cat?post=4184"},{"taxonomy":"product_tag","embeddable":true,"href":"https:\/\/cloudsupplyvapes.com\/de\/wp-json\/wp\/v2\/product_tag?post=4184"}],"curies":[{"name":"wp","href":"https:\/\/api.w.org\/{rel}","templated":true}]}}