{"id":4185,"date":"2024-10-19T02:36:29","date_gmt":"2024-10-19T02:36:29","guid":{"rendered":"https:\/\/cloudsupplyvapes.com\/?post_type=product&#038;p=4185"},"modified":"2024-11-26T06:35:50","modified_gmt":"2024-11-26T06:35:50","slug":"-129","status":"publish","type":"product","link":"https:\/\/cloudsupplyvapes.com\/de\/product\/kangvape-onee-stick-3000-puffs-disposable-vape-wholesale\/","title":{"rendered":"Kangvape Onee Stick 3000 Puffs Einweg Vape Gro\u00dfhandel kompakte hohe Qualit\u00e4t bauen"},"content":{"rendered":"<h2>Kangvape Onee Stick 3000 Einweg<\/h2>\n<ul class=\"top\">\n<li style=\"list-style-type: none;\">\n<ul class=\"top\">\n<li>Marke: Kangvape<\/li>\n<li>Einheit: Satz<\/li>\n<li>Typ: Einweg Vape<\/li>\n<li>Nettogewicht: 67(g)<\/li>\n<\/ul>\n<\/li>\n<\/ul>\n<p>Die kombinierten Versandkosten werden automatisch vom System berechnet, nachdem Sie das Versandziel in der Kaufabwicklung ausgew\u00e4hlt haben.<\/p>\n<div class=\"title\">Kangvape Onee Stick 3000 Einweg EINF\u00dcHRUNG<\/div>\n<p>Shop der\u00a0<b>Kangvape Onee Stick 3000 Einweg<\/b>\u00a0- eine bequeme und m\u00fchelose M\u00f6glichkeit, Ihr Dampferlebnis zu genie\u00dfen. Mit ca. 3000 Z\u00fcgen bietet dieses Einwegger\u00e4t eine starke Leistung. Ausgestattet mit einem 1600mAh nicht wiederaufladbaren Akku, sorgt es f\u00fcr ein lang anhaltendes Dampferlebnis. Jedes Ger\u00e4t ist mit 12ml 50MG (5%) Salz-Nikotin-Saft bef\u00fcllt, der f\u00fcr einen sanften und befriedigenden Zug sorgt. Mit einer Nikotinkonzentration von 5% ist es perfekt f\u00fcr diejenigen, die sich nach einem st\u00e4rkeren Nikotinschub sehnen. Sein kompaktes Design und die einfache Handhabung machen ihn zu einer gro\u00dfartigen Option f\u00fcr das Dampfen unterwegs. Mit dem Kangvape Onee Stick k\u00f6nnen Sie den Geschmack und die Befriedigung eines traditionellen Vape Pen genie\u00dfen, ohne komplizierte Montage oder Aufladen zu m\u00fcssen.<\/p>\n<p class=\"second-title\">Eigenschaften<\/p>\n<p>- Ungef\u00e4hr 3000 Puffs<\/p>\n<p>- 1600mAh nicht wiederaufladbare Batterie<\/p>\n<p>- 12ML von 50MG (5%) Salz-Nik-Saft<\/p>\n<div class=\"disposables-flavor-2\">\n<div class=\"title\">Geschm\u00e4cker<\/div>\n<ul>\n<li>Heidelbeer-Creme<\/li>\n<li>Pechschwarzes Vergn\u00fcgen<\/li>\n<li>Aloe Traube<\/li>\n<li>Erdbeer-Creme<\/li>\n<li>Rosa Limonade<\/li>\n<li>Devine<\/li>\n<li>\u00dcppiges Eis<\/li>\n<li>Roter Apfel<\/li>\n<li>Wassermelone Creme<\/li>\n<li>Tuity Fruity<\/li>\n<li>Tropisches Speiseeis<\/li>\n<li>Zuckerwatte<\/li>\n<li>K\u00fchle Minze<\/li>\n<li>Moschusochse<\/li>\n<li>Saurer Apfel Eis<\/li>\n<li>Gelbe Brise<\/li>\n<li>Blaues Razzeis<\/li>\n<li>Weinlese<\/li>\n<li>Regenbogen-Bonbon<\/li>\n<li>Rotes Eis<\/li>\n<li>Cremiges Float<\/li>\n<li>In der Zwischenzeit<\/li>\n<\/ul>\n<\/div>","protected":false},"excerpt":{"rendered":"<p>Der Kangvape Onee Stick 3000 Puffs Einweg-Vape-Gro\u00dfhandel kombiniert kompaktes Design mit hochwertigen Materialien und bietet sanften Dampf und ein erstklassiges Dampferlebnis.<\/p>","protected":false},"featured_media":4543,"comment_status":"open","ping_status":"closed","template":"","meta":[],"product_brand":[],"product_cat":[22],"product_tag":[],"class_list":{"0":"post-4185","1":"product","2":"type-product","3":"status-publish","4":"has-post-thumbnail","6":"product_cat-disposable-vape-sticks","8":"first","9":"instock","10":"shipping-taxable","11":"purchasable","12":"product-type-simple"},"jetpack_sharing_enabled":true,"tiered_pricing_type":"fixed","tiered_pricing_fixed_rules":[],"tiered_pricing_product_settings":{"layout":"default","base_unit_name":{"singular":null,"plural":null},"default_variation":null},"tiered_pricing_minimum_quantity":100,"tiered_pricing_roles_data":[],"tiered_pricing_percentage_rules":[],"tiered_pricing_maximum_quantity":null,"tiered_pricing_quantity_step":null,"_links":{"self":[{"href":"https:\/\/cloudsupplyvapes.com\/de\/wp-json\/wp\/v2\/product\/4185","targetHints":{"allow":["GET"]}}],"collection":[{"href":"https:\/\/cloudsupplyvapes.com\/de\/wp-json\/wp\/v2\/product"}],"about":[{"href":"https:\/\/cloudsupplyvapes.com\/de\/wp-json\/wp\/v2\/types\/product"}],"replies":[{"embeddable":true,"href":"https:\/\/cloudsupplyvapes.com\/de\/wp-json\/wp\/v2\/comments?post=4185"}],"wp:featuredmedia":[{"embeddable":true,"href":"https:\/\/cloudsupplyvapes.com\/de\/wp-json\/wp\/v2\/media\/4543"}],"wp:attachment":[{"href":"https:\/\/cloudsupplyvapes.com\/de\/wp-json\/wp\/v2\/media?parent=4185"}],"wp:term":[{"taxonomy":"product_brand","embeddable":true,"href":"https:\/\/cloudsupplyvapes.com\/de\/wp-json\/wp\/v2\/product_brand?post=4185"},{"taxonomy":"product_cat","embeddable":true,"href":"https:\/\/cloudsupplyvapes.com\/de\/wp-json\/wp\/v2\/product_cat?post=4185"},{"taxonomy":"product_tag","embeddable":true,"href":"https:\/\/cloudsupplyvapes.com\/de\/wp-json\/wp\/v2\/product_tag?post=4185"}],"curies":[{"name":"wp","href":"https:\/\/api.w.org\/{rel}","templated":true}]}}