{"id":4186,"date":"2024-10-19T02:36:29","date_gmt":"2024-10-19T02:36:29","guid":{"rendered":"https:\/\/cloudsupplyvapes.com\/?post_type=product&#038;p=4186"},"modified":"2024-11-26T06:35:40","modified_gmt":"2024-11-26T06:35:40","slug":"-130","status":"publish","type":"product","link":"https:\/\/cloudsupplyvapes.com\/de\/product\/kangvape-onee-stick-5000-puffs-disposable-vape-wholesale\/","title":{"rendered":"Kangvape Onee Stick 5000 Puffs Einweg Vape Gro\u00dfhandel Leak Proof Lightweight Design"},"content":{"rendered":"<h2>Kangvape Onee Stick 5000 Puffs Einweg<\/h2>\n<ul class=\"top\">\n<li style=\"list-style-type: none;\">\n<ul class=\"top\">\n<li>Marke: KangVape<\/li>\n<li>Einheit: Satz<\/li>\n<li>Typ: Einweg Vape<\/li>\n<li>Nettogewicht: 47(g)<\/li>\n<\/ul>\n<\/li>\n<\/ul>\n<p>Die kombinierten Versandkosten werden automatisch vom System berechnet, nachdem Sie das Versandziel in der Kaufabwicklung ausgew\u00e4hlt haben.<\/p>\n<div class=\"title\">Kangvape Onee Stick 5000 Puffs Einweg EINLEITUNG<\/div>\n<p><b>Kangvape Onee Stick 5000 Puffs Einweg-Kit<\/b> ist neu von KangVape, die riesige 18,5ml Vape Saft Kapazit\u00e4t produziert eine Menge von Wolke, und das Dampfen Gef\u00fchl wird dramatisch durch seine Nikotinst\u00e4rke erh\u00f6ht, die sowohl Anf\u00e4nger als auch Experten zu verdampfen f\u00fcr Wochen gew\u00e4hrleistet. Dieser Einwegdampfer h\u00e4lt f\u00fcr 5.000 Z\u00fcge und bietet eine Vielzahl von Geschmacksrichtungen zur Auswahl. Was auch immer das Leben vor Ihnen wirft, werden Sie in der hervorragenden Geschmack sofort fr\u00f6nen, sobald Sie es Hand.<\/p>\n<p class=\"second-title\">Eigenschaften<\/p>\n<p>- Riesige 18,5ml Vape Saft Kapazit\u00e4t<\/p>\n<p>- Reicht f\u00fcr 5000 Puffs<\/p>\n<div class=\"disposables-flavor-2\">\n<div class=\"title\">Geschm\u00e4cker<\/div>\n<ul>\n<li>Aloe Traube<\/li>\n<li>\u00c4pfel<\/li>\n<li>Blauer Apfel Razz<\/li>\n<li>Blaubeereis<\/li>\n<li>Kirschlimonade<\/li>\n<li>K\u00fchle Minze<\/li>\n<li>Energy-Drink<\/li>\n<li>Guave-Eis<\/li>\n<li>Honigmelone-Punsch<\/li>\n<li>\u00dcppiges Eis<\/li>\n<li>Meloneneis<\/li>\n<li>Passionsfrucht<\/li>\n<li>Birne Zuckerwatte<\/li>\n<li>Rosa Limonade<\/li>\n<li>Regenbogen-Bonbon<\/li>\n<li>Saurer Apfel Eis<\/li>\n<li>Pfefferminz<\/li>\n<li>Strawberry<\/li>\n<li>Erdbeer-Mango<\/li>\n<li>Leckerer B\u00e4r<\/li>\n<li>Blaues Razz-Eis(NEU)<\/li>\n<\/ul>\n<\/div>","protected":false},"excerpt":{"rendered":"<p>Der Kangvape Onee Stick 5000 Puffs Einweg-Vape-Gro\u00dfhandel verf\u00fcgt \u00fcber ein auslaufsicheres Design, eine leichte Konstruktion und eine gleichm\u00e4\u00dfige Dampfabgabe f\u00fcr problemloses und lang anhaltendes Dampfen.<\/p>","protected":false},"featured_media":4558,"comment_status":"open","ping_status":"closed","template":"","meta":[],"product_brand":[],"product_cat":[22],"product_tag":[],"class_list":{"0":"post-4186","1":"product","2":"type-product","3":"status-publish","4":"has-post-thumbnail","6":"product_cat-disposable-vape-sticks","8":"first","9":"instock","10":"shipping-taxable","11":"purchasable","12":"product-type-simple"},"jetpack_sharing_enabled":true,"tiered_pricing_type":"fixed","tiered_pricing_fixed_rules":[],"tiered_pricing_product_settings":{"layout":"default","base_unit_name":{"singular":null,"plural":null},"default_variation":null},"tiered_pricing_minimum_quantity":100,"tiered_pricing_roles_data":[],"tiered_pricing_percentage_rules":[],"tiered_pricing_maximum_quantity":null,"tiered_pricing_quantity_step":null,"_links":{"self":[{"href":"https:\/\/cloudsupplyvapes.com\/de\/wp-json\/wp\/v2\/product\/4186","targetHints":{"allow":["GET"]}}],"collection":[{"href":"https:\/\/cloudsupplyvapes.com\/de\/wp-json\/wp\/v2\/product"}],"about":[{"href":"https:\/\/cloudsupplyvapes.com\/de\/wp-json\/wp\/v2\/types\/product"}],"replies":[{"embeddable":true,"href":"https:\/\/cloudsupplyvapes.com\/de\/wp-json\/wp\/v2\/comments?post=4186"}],"wp:featuredmedia":[{"embeddable":true,"href":"https:\/\/cloudsupplyvapes.com\/de\/wp-json\/wp\/v2\/media\/4558"}],"wp:attachment":[{"href":"https:\/\/cloudsupplyvapes.com\/de\/wp-json\/wp\/v2\/media?parent=4186"}],"wp:term":[{"taxonomy":"product_brand","embeddable":true,"href":"https:\/\/cloudsupplyvapes.com\/de\/wp-json\/wp\/v2\/product_brand?post=4186"},{"taxonomy":"product_cat","embeddable":true,"href":"https:\/\/cloudsupplyvapes.com\/de\/wp-json\/wp\/v2\/product_cat?post=4186"},{"taxonomy":"product_tag","embeddable":true,"href":"https:\/\/cloudsupplyvapes.com\/de\/wp-json\/wp\/v2\/product_tag?post=4186"}],"curies":[{"name":"wp","href":"https:\/\/api.w.org\/{rel}","templated":true}]}}