{"id":4188,"date":"2024-10-19T02:36:29","date_gmt":"2024-10-19T02:36:29","guid":{"rendered":"https:\/\/cloudsupplyvapes.com\/?post_type=product&#038;p=4188"},"modified":"2024-11-26T06:35:17","modified_gmt":"2024-11-26T06:35:17","slug":"-132","status":"publish","type":"product","link":"https:\/\/cloudsupplyvapes.com\/de\/product\/kangvape-onee-max-3500-puffs-disposable-vape-wholesale\/","title":{"rendered":"KangVape Onee Max 3500 Puffs Einweg Vape Gro\u00dfhandel hohe Kapazit\u00e4t langlebig bauen"},"content":{"rendered":"<h2>KangVape Onee Max Einwegartikel<\/h2>\n<ul class=\"top\">\n<li style=\"list-style-type: none;\">\n<ul class=\"top\">\n<li>Marke: KangVape<\/li>\n<li>Einheit: Satz<\/li>\n<li>Typ: Einweg Vape<\/li>\n<li>Nettogewicht: 43g<\/li>\n<\/ul>\n<\/li>\n<\/ul>\n<p>Die kombinierten Versandkosten werden automatisch vom System berechnet, nachdem Sie das Versandziel in der Kaufabwicklung ausgew\u00e4hlt haben.<\/p>\n<div class=\"title\">KangVape Onee Max Einwegartikel EINLEITUNG<\/div>\n<p><b>KangVape Onee Max Einwegartikel<\/b> kommt mit 13,5ml Vape-Saft, einem leistungsstarken 1250mAh eingebauten Akku, und kann etwa 3500 Puffs insgesamt befriedigen. Dank der leistungsstarken Batterie, k\u00f6nnen Sie frei von wiederholten Aufladen sein. Jeder Zug ist so lecker wie der erste. Dem Verdampfungssaft sind 50 mg Nikotin zugesetzt. Der Nikotinhub ist befriedigend, aber nicht st\u00f6rend. 3500 Z\u00fcge mit frischen Fr\u00fcchten sind aufregend. Sowohl neue Dampfer als auch erfahrene Dampfer k\u00f6nnen von KangVape Onee Max unterhalten werden.<\/p>\n<p class=\"second-title\">Eigenschaften<\/p>\n<p>- Vorgef\u00fcllter 13,5ml Vape-Saft<\/p>\n<p>- 3500 Puffs pro Kit<\/p>\n<p>- 1250mAh Eingebauter Akku<\/p>\n<p>- 5% Salz Nikotinspiegel<\/p>\n<p class=\"second-title\">KangVape Onee Max 3500puffs Geschmacksrichtungen<\/p>\n<p>Arktische Devine<br \/>\nArtic Lush Eis<br \/>\nApfel Blau Razz Frezze<br \/>\nGefrorene rosa Limonade<br \/>\nMenthol<br \/>\nGek\u00fchlte cremige Vanille<br \/>\nArtic Peach Delight<br \/>\nGefrorene Pina Colada<\/p>\n<p><a href=\"https:\/\/i0.wp.com\/shop.vape.hk\/wp-content\/uploads\/2023\/10\/Onee_Max_3500_1.jpg?ssl=1\" target=\"_blank\" rel=\"noopener\"><img data-recalc-dims=\"1\" loading=\"lazy\" decoding=\"async\" class=\"alignnone size-full wp-image-124152\" src=\"https:\/\/i0.wp.com\/shop.vape.hk\/wp-content\/uploads\/2023\/10\/Onee_Max_3500_1.jpg?resize=900%2C900&#038;ssl=1\" alt=\"KangVape Onee Max 3500 Puffs Einweg Vape | Gro\u00dfhandel\" width=\"900\" height=\"900\" title=\"\"><\/a> <a href=\"https:\/\/i0.wp.com\/shop.vape.hk\/wp-content\/uploads\/2023\/10\/049820a5-a05d-47a1-9c64-a2d665701ca7.jpg?ssl=1\" target=\"_blank\" rel=\"noopener\"><img data-recalc-dims=\"1\" loading=\"lazy\" decoding=\"async\" class=\"alignnone size-full wp-image-124151\" src=\"https:\/\/i0.wp.com\/shop.vape.hk\/wp-content\/uploads\/2023\/10\/049820a5-a05d-47a1-9c64-a2d665701ca7.jpg?resize=1020%2C574&#038;ssl=1\" alt=\"KangVape Onee Max 3500 Puffs Einweg Vape | Gro\u00dfhandel\" width=\"1020\" height=\"574\" title=\"\"><\/a><\/p>","protected":false},"excerpt":{"rendered":"<p>KangVape Onee Max 3500 Puffs Disposable Vape Gro\u00dfhandel kombiniert hohe Kapazit\u00e4t mit einer dauerhaften bauen, die Gew\u00e4hrleistung einer konsistenten Leistung und glatte Kehle hits f\u00fcr l\u00e4ngere Sitzungen vaping.<\/p>","protected":false},"featured_media":4573,"comment_status":"open","ping_status":"closed","template":"","meta":[],"product_brand":[],"product_cat":[22],"product_tag":[],"class_list":{"0":"post-4188","1":"product","2":"type-product","3":"status-publish","4":"has-post-thumbnail","6":"product_cat-disposable-vape-sticks","8":"first","9":"instock","10":"shipping-taxable","11":"purchasable","12":"product-type-simple"},"jetpack_sharing_enabled":true,"tiered_pricing_type":"fixed","tiered_pricing_fixed_rules":{"1000":7,"10000":6,"50000":5},"tiered_pricing_product_settings":{"layout":"default","base_unit_name":{"singular":null,"plural":null},"default_variation":null},"tiered_pricing_minimum_quantity":null,"tiered_pricing_roles_data":[],"tiered_pricing_percentage_rules":[],"tiered_pricing_maximum_quantity":null,"tiered_pricing_quantity_step":null,"_links":{"self":[{"href":"https:\/\/cloudsupplyvapes.com\/de\/wp-json\/wp\/v2\/product\/4188","targetHints":{"allow":["GET"]}}],"collection":[{"href":"https:\/\/cloudsupplyvapes.com\/de\/wp-json\/wp\/v2\/product"}],"about":[{"href":"https:\/\/cloudsupplyvapes.com\/de\/wp-json\/wp\/v2\/types\/product"}],"replies":[{"embeddable":true,"href":"https:\/\/cloudsupplyvapes.com\/de\/wp-json\/wp\/v2\/comments?post=4188"}],"wp:featuredmedia":[{"embeddable":true,"href":"https:\/\/cloudsupplyvapes.com\/de\/wp-json\/wp\/v2\/media\/4573"}],"wp:attachment":[{"href":"https:\/\/cloudsupplyvapes.com\/de\/wp-json\/wp\/v2\/media?parent=4188"}],"wp:term":[{"taxonomy":"product_brand","embeddable":true,"href":"https:\/\/cloudsupplyvapes.com\/de\/wp-json\/wp\/v2\/product_brand?post=4188"},{"taxonomy":"product_cat","embeddable":true,"href":"https:\/\/cloudsupplyvapes.com\/de\/wp-json\/wp\/v2\/product_cat?post=4188"},{"taxonomy":"product_tag","embeddable":true,"href":"https:\/\/cloudsupplyvapes.com\/de\/wp-json\/wp\/v2\/product_tag?post=4188"}],"curies":[{"name":"wp","href":"https:\/\/api.w.org\/{rel}","templated":true}]}}