{"id":4317,"date":"2024-10-19T02:36:50","date_gmt":"2024-10-19T02:36:50","guid":{"rendered":"https:\/\/cloudsupplyvapes.com\/?post_type=product&#038;p=4317"},"modified":"2024-11-26T06:35:05","modified_gmt":"2024-11-26T06:35:05","slug":"-133","status":"publish","type":"product","link":"https:\/\/cloudsupplyvapes.com\/de\/product\/kangvape-onee-stick-1900-puffs-disposable-vape-wholesale\/","title":{"rendered":"Kangvape Onee Stick 1900 Puffs Einweg Vape Gro\u00dfhandel Kompakt Anf\u00e4nger freundlich Vape"},"content":{"rendered":"<h2>Kangvape Onee Stick Einweg-Kit<\/h2>\n<ul class=\"top\">\n<li>Marke: Kangvape<\/li>\n<li>Einheit: Satz<\/li>\n<li>Typ: Einweg-Vape-Kit<\/li>\n<li>Nettogewicht: 58(g)<\/li>\n<\/ul>\n<p>Die kombinierten Versandkosten werden automatisch vom System berechnet, nachdem Sie das Versandziel in der Kaufabwicklung ausgew\u00e4hlt haben.<\/p>\n<div class=\"title\">EINF\u00dcHRUNG<\/div>\n<p><b>Kangvape Onee Stick Einweg<\/b> ist ein kompaktes, praktisches und einfach zu bedienendes Ger\u00e4t f\u00fcr Raucher, die nach einer Alternative zu herk\u00f6mmlichen Zigaretten suchen. Mit einem eingebauten Akku von 1200mAh und vorgef\u00fclltem 7,0ml oder 7,5ml E-Liquid bietet das Ger\u00e4t etwa 1900 Z\u00fcge oder 2000 Z\u00fcge, was mehreren Schachteln Zigaretten entspricht. Das im Ger\u00e4t verwendete E-Liquid besteht aus 5,0% Salz-Nic nach Gewicht und bietet ein sanftes und befriedigendes Dampferlebnis. Das Ger\u00e4t verf\u00fcgt \u00fcber einen Mechanismus, der durch Ziehen aktiviert wird, so dass es leicht zu bedienen ist, da man einfach darauf paffen muss, um es zu aktivieren. Das Ger\u00e4t muss nicht bef\u00fcllt, aufgeladen oder gewartet werden, was es zu einer idealen Wahl f\u00fcr vielbesch\u00e4ftigte Vaper macht, die viel unterwegs sind. Der Kangvape Onee Stick ist in verschiedenen frischen, fruchtigen Geschmacksrichtungen erh\u00e4ltlich und ist kompakt, leicht und tragbar, so dass Sie ihn einfach \u00fcberall hin mitnehmen k\u00f6nnen. Egal, ob Sie ein Raucher sind, der eine bequeme und befriedigende Alternative sucht, oder ein erfahrener Vaper, der eine neue Geschmacksrichtung ausprobieren m\u00f6chte, das Kangvape Onee Stick Disposable Vape Kit ist eine ausgezeichnete Wahl.<\/p>\n<p class=\"second-title\">Eigenschaften<\/p>\n<p>- Ungef\u00e4hr 1900 Z\u00fcge pro Ger\u00e4t<\/p>\n<p>- 5.0% (50MG) Salz Nic nach Gewicht<\/p>\n<p>- Vorgef\u00fcllte 7.0ml E-Liquid pro Ger\u00e4t<\/p>\n<p>- 1200mAh Interner Akku<\/p>\n<p>- Durch Zeichnen aktivierter Mechanismus<\/p>\n<p>- Vorgeladen - einfach auf das Ger\u00e4t pusten, um es zu aktivieren<\/p>\n<p>- Kein F\u00fcllen, kein Aufladen und keine Wartung<\/p>\n<p>- Kompakt, leicht und tragbar<\/p>\n<p>- Verschiedene frischfruchtige Geschmacksrichtungen<\/p>\n<div class=\"disposables-flavor-2\">\n<div class=\"title\">Geschm\u00e4cker<\/div>\n<ul>\n<li>Pitchy Delight (Pfirsich-Eis)<\/li>\n<li>\u00dcppiges Eis<\/li>\n<li>Moschus (Guaveneis)<\/li>\n<li>Blaue Wolke (Blaubeere-Zitrone)<\/li>\n<li>Rotes Eis (Erdbeereis)<\/li>\n<li>Devine (Energydrink)<\/li>\n<li>Blaues Razzeis<\/li>\n<li>Gemischtes Obst<\/li>\n<li>Weinlese (Traubeneis)<\/li>\n<li>Fanta (Orangenlimonade)<\/li>\n<li>Klassischer Vanillepudding (Bananeneis)<\/li>\n<li>Cremiges Float (Cola-Eis)<\/li>\n<li>Tropisches Eis (Mango-Eis)<\/li>\n<li>K\u00fchle Minze<\/li>\n<li>Yellow Breeze (Ananaseis)<\/li>\n<li>Zwischenzeit (Melon Ice)<\/li>\n<li>Banberry (Erdbeer-Bananeneis)<\/li>\n<\/ul>\n<p><a href=\"https:\/\/i0.wp.com\/shop.vape.hk\/wp-content\/uploads\/2023\/10\/kangvape-onee-stick-disposable12.jpeg?ssl=1\" target=\"_blank\" rel=\"noopener\"><img data-recalc-dims=\"1\" loading=\"lazy\" decoding=\"async\" class=\"alignnone size-full wp-image-124154\" src=\"https:\/\/i0.wp.com\/shop.vape.hk\/wp-content\/uploads\/2023\/10\/kangvape-onee-stick-disposable12.jpeg?resize=1000%2C415&#038;ssl=1\" alt=\"\" width=\"1000\" height=\"415\" title=\"\"><\/a><\/p>\n<\/div>","protected":false},"excerpt":{"rendered":"<p>Der Kangvape Onee Stick 1900 Puffs Einweg-Vape-Gro\u00dfhandel ist kompakt und anf\u00e4ngerfreundlich und bietet eine problemlose Bedienung und eine konstante Dampfabgabe f\u00fcr einen einfachen und angenehmen Gebrauch.<\/p>","protected":false},"featured_media":4585,"comment_status":"open","ping_status":"closed","template":"","meta":[],"product_brand":[],"product_cat":[22],"product_tag":[],"class_list":{"0":"post-4317","1":"product","2":"type-product","3":"status-publish","4":"has-post-thumbnail","6":"product_cat-disposable-vape-sticks","8":"first","9":"instock","10":"shipping-taxable","11":"purchasable","12":"product-type-simple"},"jetpack_sharing_enabled":true,"tiered_pricing_type":"fixed","tiered_pricing_fixed_rules":{"1000":6,"10000":6,"50000":4},"tiered_pricing_product_settings":{"layout":"default","base_unit_name":{"singular":null,"plural":null},"default_variation":null},"tiered_pricing_minimum_quantity":100,"tiered_pricing_roles_data":[],"tiered_pricing_percentage_rules":[],"tiered_pricing_maximum_quantity":null,"tiered_pricing_quantity_step":null,"_links":{"self":[{"href":"https:\/\/cloudsupplyvapes.com\/de\/wp-json\/wp\/v2\/product\/4317","targetHints":{"allow":["GET"]}}],"collection":[{"href":"https:\/\/cloudsupplyvapes.com\/de\/wp-json\/wp\/v2\/product"}],"about":[{"href":"https:\/\/cloudsupplyvapes.com\/de\/wp-json\/wp\/v2\/types\/product"}],"replies":[{"embeddable":true,"href":"https:\/\/cloudsupplyvapes.com\/de\/wp-json\/wp\/v2\/comments?post=4317"}],"wp:featuredmedia":[{"embeddable":true,"href":"https:\/\/cloudsupplyvapes.com\/de\/wp-json\/wp\/v2\/media\/4585"}],"wp:attachment":[{"href":"https:\/\/cloudsupplyvapes.com\/de\/wp-json\/wp\/v2\/media?parent=4317"}],"wp:term":[{"taxonomy":"product_brand","embeddable":true,"href":"https:\/\/cloudsupplyvapes.com\/de\/wp-json\/wp\/v2\/product_brand?post=4317"},{"taxonomy":"product_cat","embeddable":true,"href":"https:\/\/cloudsupplyvapes.com\/de\/wp-json\/wp\/v2\/product_cat?post=4317"},{"taxonomy":"product_tag","embeddable":true,"href":"https:\/\/cloudsupplyvapes.com\/de\/wp-json\/wp\/v2\/product_tag?post=4317"}],"curies":[{"name":"wp","href":"https:\/\/api.w.org\/{rel}","templated":true}]}}