{"id":4320,"date":"2024-10-19T02:36:51","date_gmt":"2024-10-19T02:36:51","guid":{"rendered":"https:\/\/cloudsupplyvapes.com\/?post_type=product&#038;p=4320"},"modified":"2024-11-26T06:32:32","modified_gmt":"2024-11-26T06:32:32","slug":"-136","status":"publish","type":"product","link":"https:\/\/cloudsupplyvapes.com\/de\/product\/kangvape-smod-onee-max-6000-puffs-disposable-vape-wholesale\/","title":{"rendered":"Kangvape Smod Onee Max 6000 Puffs Einweg Vape Gro\u00dfhandel Leichtgewicht Portable Vape Design"},"content":{"rendered":"<h2>Kangvape Smod Onee Max Einweg<\/h2>\n<ul class=\"top\">\n<li style=\"list-style-type: none;\">\n<ul class=\"top\">\n<li>Marke: Kangvape<\/li>\n<li>Einheit: Satz<\/li>\n<li>Typ: Einweg Vape<\/li>\n<li>Nettogewicht: 75(g)<\/li>\n<\/ul>\n<\/li>\n<\/ul>\n<p>Die kombinierten Versandkosten werden automatisch vom System berechnet, nachdem Sie das Versandziel in der Kaufabwicklung ausgew\u00e4hlt haben.<\/p>\n<div class=\"title\">Kangvape Smod Onee Max Einweg EINF\u00dcHRUNG<\/div>\n<p><b>Kangvape Smod Onee Max Einweg<\/b> verf\u00fcgt \u00fcber eine au\u00dfergew\u00f6hnliche k\u00fcnstliche stereoskopische Gr\u00f6\u00dfe Design, mit einem speziellen rutschfesten Bereich f\u00fcr Greifen, bequemer und ergonomisch. Die Anzeigelampe an der Unterseite kann den Status des Verdampfens intelligent identifizieren. Es ist vorgef\u00fcllt und vorgeladen, und ist bequemer, es zu werfen, wenn fertig. Eine magische Erfahrung f\u00fcr seine ultra-gro\u00dfe 19,9ml Vape-Saft-Kapazit\u00e4t mit 5% Nikotin St\u00e4rke. Jeder Einweg erm\u00f6glicht es Ihnen, den Geschmack mit etwa 6000 Z\u00fcgen zu genie\u00dfen, machen Sie sich keine Sorgen \u00fcber seine Haltbarkeit, es beherbergt eine monstr\u00f6se 2000mAh interne Batterie. Die transparente einteilige Zigarettenspitze Abdeckung ist umweltfreundlicher und ges\u00fcnder, um Ihre vaping Erfahrung zu verbessern.<\/p>\n<p class=\"second-title\">Eigenschaften<\/p>\n<p>- 19.9ml Vape Saft Kapazit\u00e4t<\/p>\n<p>- 5% Nikotinst\u00e4rke<\/p>\n<p>- 6000 Puffs pro Ger\u00e4t<\/p>\n<p>- 2000mAh interner Akku<\/p>\n<div class=\"title\">Kangvape Smod Onee Max Einweg SPEZIFIKATION<\/div>\n<p>Puffs: 6000<\/p>\n<p>Fassungsverm\u00f6gen: 19,9 ml<\/p>\n<p>Batteriekapazit\u00e4t: 2000mAh<\/p>\n<p>Salz-Nikotin: 5%<\/p>\n<p><a href=\"https:\/\/i0.wp.com\/shop.vape.hk\/wp-content\/uploads\/2023\/10\/kangvape-smod-onee-max-6000.jpg?ssl=1\" target=\"_blank\" rel=\"noopener\"><img data-recalc-dims=\"1\" loading=\"lazy\" decoding=\"async\" class=\"alignnone size-full wp-image-124204\" src=\"https:\/\/i0.wp.com\/shop.vape.hk\/wp-content\/uploads\/2023\/10\/kangvape-smod-onee-max-6000.jpg?resize=1020%2C671&#038;ssl=1\" alt=\"Kangvape Smod Onee Max 6000 Puffs Einweg Vape | Gro\u00dfhandel\" width=\"1020\" height=\"671\" title=\"\"><\/a> <a href=\"https:\/\/i0.wp.com\/shop.vape.hk\/wp-content\/uploads\/2023\/10\/kangvape-smod-onee-max-color.jpg?ssl=1\" target=\"_blank\" rel=\"noopener\"><img data-recalc-dims=\"1\" loading=\"lazy\" decoding=\"async\" class=\"alignnone size-full wp-image-124203\" src=\"https:\/\/i0.wp.com\/shop.vape.hk\/wp-content\/uploads\/2023\/10\/kangvape-smod-onee-max-color.jpg?resize=1020%2C1012&#038;ssl=1\" alt=\"Kangvape Smod Onee Max 6000 Puffs Einweg Vape | Gro\u00dfhandel\" width=\"1020\" height=\"1012\" title=\"\"><\/a> <a href=\"https:\/\/i0.wp.com\/shop.vape.hk\/wp-content\/uploads\/2023\/10\/Screenshot2022-02-07124608-1100x1100h_2048x2048.png?ssl=1\" target=\"_blank\" rel=\"noopener\"><img data-recalc-dims=\"1\" loading=\"lazy\" decoding=\"async\" class=\"alignnone size-full wp-image-124202\" src=\"https:\/\/i0.wp.com\/shop.vape.hk\/wp-content\/uploads\/2023\/10\/Screenshot2022-02-07124608-1100x1100h_2048x2048.png?resize=1020%2C1020&#038;ssl=1\" alt=\"\" width=\"1020\" height=\"1020\" title=\"\"><\/a><\/p>","protected":false},"excerpt":{"rendered":"<p>Der Kangvape Smod Onee Max 6000 Puffs Disposable Vape Wholesale bietet ein leichtes, tragbares Design und eine sanfte Dampfabgabe, ideal f\u00fcr problemlose Vaping-Sessions.<\/p>","protected":false},"featured_media":4626,"comment_status":"open","ping_status":"closed","template":"","meta":[],"product_brand":[],"product_cat":[22],"product_tag":[],"class_list":{"0":"post-4320","1":"product","2":"type-product","3":"status-publish","4":"has-post-thumbnail","6":"product_cat-disposable-vape-sticks","8":"first","9":"instock","10":"shipping-taxable","11":"purchasable","12":"product-type-simple"},"jetpack_sharing_enabled":true,"tiered_pricing_type":"fixed","tiered_pricing_fixed_rules":{"1000":14,"10000":13,"50000":12},"tiered_pricing_product_settings":{"layout":"default","base_unit_name":{"singular":null,"plural":null},"default_variation":null},"tiered_pricing_minimum_quantity":100,"tiered_pricing_roles_data":[],"tiered_pricing_percentage_rules":[],"tiered_pricing_maximum_quantity":null,"tiered_pricing_quantity_step":null,"_links":{"self":[{"href":"https:\/\/cloudsupplyvapes.com\/de\/wp-json\/wp\/v2\/product\/4320","targetHints":{"allow":["GET"]}}],"collection":[{"href":"https:\/\/cloudsupplyvapes.com\/de\/wp-json\/wp\/v2\/product"}],"about":[{"href":"https:\/\/cloudsupplyvapes.com\/de\/wp-json\/wp\/v2\/types\/product"}],"replies":[{"embeddable":true,"href":"https:\/\/cloudsupplyvapes.com\/de\/wp-json\/wp\/v2\/comments?post=4320"}],"wp:featuredmedia":[{"embeddable":true,"href":"https:\/\/cloudsupplyvapes.com\/de\/wp-json\/wp\/v2\/media\/4626"}],"wp:attachment":[{"href":"https:\/\/cloudsupplyvapes.com\/de\/wp-json\/wp\/v2\/media?parent=4320"}],"wp:term":[{"taxonomy":"product_brand","embeddable":true,"href":"https:\/\/cloudsupplyvapes.com\/de\/wp-json\/wp\/v2\/product_brand?post=4320"},{"taxonomy":"product_cat","embeddable":true,"href":"https:\/\/cloudsupplyvapes.com\/de\/wp-json\/wp\/v2\/product_cat?post=4320"},{"taxonomy":"product_tag","embeddable":true,"href":"https:\/\/cloudsupplyvapes.com\/de\/wp-json\/wp\/v2\/product_tag?post=4320"}],"curies":[{"name":"wp","href":"https:\/\/api.w.org\/{rel}","templated":true}]}}