{"id":4321,"date":"2024-10-19T02:36:51","date_gmt":"2024-10-19T02:36:51","guid":{"rendered":"https:\/\/cloudsupplyvapes.com\/?post_type=product&#038;p=4321"},"modified":"2024-11-26T06:32:19","modified_gmt":"2024-11-26T06:32:19","slug":"-137","status":"publish","type":"product","link":"https:\/\/cloudsupplyvapes.com\/de\/product\/ebdesign-pi9000-puffs-disposable-vape-wholesale\/","title":{"rendered":"EBDESIGN Pi9000 Puffs Einweg Vape Gro\u00dfhandel hohe Kapazit\u00e4t Einstellbare Airflow Design"},"content":{"rendered":"<h2>EBDESIGN Pi9000 Einweg-Vape<\/h2>\n<ul class=\"top\">\n<li style=\"list-style-type: none;\">\n<ul class=\"top\">\n<li>Marke:\u00a0<b>EBDESIGN<\/b><\/li>\n<li>Einheit: Satz<\/li>\n<li>Art:\u00a0<b>Einweg-Vape<\/b><\/li>\n<li>Nettogewicht: 90(g)<\/li>\n<\/ul>\n<\/li>\n<\/ul>\n<p>Die kombinierten Versandkosten werden automatisch vom System berechnet, nachdem Sie das Versandziel in der Kaufabwicklung ausgew\u00e4hlt haben.<\/p>\n<div class=\"title\">EBDESIGN Pi9000 Einweg Vape EINLEITUNG<\/div>\n<p><b>EBDESIGN Pi9000 Einweg-Vape<\/b> kommt mit 19ml vorgef\u00fclltem Saft, einem leistungsstarken, wiederaufladbaren 650mAh Akku und einer Mesh-Spule und kann insgesamt bis zu 9000 Z\u00fcge bieten. Der EBDESIGN Pi9000 hat die Form eines kleinen Kissens und sorgt daf\u00fcr, dass jeder Zug sanft und weich ist. Dank der 50mg Nikotin im Vape-Saft k\u00f6nnen Sie starke Nikotinst\u00f6\u00dfe genie\u00dfen. Au\u00dferdem stehen Ihnen zwei Kontrollleuchten zur Verf\u00fcgung. So k\u00f6nnen Sie sowohl die Lebensdauer der Batterie als auch den Fl\u00fcssigkeitsstand leicht \u00fcberpr\u00fcfen. EBDESIGN Pi9000 ist die beste Wahl f\u00fcr das t\u00e4gliche Dampfen.<\/p>\n<p class=\"second-title\">Eigenschaften<\/p>\n<p>- 19ml Vorgef\u00fcllter Vape-Saft<\/p>\n<p>- 5%(50mg) Nik-Salz<\/p>\n<p>- Wiederaufladbarer 650mAh-Akku<\/p>\n<p>- USB-C-Anschluss<\/p>\n<p>- Ungef\u00e4hr 9000 Puffs<\/p>\n<p>- Maschenspule<\/p>\n<p>- Zeichnen-aktiviert<\/p>\n<p>- Fl\u00fcssigkeits- und Batterieanzeiger<\/p>","protected":false},"excerpt":{"rendered":"<p>EBDESIGN Pi9000 Puffs Disposable Vape Wholesale verf\u00fcgt \u00fcber eine hohe Kapazit\u00e4t, einen einstellbaren Luftstrom und eine konstante Dampfabgabe, die ein individuelles und erstklassiges Dampferlebnis erm\u00f6glicht.<\/p>","protected":false},"featured_media":4633,"comment_status":"open","ping_status":"closed","template":"","meta":[],"product_brand":[],"product_cat":[22],"product_tag":[],"class_list":{"0":"post-4321","1":"product","2":"type-product","3":"status-publish","4":"has-post-thumbnail","6":"product_cat-disposable-vape-sticks","8":"first","9":"instock","10":"shipping-taxable","11":"purchasable","12":"product-type-simple"},"jetpack_sharing_enabled":true,"tiered_pricing_type":"fixed","tiered_pricing_fixed_rules":{"1000":19,"10000":17,"50000":15},"tiered_pricing_product_settings":{"layout":"default","base_unit_name":{"singular":null,"plural":null},"default_variation":null},"tiered_pricing_minimum_quantity":103,"tiered_pricing_roles_data":[],"tiered_pricing_percentage_rules":[],"tiered_pricing_maximum_quantity":null,"tiered_pricing_quantity_step":null,"_links":{"self":[{"href":"https:\/\/cloudsupplyvapes.com\/de\/wp-json\/wp\/v2\/product\/4321","targetHints":{"allow":["GET"]}}],"collection":[{"href":"https:\/\/cloudsupplyvapes.com\/de\/wp-json\/wp\/v2\/product"}],"about":[{"href":"https:\/\/cloudsupplyvapes.com\/de\/wp-json\/wp\/v2\/types\/product"}],"replies":[{"embeddable":true,"href":"https:\/\/cloudsupplyvapes.com\/de\/wp-json\/wp\/v2\/comments?post=4321"}],"wp:featuredmedia":[{"embeddable":true,"href":"https:\/\/cloudsupplyvapes.com\/de\/wp-json\/wp\/v2\/media\/4633"}],"wp:attachment":[{"href":"https:\/\/cloudsupplyvapes.com\/de\/wp-json\/wp\/v2\/media?parent=4321"}],"wp:term":[{"taxonomy":"product_brand","embeddable":true,"href":"https:\/\/cloudsupplyvapes.com\/de\/wp-json\/wp\/v2\/product_brand?post=4321"},{"taxonomy":"product_cat","embeddable":true,"href":"https:\/\/cloudsupplyvapes.com\/de\/wp-json\/wp\/v2\/product_cat?post=4321"},{"taxonomy":"product_tag","embeddable":true,"href":"https:\/\/cloudsupplyvapes.com\/de\/wp-json\/wp\/v2\/product_tag?post=4321"}],"curies":[{"name":"wp","href":"https:\/\/api.w.org\/{rel}","templated":true}]}}