{"id":4322,"date":"2024-10-19T02:36:51","date_gmt":"2024-10-19T02:36:51","guid":{"rendered":"https:\/\/cloudsupplyvapes.com\/?post_type=product&#038;p=4322"},"modified":"2024-11-26T06:32:08","modified_gmt":"2024-11-26T06:32:08","slug":"-138","status":"publish","type":"product","link":"https:\/\/cloudsupplyvapes.com\/de\/product\/ebdesign-te6000-6000-puffs-disposable-vape-wholesale\/","title":{"rendered":"EBDESIGN TE6000 6000 Puffs Einweg Vape Gro\u00dfhandel langlebig schlanke Konstruktion"},"content":{"rendered":"<h2>EBDESIGN TE6000 Einweg-Vape<\/h2>\n<ul class=\"top\">\n<li>Marke:\u00a0<b>EBDESIGN<\/b><\/li>\n<li>Einheit: Satz<\/li>\n<li>Art:\u00a0<b>Einweg-Vape<\/b><\/li>\n<li>Nettogewicht: 70(g)<\/li>\n<\/ul>\n<p>Die kombinierten Versandkosten werden automatisch vom System berechnet, nachdem Sie das Versandziel in der Kaufabwicklung ausgew\u00e4hlt haben.<\/p>\n<div class=\"title\">EBDESIGN TE6000 Einweg-Vape EINLEITUNG<\/div>\n<p><b>EBDESIGN TE6000 Einweg-Vape<\/b> ist mit einem 550mAh Akku ausgestattet und mit 14ml Vape-Saft mit 50mg Nikotin vorgef\u00fcllt. TE6000 kann etwa 6000 Z\u00fcge liefern. EBDESIGN TE6000 hat eine Anzeige f\u00fcr den Saft- und Batteriestand. Wenn die Anzeige blinkt, m\u00fcssen Sie sie etwa 30 Minuten lang aufladen. Das transparente Kunststoffgeh\u00e4use und die farbige Oberfl\u00e4che sind ein optischer Leckerbissen. Gleichzeitig sorgen der gro\u00dfartige Geschmack und der sanfte Zug f\u00fcr ein gutes Dampferlebnis.<\/p>\n<p class=\"second-title\">Eigenschaften<\/p>\n<p>- 14ml vorgef\u00fcllter Vape-Saft<\/p>\n<p>- Wiederaufladbarer 550mAh-Akku<\/p>\n<p>- Typ-C Kabel<\/p>\n<p>- 5%(50mg) Nik-Salz<\/p>\n<p>- Ungef\u00e4hr 6000 Puffs<\/p>\n<p>- Maschenspule<\/p>\n<p>- Zeichnen-aktiviert<\/p>\n<p>- E-Liquid &amp; Batterie-Anzeige<\/p>\n<div class=\"disposables-flavor-2\">\n<div class=\"title\">Geschm\u00e4cker<\/div>\n<ul>\n<li>Trauben-Honigtau<\/li>\n<li>Pfirsich Mango Wassermelone<\/li>\n<li>Erdbeere Saftiger Pfirsich<\/li>\n<li>Cranberry Traube<\/li>\n<li>Erdbeereis<\/li>\n<li>Erdbeer-Mango<\/li>\n<li>Zimt-Orange<\/li>\n<li>Taro Yam<\/li>\n<li>Durian K\u00f6nig<\/li>\n<li>Vanillepudding<\/li>\n<li>Cola-Eis<\/li>\n<li>Banane<\/li>\n<li>Vanilleeis<\/li>\n<li>Honig-Apfel<\/li>\n<li>Popcorn Karamell<\/li>\n<li>Sakura-Traube<\/li>\n<li>Haselnuss-Toffee<\/li>\n<li>K\u00fchle Minze<\/li>\n<li>Schokoladenbraune Kekse<\/li>\n<\/ul>\n<\/div>","protected":false},"excerpt":{"rendered":"<p>Der EBDESIGN TE6000 6000 Puffs Einweg-Vape-Gro\u00dfhandel bietet eine langlebige und schlanke Konstruktion, die eine reibungslose Dampfabgabe und eine gleichbleibende Leistung bei l\u00e4ngerem Gebrauch gew\u00e4hrleistet.<\/p>","protected":false},"featured_media":4654,"comment_status":"open","ping_status":"closed","template":"","meta":[],"product_brand":[],"product_cat":[22],"product_tag":[],"class_list":{"0":"post-4322","1":"product","2":"type-product","3":"status-publish","4":"has-post-thumbnail","6":"product_cat-disposable-vape-sticks","8":"first","9":"instock","10":"shipping-taxable","11":"purchasable","12":"product-type-simple"},"jetpack_sharing_enabled":true,"tiered_pricing_type":"fixed","tiered_pricing_fixed_rules":{"1000":14,"10000":13,"50000":11},"tiered_pricing_product_settings":{"layout":"default","base_unit_name":{"singular":null,"plural":null},"default_variation":null},"tiered_pricing_minimum_quantity":100,"tiered_pricing_roles_data":[],"tiered_pricing_percentage_rules":[],"tiered_pricing_maximum_quantity":null,"tiered_pricing_quantity_step":null,"_links":{"self":[{"href":"https:\/\/cloudsupplyvapes.com\/de\/wp-json\/wp\/v2\/product\/4322","targetHints":{"allow":["GET"]}}],"collection":[{"href":"https:\/\/cloudsupplyvapes.com\/de\/wp-json\/wp\/v2\/product"}],"about":[{"href":"https:\/\/cloudsupplyvapes.com\/de\/wp-json\/wp\/v2\/types\/product"}],"replies":[{"embeddable":true,"href":"https:\/\/cloudsupplyvapes.com\/de\/wp-json\/wp\/v2\/comments?post=4322"}],"wp:featuredmedia":[{"embeddable":true,"href":"https:\/\/cloudsupplyvapes.com\/de\/wp-json\/wp\/v2\/media\/4654"}],"wp:attachment":[{"href":"https:\/\/cloudsupplyvapes.com\/de\/wp-json\/wp\/v2\/media?parent=4322"}],"wp:term":[{"taxonomy":"product_brand","embeddable":true,"href":"https:\/\/cloudsupplyvapes.com\/de\/wp-json\/wp\/v2\/product_brand?post=4322"},{"taxonomy":"product_cat","embeddable":true,"href":"https:\/\/cloudsupplyvapes.com\/de\/wp-json\/wp\/v2\/product_cat?post=4322"},{"taxonomy":"product_tag","embeddable":true,"href":"https:\/\/cloudsupplyvapes.com\/de\/wp-json\/wp\/v2\/product_tag?post=4322"}],"curies":[{"name":"wp","href":"https:\/\/api.w.org\/{rel}","templated":true}]}}