{"id":4323,"date":"2024-10-19T02:36:51","date_gmt":"2024-10-19T02:36:51","guid":{"rendered":"https:\/\/cloudsupplyvapes.com\/?post_type=product&#038;p=4323"},"modified":"2024-11-26T06:31:56","modified_gmt":"2024-11-26T06:31:56","slug":"-139","status":"publish","type":"product","link":"https:\/\/cloudsupplyvapes.com\/de\/product\/ebdesign-te5000-5000-puffs-rechargeable-disposable-vape-wholesale\/","title":{"rendered":"EBDESIGN TE5000 5000 Puffs Wiederaufladbare Einweg Vape Gro\u00dfhandel Hohe Qualit\u00e4t Langlebige Vape"},"content":{"rendered":"<h2>EBDESIGN TE5000 Einweg-Vape<\/h2>\n<ul class=\"top\">\n<li style=\"list-style-type: none;\">\n<ul class=\"top\">\n<li>Marke: EBDESIGN<\/li>\n<li>Einheit: Satz<\/li>\n<li>Typ: Einweg Vape<\/li>\n<li>Nettogewicht: 70(g)<\/li>\n<\/ul>\n<\/li>\n<\/ul>\n<p>Die kombinierten Versandkosten werden automatisch vom System berechnet, nachdem Sie das Versandziel in der Kaufabwicklung ausgew\u00e4hlt haben.<\/p>\n<div class=\"title\">EBDESIGN TE5000 Einweg EINLEITUNG<\/div>\n<p><b>EBDESIGN TE5000 Einweg-Vape<\/b>\u00a0kommt mit 13,5ml vorgef\u00fcllt e-Fl\u00fcssigkeit, die 5% (50mg) Nikotin St\u00e4rke im Inneren enth\u00e4lt. Seine Batteriekapazit\u00e4t ist 550mAh, und es ist wiederaufladbar. So k\u00f6nnen Sie bis zu 5000 Z\u00fcge zu bekommen. Au\u00dferdem ist die Spule in diesem Produkt eine Mesh-Spule, die besseren Geschmack und Dampf produzieren kann. Der TE5000 hat eine transparente, klare Au\u00dfenh\u00fclle, eine bunte Innenbeschichtung und einen metallischen Boden f\u00fcr eine herausragende Attraktivit\u00e4t. Der durch Ziehen aktivierte Feuermechanismus macht dieses Handger\u00e4t tragbar. Die 5000 Puffs ziehen und seine Nik-Salz-Design kann Ihr Nikotin Verlangen zu erf\u00fcllen.<\/p>\n<p class=\"second-title\">Eigenschaften<\/p>\n<p>- Extrem leise Funktion Design<\/p>\n<p>- 5%(50mg) Nikotin<\/p>\n<p>- 13,5ml Vape Saft Kapazit\u00e4t<\/p>\n<p>- Wiederaufladbarer integrierter 550mAh-Akku<\/p>\n<p>- Maschenspule<\/p>\n<p>- 5000 Puffs<\/p>\n<p>- Zeichnen-aktiviert<\/p>\n<p>&nbsp;<\/p>\n<p><b>Geschmack:<\/b><\/p>\n<p>Apfel Pfirsich<\/p>\n<p>Energie<\/p>\n<p>Weintrauben<\/p>\n<p>Saftiger Pfirsich<\/p>\n<p>Kiwi Passionsfrucht Guave<\/p>\n<p>Ananas Mango Orange<\/p>\n<p>Erdbeere-Banane<\/p>\n<p>Erdbeereis<\/p>\n<p>Erdbeer-Eiscreme<\/p>\n<p>Vanilleeis<\/p>\n<p>Wassermelone Eis<\/p>\n<p>Zuckerwatte<\/p>\n<p>Blaubeereis<\/p>\n<p>Blue Razz Limonade<\/p>\n<p>Blaues Razzeis<\/p>","protected":false},"excerpt":{"rendered":"<p>EBDESIGN TE5000 5000 Puffs Rechargeable Disposable Vape Wholesale kombiniert hochwertige Materialien, einen wiederaufladbaren Akku und eine konstante Dampfproduktion f\u00fcr zuverl\u00e4ssiges und lang anhaltendes Dampfen.<\/p>","protected":false},"featured_media":4667,"comment_status":"open","ping_status":"closed","template":"","meta":[],"product_brand":[],"product_cat":[22],"product_tag":[],"class_list":{"0":"post-4323","1":"product","2":"type-product","3":"status-publish","4":"has-post-thumbnail","6":"product_cat-disposable-vape-sticks","8":"first","9":"instock","10":"shipping-taxable","11":"purchasable","12":"product-type-simple"},"jetpack_sharing_enabled":true,"tiered_pricing_type":"fixed","tiered_pricing_fixed_rules":{"1000":13,"10000":12,"50000":11},"tiered_pricing_product_settings":{"layout":"default","base_unit_name":{"singular":null,"plural":null},"default_variation":null},"tiered_pricing_minimum_quantity":100,"tiered_pricing_roles_data":[],"tiered_pricing_percentage_rules":[],"tiered_pricing_maximum_quantity":null,"tiered_pricing_quantity_step":null,"_links":{"self":[{"href":"https:\/\/cloudsupplyvapes.com\/de\/wp-json\/wp\/v2\/product\/4323","targetHints":{"allow":["GET"]}}],"collection":[{"href":"https:\/\/cloudsupplyvapes.com\/de\/wp-json\/wp\/v2\/product"}],"about":[{"href":"https:\/\/cloudsupplyvapes.com\/de\/wp-json\/wp\/v2\/types\/product"}],"replies":[{"embeddable":true,"href":"https:\/\/cloudsupplyvapes.com\/de\/wp-json\/wp\/v2\/comments?post=4323"}],"wp:featuredmedia":[{"embeddable":true,"href":"https:\/\/cloudsupplyvapes.com\/de\/wp-json\/wp\/v2\/media\/4667"}],"wp:attachment":[{"href":"https:\/\/cloudsupplyvapes.com\/de\/wp-json\/wp\/v2\/media?parent=4323"}],"wp:term":[{"taxonomy":"product_brand","embeddable":true,"href":"https:\/\/cloudsupplyvapes.com\/de\/wp-json\/wp\/v2\/product_brand?post=4323"},{"taxonomy":"product_cat","embeddable":true,"href":"https:\/\/cloudsupplyvapes.com\/de\/wp-json\/wp\/v2\/product_cat?post=4323"},{"taxonomy":"product_tag","embeddable":true,"href":"https:\/\/cloudsupplyvapes.com\/de\/wp-json\/wp\/v2\/product_tag?post=4323"}],"curies":[{"name":"wp","href":"https:\/\/api.w.org\/{rel}","templated":true}]}}