{"id":4431,"date":"2024-10-19T02:37:13","date_gmt":"2024-10-19T02:37:13","guid":{"rendered":"https:\/\/cloudsupplyvapes.com\/?post_type=product&#038;p=4431"},"modified":"2024-11-26T06:31:17","modified_gmt":"2024-11-26T06:31:17","slug":"-142","status":"publish","type":"product","link":"https:\/\/cloudsupplyvapes.com\/de\/product\/ebdesign-bc5000-5000-puffs-nicotine-free-disposable-vape-wholesale\/","title":{"rendered":"EBDESIGN BC5000 5000 Puffs Nikotin frei Einweg Vape Gro\u00dfhandel Hassle-Free Smooth Vapor Experience"},"content":{"rendered":"<h2>EBDESIGN Nikotinfreies Vape BC5000<\/h2>\n<ul class=\"top\">\n<li style=\"list-style-type: none;\">\n<ul class=\"top\">\n<li>Marke: EBDESIGN<\/li>\n<li>Einheit: Satz<\/li>\n<li>Typ: Einweg Vape<\/li>\n<li>Nettogewicht: 70(g)<\/li>\n<\/ul>\n<\/li>\n<\/ul>\n<p>Die kombinierten Versandkosten werden automatisch vom System berechnet, nachdem Sie das Versandziel in der Kaufabwicklung ausgew\u00e4hlt haben.<\/p>\n<div class=\"title\">EBDESIGN Nikotinfreies Vape BC5000 EINLEITUNG<\/div>\n<p><b>EBDESIGN Nikotinfreies Vape BC5000<\/b>\u00a0ist ein neuer nikotinfreier Einwegdampfer. Im Inneren finden Sie eine 13ml vorgef\u00fcllte e-Fl\u00fcssigkeit, einen wiederaufladbaren 650mAh Akku und eine Mesh-Spule f\u00fcr etwa 5000 Z\u00fcge. Mit seiner niedlichen, zweifarbigen, quadratischen Form passt er perfekt in Ihre Tasche oder Ihren Rucksack. Dieser Vape ist nikotinfrei, das hei\u00dft, er enth\u00e4lt kein Nikotin. Stattdessen verwendet er aromatisierte Fl\u00fcssigkeit f\u00fcr Dampf, der ges\u00fcnder ist, wenn Sie versuchen, mit dem Rauchen aufzuh\u00f6ren. Er ist einfach zu benutzen - einfach ziehen und kein Verbrennen oder Auslaufen. Genie\u00dfen Sie bis zu 5000 Z\u00fcge mit dem Elf Bar Zero.<\/p>\n<p class=\"second-title\">Eigenschaften<\/p>\n<p>- 13mL Vorgef\u00fclltes E-Liquid<\/p>\n<p>- 0mg-Nikotin Frei<\/p>\n<p>- Wiederaufladbar<\/p>\n<p>- Ungef\u00e4hr 5000 Puffs<\/p>\n<p>- 650mAh wiederaufladbare Batterie<\/p>\n<p>- Einstellbarer Luftstrom<\/p>\n<p>&nbsp;<\/p>\n<p><b>Geschmack:<\/b><\/p>\n<p>Blaues Razzeis<\/p>\n<p>Erdbeere-Banane<\/p>\n<p>Erdbeer-Kiwi<\/p>\n<p>Erdbeer-Mango<\/p>\n<p>Wassermelone Eis<\/p>\n<p>Pfirsich Mango Wassermelone<\/p>","protected":false},"excerpt":{"rendered":"<p>Die EBDESIGN BC5000 5000 Puffs Nicotine Free Disposable Vape Wholesale bietet eine problemlose, glatte vaping Erfahrung mit leichten Konstruktion und konsistente Leistung.<\/p>","protected":false},"featured_media":4716,"comment_status":"open","ping_status":"closed","template":"","meta":[],"product_brand":[],"product_cat":[22],"product_tag":[],"class_list":{"0":"post-4431","1":"product","2":"type-product","3":"status-publish","4":"has-post-thumbnail","6":"product_cat-disposable-vape-sticks","8":"first","9":"instock","10":"shipping-taxable","11":"purchasable","12":"product-type-simple"},"jetpack_sharing_enabled":true,"tiered_pricing_type":"fixed","tiered_pricing_fixed_rules":{"1000":11,"10000":10,"50000":8},"tiered_pricing_product_settings":{"layout":"default","base_unit_name":{"singular":null,"plural":null},"default_variation":null},"tiered_pricing_minimum_quantity":100,"tiered_pricing_roles_data":[],"tiered_pricing_percentage_rules":[],"tiered_pricing_maximum_quantity":null,"tiered_pricing_quantity_step":null,"_links":{"self":[{"href":"https:\/\/cloudsupplyvapes.com\/de\/wp-json\/wp\/v2\/product\/4431","targetHints":{"allow":["GET"]}}],"collection":[{"href":"https:\/\/cloudsupplyvapes.com\/de\/wp-json\/wp\/v2\/product"}],"about":[{"href":"https:\/\/cloudsupplyvapes.com\/de\/wp-json\/wp\/v2\/types\/product"}],"replies":[{"embeddable":true,"href":"https:\/\/cloudsupplyvapes.com\/de\/wp-json\/wp\/v2\/comments?post=4431"}],"wp:featuredmedia":[{"embeddable":true,"href":"https:\/\/cloudsupplyvapes.com\/de\/wp-json\/wp\/v2\/media\/4716"}],"wp:attachment":[{"href":"https:\/\/cloudsupplyvapes.com\/de\/wp-json\/wp\/v2\/media?parent=4431"}],"wp:term":[{"taxonomy":"product_brand","embeddable":true,"href":"https:\/\/cloudsupplyvapes.com\/de\/wp-json\/wp\/v2\/product_brand?post=4431"},{"taxonomy":"product_cat","embeddable":true,"href":"https:\/\/cloudsupplyvapes.com\/de\/wp-json\/wp\/v2\/product_cat?post=4431"},{"taxonomy":"product_tag","embeddable":true,"href":"https:\/\/cloudsupplyvapes.com\/de\/wp-json\/wp\/v2\/product_tag?post=4431"}],"curies":[{"name":"wp","href":"https:\/\/api.w.org\/{rel}","templated":true}]}}