{"id":4432,"date":"2024-10-19T02:37:13","date_gmt":"2024-10-19T02:37:13","guid":{"rendered":"https:\/\/cloudsupplyvapes.com\/?post_type=product&#038;p=4432"},"modified":"2024-11-26T06:31:06","modified_gmt":"2024-11-26T06:31:06","slug":"-143","status":"publish","type":"product","link":"https:\/\/cloudsupplyvapes.com\/de\/product\/ebdesign-bc5000-5000-puffs-disposable-vape-wholesale\/","title":{"rendered":"EBDESIGN BC5000 5000 Puffs Einweg Vape Gro\u00dfhandel langlebig bauen hohe Kapazit\u00e4t Design"},"content":{"rendered":"<h2>EBDESIGN BC5000 Einweg-Vape<\/h2>\n<ul class=\"top\">\n<li>Marke: EBDESIGN<\/li>\n<li>Einheit: Satz<\/li>\n<li>Typ: Einweg Vape<\/li>\n<li>Nettogewicht: 53g<\/li>\n<\/ul>\n<p>Die kombinierten Versandkosten werden automatisch vom System berechnet, nachdem Sie das Versandziel in der Kaufabwicklung ausgew\u00e4hlt haben.<\/p>\n<div class=\"title\">EBDESIGN BC5000 Einweg-Vape EINLEITUNG<\/div>\n<p><b>EBDESIGN BC5000 Einweg-Vape<\/b> verf\u00fcgt \u00fcber 13ml vorgef\u00fcllt vape Saft, eine wiederaufladbare 650mAh Batterie, und kann bis zu 5000 Puffs zu befriedigen. Ausgestattet mit einer Mesh-Spule, bietet BC5000 gleichm\u00e4\u00dfig gekochten Dampf zu seinem Benutzer. Jeder Zug ist so gut wie der erste Zug. Vorgef\u00fcllter Vape-Saft hat exotische fruchtige Geschmacksrichtungen wie Wassermelone und Minze (Eis). EBDesign BC5000 kann \u00fcber einen Typ-C-Anschluss an der Unterseite wieder aufgeladen werden. Frei von Tasten, BC5000 ist Zug-aktiviert. Auch gibt es viele Geschmacksoptionen zur Verf\u00fcgung. Es wird immer eine Geschmacksrichtung gut f\u00fcr Sie sein.<\/p>\n<p class=\"second-title\">Eigenschaften<\/p>\n<p>- 650mAh Eingebauter Akku<\/p>\n<p>- Wiederaufladbar<\/p>\n<p>- Effiziente und konsistente Leistungsabgabe<\/p>\n<p>- 13ml Vorgef\u00fcllter E-Saft<\/p>\n<p>- 4% Nikotinspiegel<\/p>\n<p>- Befriedigen Sie fast 5000 Puffs<\/p>\n<p>- Ma\u00dfe: 79 mm x 41 mm x 19 mm<\/p>\n<p>- Ergonomisches Mundst\u00fcck, graduelles Muster, stromlinienf\u00f6rmiges Erscheinungsbild und seidenartige Z\u00e4higkeit<\/p>\n<div class=\"disposables-flavor-3\">\n<div class=\"title\">Geschm\u00e4cker<\/div>\n<ul>\n<li>Strandtag<\/li>\n<li>Schwarzes Eis<\/li>\n<li>Schwarzer Winter<\/li>\n<li>Blaue Minze<\/li>\n<li>Blaues Razzeis<\/li>\n<li>Blue Razz Lemon<\/li>\n<li>Heidelbeere Energize<\/li>\n<li>Klar<\/li>\n<li>Cranberry Traube<\/li>\n<li>Preiselbeer-Punsch<\/li>\n<li>Verr\u00fcckte Beere<\/li>\n<li>Kuba Zigarre<\/li>\n<li>Energie<\/li>\n<li>Fuji-Eis<\/li>\n<li>Trauben-Energie<\/li>\n<li>Gr\u00fcner Apfel<\/li>\n<li>Guave-Eis<\/li>\n<li>Gumi<\/li>\n<li>Honigmelone Ananas Orange<\/li>\n<li>Kiwi Passionsfrucht Guave<\/li>\n<li>Zitronenminze<\/li>\n<li>Malaiische Mango<\/li>\n<li>Malibu<\/li>\n<li>Malibu-Minze<\/li>\n<li>Mandarine-Limette<\/li>\n<li>Mango Pfirsich Aprikose<\/li>\n<li>Mango Pfirsich Aprikose<\/li>\n<li>Minztabak<\/li>\n<li>Gemischt-fruchtig<\/li>\n<li>Passionsfrucht Orange Guave<\/li>\n<li>Pfirsich Beere<\/li>\n<li>Pfirsich-Eis<\/li>\n<li>Pfirsich Mango Wassermelone<\/li>\n<li>Ananas-Kokosnuss-Eis<\/li>\n<li>Ananas Strawnana<\/li>\n<li>Regenbogen-Bonbon<\/li>\n<li>Regenbogen Cloudz<\/li>\n<li>Roter Mojito<\/li>\n<li>Sakura-Traube<\/li>\n<li>Saurer Apfel<\/li>\n<li>Saures Bonbon<\/li>\n<li>Erdbeere-Banane<\/li>\n<li>Erdbeer-Creme<\/li>\n<li>Erdbeereis<\/li>\n<li>Erdbeer-Kiwi<\/li>\n<li>Erdbeer-Mango<\/li>\n<li>Erdbeer-Pina Colada<\/li>\n<li>Erdbeere Wassermelone<\/li>\n<li>Strazz<\/li>\n<li>Sommer-Pfirsich-Eis<\/li>\n<li>Sommerzeit<\/li>\n<li>Sonnenuntergang<\/li>\n<li>S\u00fc\u00dfes Menthol<\/li>\n<li>Dreifach-Beereneis<\/li>\n<li>Tropische Regenbogenexplosion<\/li>\n<li>Wassermelone Brzz-Eis<\/li>\n<li>Wassermelone Bubblegum<\/li>\n<li>Wassermelone Cantaloupe Honigtau<\/li>\n<li>Wassermelone Eis<\/li>\n<li>Wassermelone Nana Ice<\/li>\n<li>Wassermelone Jolly Ice<\/li>\n<\/ul>\n<p><a href=\"https:\/\/i0.wp.com\/shop.vape.hk\/wp-content\/uploads\/2023\/10\/EBdesign_BC5000_cheap.jpg?ssl=1\" target=\"_blank\" rel=\"noopener\"><img data-recalc-dims=\"1\" loading=\"lazy\" decoding=\"async\" class=\"alignnone size-full wp-image-124313\" src=\"https:\/\/i0.wp.com\/shop.vape.hk\/wp-content\/uploads\/2023\/10\/EBdesign_BC5000_cheap.jpg?resize=1020%2C885&#038;ssl=1\" alt=\"EBDESIGN BC5000 5000 Puffs Nikotin frei Einweg Vape | Gro\u00dfhandel\" width=\"1020\" height=\"885\" title=\"\"><\/a><\/p>\n<\/div>\n<div class=\"title\"><\/div>","protected":false},"excerpt":{"rendered":"<p>EBDESIGN BC5000 5000 Puffs Disposable Vape Wholesale kombiniert eine robuste Bauweise mit einer hohen Kapazit\u00e4t und bietet eine konsistente Dampfabgabe f\u00fcr zuverl\u00e4ssige und lang anhaltende Vaping-Sessions.<\/p>","protected":false},"featured_media":4731,"comment_status":"open","ping_status":"closed","template":"","meta":[],"product_brand":[],"product_cat":[22],"product_tag":[],"class_list":{"0":"post-4432","1":"product","2":"type-product","3":"status-publish","4":"has-post-thumbnail","6":"product_cat-disposable-vape-sticks","8":"first","9":"instock","10":"shipping-taxable","11":"purchasable","12":"product-type-simple"},"jetpack_sharing_enabled":true,"tiered_pricing_type":"fixed","tiered_pricing_fixed_rules":{"1000":11,"10000":10,"50000":8},"tiered_pricing_product_settings":{"layout":"default","base_unit_name":{"singular":null,"plural":null},"default_variation":null},"tiered_pricing_minimum_quantity":100,"tiered_pricing_roles_data":[],"tiered_pricing_percentage_rules":[],"tiered_pricing_maximum_quantity":null,"tiered_pricing_quantity_step":null,"_links":{"self":[{"href":"https:\/\/cloudsupplyvapes.com\/de\/wp-json\/wp\/v2\/product\/4432","targetHints":{"allow":["GET"]}}],"collection":[{"href":"https:\/\/cloudsupplyvapes.com\/de\/wp-json\/wp\/v2\/product"}],"about":[{"href":"https:\/\/cloudsupplyvapes.com\/de\/wp-json\/wp\/v2\/types\/product"}],"replies":[{"embeddable":true,"href":"https:\/\/cloudsupplyvapes.com\/de\/wp-json\/wp\/v2\/comments?post=4432"}],"wp:featuredmedia":[{"embeddable":true,"href":"https:\/\/cloudsupplyvapes.com\/de\/wp-json\/wp\/v2\/media\/4731"}],"wp:attachment":[{"href":"https:\/\/cloudsupplyvapes.com\/de\/wp-json\/wp\/v2\/media?parent=4432"}],"wp:term":[{"taxonomy":"product_brand","embeddable":true,"href":"https:\/\/cloudsupplyvapes.com\/de\/wp-json\/wp\/v2\/product_brand?post=4432"},{"taxonomy":"product_cat","embeddable":true,"href":"https:\/\/cloudsupplyvapes.com\/de\/wp-json\/wp\/v2\/product_cat?post=4432"},{"taxonomy":"product_tag","embeddable":true,"href":"https:\/\/cloudsupplyvapes.com\/de\/wp-json\/wp\/v2\/product_tag?post=4432"}],"curies":[{"name":"wp","href":"https:\/\/api.w.org\/{rel}","templated":true}]}}