{"id":4433,"date":"2024-10-19T02:37:13","date_gmt":"2024-10-19T02:37:13","guid":{"rendered":"https:\/\/cloudsupplyvapes.com\/?post_type=product&#038;p=4433"},"modified":"2024-11-26T06:30:52","modified_gmt":"2024-11-26T06:30:52","slug":"-144","status":"publish","type":"product","link":"https:\/\/cloudsupplyvapes.com\/de\/product\/r-and-m-tornado-box-10000-puffs-disposable-vape-wholesale\/","title":{"rendered":"R und M Tornado Box 10000 Puffs Einweg Vape Gro\u00dfhandel Leak-Proof Einstellbare Airflow Design"},"content":{"rendered":"<h2>R und M Tornado Box Einweg Vape<\/h2>\n<ul class=\"top\">\n<li>Marke:\u00a0<b>R und M<\/b><\/li>\n<li>Einheit: Satz<\/li>\n<li>Art:\u00a0<b>Einweg-Vape<\/b><\/li>\n<li>Nettogewicht: 70(g)<\/li>\n<\/ul>\n<p>Die kombinierten Versandkosten werden automatisch vom System berechnet, nachdem Sie das Versandziel in der Kaufabwicklung ausgew\u00e4hlt haben.<\/p>\n<div class=\"title\">R und M Tornado Box Disposable Vape EINLEITUNG<\/div>\n<p><b>R und M Tornado Box Einweg Vape<\/b>\u00a0ist ein idealer Go-to-Ger\u00e4t, das konstant aromatischen Dampf \u00fcber seine Mesh-Spule liefert, die 20ml vorgef\u00fcllt e-Fl\u00fcssigkeit, und seine 850mAh Akku befriedigt die pingelig Vapers f\u00fcr bis zu 10000 Puffs. Ausgestattet mit einer Mesh-Spule, garantiert er au\u00dfergew\u00f6hnlichen Geschmack und Dampfproduktion, die Ihr Dampferlebnis erh\u00f6ht. Die klare H\u00fclse ist gut f\u00fcr die \u00dcberpr\u00fcfung des Status der Spule und e-Fl\u00fcssigkeit. Das \u00c4u\u00dfere dieses Ger\u00e4ts hat eine Kastenform und eine gebogene Kante. Arbeiten in Verbindung mit einstellbaren Luftstrom, erm\u00f6glicht es Ihnen, befriedigende Geschmack zu erhalten.<\/p>\n<p>&nbsp;<\/p>\n<p><b>Da diese Einweg-Vape nimmt \u00d6lkern Trennung Technologie, folgen Sie bitte die Verpackung Anweisungen vor dem Gebrauch.<\/b><\/p>\n<p>Anleitung zum Betrieb:<\/p>\n<p><span style=\"color: #ce0000;\">Schritt 1: Ziehen Sie den Silikonstopfen heraus.<\/span><\/p>\n<p><span style=\"color: #ce0000;\">Schritt 2: Abrei\u00dfen des Aufklebers<\/span><\/p>\n<p><span style=\"color: #ce0000;\">Schritt 3: Lassen Sie es\u00a0<b>3 Minuten stehen lassen<\/b>\u00a0nachdem Sie den Aufkleber abgezogen haben, k\u00f6nnen Sie ihn verwenden<\/span><\/p>\n<p>&nbsp;<\/p>\n<p class=\"second-title\">Eigenschaften<\/p>\n<p>- 20ml vorgef\u00fcllter Vape-Saft<\/p>\n<p>- Wiederaufladbarer interner 850mAh-Akku<\/p>\n<p>- Typ-C Kabel<\/p>\n<p>- 5%(50mg) Nik-Salz<\/p>\n<p>- Ungef\u00e4hr 10000 Puffs<\/p>\n<p>- Maschenspule<\/p>\n<p>- Zeichnen-aktiviert<\/p>\n<p>- Luftstrom einstellbar<\/p>\n<p><a href=\"https:\/\/i0.wp.com\/shop.vape.hk\/wp-content\/uploads\/2023\/10\/R_and_M_Tornado_Box_10000.jpg?ssl=1\" target=\"_blank\" rel=\"noopener\"><img data-recalc-dims=\"1\" loading=\"lazy\" decoding=\"async\" class=\"alignnone size-full wp-image-124346\" src=\"https:\/\/i0.wp.com\/shop.vape.hk\/wp-content\/uploads\/2023\/10\/R_and_M_Tornado_Box_10000.jpg?resize=1020%2C1320&#038;ssl=1\" alt=\"R und M Tornado Box 10000 Puffs Einweg Vape | Gro\u00dfhandel\" width=\"1020\" height=\"1320\" title=\"\"><\/a><\/p>","protected":false},"excerpt":{"rendered":"<p>Die R and M Tornado Box 10000 Puffs Disposable Vape Wholesale verf\u00fcgt \u00fcber einen einstellbaren Luftstrom, ein auslaufsicheres Design und eine gleichm\u00e4\u00dfige Dampfabgabe f\u00fcr ausgedehnte und anpassbare Verdampfungssessions.<\/p>","protected":false},"featured_media":4747,"comment_status":"open","ping_status":"closed","template":"","meta":[],"product_brand":[],"product_cat":[22],"product_tag":[],"class_list":{"0":"post-4433","1":"product","2":"type-product","3":"status-publish","4":"has-post-thumbnail","6":"product_cat-disposable-vape-sticks","8":"first","9":"instock","10":"shipping-taxable","11":"purchasable","12":"product-type-simple"},"jetpack_sharing_enabled":true,"tiered_pricing_type":"fixed","tiered_pricing_fixed_rules":{"1000":14,"10000":13,"50000":11},"tiered_pricing_product_settings":{"layout":"default","base_unit_name":{"singular":null,"plural":null},"default_variation":null},"tiered_pricing_minimum_quantity":100,"tiered_pricing_roles_data":[],"tiered_pricing_percentage_rules":[],"tiered_pricing_maximum_quantity":null,"tiered_pricing_quantity_step":null,"_links":{"self":[{"href":"https:\/\/cloudsupplyvapes.com\/de\/wp-json\/wp\/v2\/product\/4433","targetHints":{"allow":["GET"]}}],"collection":[{"href":"https:\/\/cloudsupplyvapes.com\/de\/wp-json\/wp\/v2\/product"}],"about":[{"href":"https:\/\/cloudsupplyvapes.com\/de\/wp-json\/wp\/v2\/types\/product"}],"replies":[{"embeddable":true,"href":"https:\/\/cloudsupplyvapes.com\/de\/wp-json\/wp\/v2\/comments?post=4433"}],"wp:featuredmedia":[{"embeddable":true,"href":"https:\/\/cloudsupplyvapes.com\/de\/wp-json\/wp\/v2\/media\/4747"}],"wp:attachment":[{"href":"https:\/\/cloudsupplyvapes.com\/de\/wp-json\/wp\/v2\/media?parent=4433"}],"wp:term":[{"taxonomy":"product_brand","embeddable":true,"href":"https:\/\/cloudsupplyvapes.com\/de\/wp-json\/wp\/v2\/product_brand?post=4433"},{"taxonomy":"product_cat","embeddable":true,"href":"https:\/\/cloudsupplyvapes.com\/de\/wp-json\/wp\/v2\/product_cat?post=4433"},{"taxonomy":"product_tag","embeddable":true,"href":"https:\/\/cloudsupplyvapes.com\/de\/wp-json\/wp\/v2\/product_tag?post=4433"}],"curies":[{"name":"wp","href":"https:\/\/api.w.org\/{rel}","templated":true}]}}