{"id":4434,"date":"2024-10-19T02:37:13","date_gmt":"2024-10-19T02:37:13","guid":{"rendered":"https:\/\/cloudsupplyvapes.com\/?post_type=product&#038;p=4434"},"modified":"2024-11-26T06:29:03","modified_gmt":"2024-11-26T06:29:03","slug":"-145","status":"publish","type":"product","link":"https:\/\/cloudsupplyvapes.com\/de\/product\/r-and-m-digital-box-12000-puffs-disposable-vape-wholesale\/","title":{"rendered":"R und M Digital Box 12000 Puffs Einweg Vape Gro\u00dfhandel hohe Kapazit\u00e4t stilvollen Look"},"content":{"rendered":"<h2>R und M Digital Box<\/h2>\n<ul class=\"top\">\n<li style=\"list-style-type: none;\">\n<ul class=\"top\">\n<li>Marke:\u00a0<a href=\"https:\/\/vapesourcing.com\/r-and-m.html\" target=\"_blank\" rel=\"noopener\"><b>R <\/b><\/a><b>a<\/b><b>und M<\/b><\/li>\n<li>Einheit: Satz<\/li>\n<li>Art:\u00a0<b>Einweg-Vape<\/b><\/li>\n<li>Nettogewicht: 70(g)<\/li>\n<\/ul>\n<\/li>\n<\/ul>\n<p>Die kombinierten Versandkosten werden automatisch vom System berechnet, nachdem Sie das Versandziel in der Kaufabwicklung ausgew\u00e4hlt haben.<\/p>\n<div class=\"title\">R und M Digital Box 12000 Einweg Vape EINLEITUNG<\/div>\n<p><b>R und M Digital Box 12000 Einweg Vape<\/b>\u00a0H\u00e4user 20ml vorgef\u00fcllt e-Fl\u00fcssigkeit mit 5% (50mg) Nikotin St\u00e4rke zu erwarten, bis zu 12000 Z\u00fcge. Mit verlockenden Geschmacksprofilen, kommt es mit einem integrierten Mesh-Spule f\u00fcr Geschmackslieferung. Angetrieben von einem wiederaufladbaren 850mAh-Akku, die Batterie &amp; e-Fl\u00fcssigkeit Anzeige sind vorteilhaft f\u00fcr die \u00dcberwachung. Mit einem stilvollen Kolben Formfaktor, ist Fumot 12000 mit Nik-Salz e-Fl\u00fcssigkeit, eine faszinierende Kombination von Geschmack und Dampf f\u00fcr etwa 12000 Z\u00fcge infundiert.<\/p>\n<p class=\"second-title\">Eigenschaften<\/p>\n<p>- 20ml vorgef\u00fclltes E-Liquid<\/p>\n<p>- 5%(50mg) Nikotinst\u00e4rke<\/p>\n<p>- Wiederaufladbarer 850mAh-Akku<\/p>\n<p>- USB Typ-C (nicht enthalten)<\/p>\n<p>- Ungef\u00e4hr 12000 Puffs<\/p>\n<p>- Maschenspule<\/p>\n<p>- Zeichnen-aktiviert<\/p>\n<p>- MTL-Vaping<\/p>\n<p>- Batterie &amp; E-Liquid Anzeige<\/p>\n<p>&nbsp;<\/p>","protected":false},"excerpt":{"rendered":"<p>Die R and M Digital Box 12000 Puffs Disposable Vape Wholesale kombiniert eine hohe Kapazit\u00e4t, ein elegantes Aussehen und eine sanfte Dampfabgabe f\u00fcr ausgedehnte und erstklassige Verdampfungssessions.<\/p>","protected":false},"featured_media":4762,"comment_status":"open","ping_status":"closed","template":"","meta":[],"product_brand":[],"product_cat":[22],"product_tag":[],"class_list":{"0":"post-4434","1":"product","2":"type-product","3":"status-publish","4":"has-post-thumbnail","6":"product_cat-disposable-vape-sticks","8":"first","9":"instock","10":"shipping-taxable","11":"purchasable","12":"product-type-simple"},"jetpack_sharing_enabled":true,"tiered_pricing_type":"fixed","tiered_pricing_fixed_rules":{"1000":15,"10000":14,"50000":12},"tiered_pricing_product_settings":{"layout":"default","base_unit_name":{"singular":null,"plural":null},"default_variation":null},"tiered_pricing_minimum_quantity":100,"tiered_pricing_roles_data":[],"tiered_pricing_percentage_rules":[],"tiered_pricing_maximum_quantity":null,"tiered_pricing_quantity_step":null,"_links":{"self":[{"href":"https:\/\/cloudsupplyvapes.com\/de\/wp-json\/wp\/v2\/product\/4434","targetHints":{"allow":["GET"]}}],"collection":[{"href":"https:\/\/cloudsupplyvapes.com\/de\/wp-json\/wp\/v2\/product"}],"about":[{"href":"https:\/\/cloudsupplyvapes.com\/de\/wp-json\/wp\/v2\/types\/product"}],"replies":[{"embeddable":true,"href":"https:\/\/cloudsupplyvapes.com\/de\/wp-json\/wp\/v2\/comments?post=4434"}],"wp:featuredmedia":[{"embeddable":true,"href":"https:\/\/cloudsupplyvapes.com\/de\/wp-json\/wp\/v2\/media\/4762"}],"wp:attachment":[{"href":"https:\/\/cloudsupplyvapes.com\/de\/wp-json\/wp\/v2\/media?parent=4434"}],"wp:term":[{"taxonomy":"product_brand","embeddable":true,"href":"https:\/\/cloudsupplyvapes.com\/de\/wp-json\/wp\/v2\/product_brand?post=4434"},{"taxonomy":"product_cat","embeddable":true,"href":"https:\/\/cloudsupplyvapes.com\/de\/wp-json\/wp\/v2\/product_cat?post=4434"},{"taxonomy":"product_tag","embeddable":true,"href":"https:\/\/cloudsupplyvapes.com\/de\/wp-json\/wp\/v2\/product_tag?post=4434"}],"curies":[{"name":"wp","href":"https:\/\/api.w.org\/{rel}","templated":true}]}}