{"id":4436,"date":"2024-10-19T02:37:13","date_gmt":"2024-10-19T02:37:13","guid":{"rendered":"https:\/\/cloudsupplyvapes.com\/?post_type=product&#038;p=4436"},"modified":"2024-10-19T02:38:50","modified_gmt":"2024-10-19T02:38:50","slug":"-147","status":"publish","type":"product","link":"https:\/\/cloudsupplyvapes.com\/de\/product\/randm-supbliss-bingo-8000-puffs-disposable-vape-wholesale\/","title":{"rendered":"RandM Supbliss Bingo 8000 Puffs Einweg Vape | Gro\u00dfhandel"},"content":{"rendered":"<h2>R und M Supbliss Bingo Einweg-Vape<\/h2>\n<ul class=\"top\">\n<li>Marke: R und M<\/li>\n<li>Einheit: Satz<\/li>\n<li>Typ: Einweg Vape<\/li>\n<li>Nettogewicht: 70(g)<\/li>\n<\/ul>\n<p>Die kombinierten Versandkosten werden automatisch vom System berechnet, nachdem Sie das Versandziel in der Kaufabwicklung ausgew\u00e4hlt haben.<\/p>\n<div class=\"title\">R und M Supbliss Bingo Einweg-Vape EINLEITUNG<\/div>\n<p><b>R und M Supbliss Bingo Einweg-Vape<\/b>\u00a0vervollst\u00e4ndigt eine 16ml vorgef\u00fcllte e-Fl\u00fcssigkeit f\u00fcr exzellenten Geschmack, jagt einen glatteren Hit \u00fcber 5% (50mg) Nikotinst\u00e4rke, jede Einweg befriedigt so viele wie 8000 Z\u00fcge. Die beeindruckende Reihe von k\u00f6stlichen Geschmack ist auf den Punkt und erf\u00fcllen Sie Ihre Erwartungen Nikotin. Supbliss Bingo verf\u00fcgt \u00fcber eine Gummilackierung, bietet dieses Ger\u00e4t eine attraktive Tasse Form, die so kompakt ist, dass Pop in der Tasche auf dem Sprung.<\/p>\n<p class=\"second-title\">Eigenschaften<\/p>\n<p>- 16ml vorgef\u00fcllter Vape-Saft<\/p>\n<p>- Wiederaufladbare 600mAh Batterie<\/p>\n<p>- Typ-C Kabel<\/p>\n<p>- 5%(50mg) Nik-Salz<\/p>\n<p>- Ungef\u00e4hr 8000 Puffs<\/p>\n<p>- Maschenspule<\/p>\n<p>- Zeichnen-aktiviert<\/p>\n<div class=\"disposables-flavor-2\">\n<div class=\"title\">Geschm\u00e4cker<\/div>\n<ul>\n<li>Energy-Drink<\/li>\n<li>Erdbeer-Kiwi<\/li>\n<li>Erdbeere Wassermelone<\/li>\n<li>Erdbeer-Eiscreme<\/li>\n<li>Honigmelone<\/li>\n<li>Mix Obst<\/li>\n<li>Erdbeer-Mango<\/li>\n<li>Rosa Zitrone<\/li>\n<li>Sakura-Traube<\/li>\n<li>Erdbeere-Banane<\/li>\n<li>Pfirsich-Mango<\/li>\n<li>Lychee Cola<\/li>\n<li>Ladykiller<\/li>\n<li>Liebe66<\/li>\n<li>Kirsche-Pfirsich-Limonade<\/li>\n<li>Blaue Razzia-Kirsche<\/li>\n<li>Kirsche Eis<\/li>\n<li>Wassermelone<\/li>\n<li>Blaubeere<\/li>\n<li>Gummib\u00e4rchen<\/li>\n<\/ul>\n<p><a href=\"https:\/\/i0.wp.com\/shop.vape.hk\/wp-content\/uploads\/2023\/10\/R-and-M-Supbliss-Bingo-Disposable-Vape-Kit1.jpg?ssl=1\" target=\"_blank\" rel=\"noopener\"><img data-recalc-dims=\"1\" loading=\"lazy\" decoding=\"async\" class=\"alignnone size-full wp-image-124377\" src=\"https:\/\/i0.wp.com\/shop.vape.hk\/wp-content\/uploads\/2023\/10\/R-and-M-Supbliss-Bingo-Disposable-Vape-Kit1.jpg?resize=831%2C1920&#038;ssl=1\" alt=\"RandM Supbliss Bingo 8000 Puffs Einweg Vape | Gro\u00dfhandel\" width=\"831\" height=\"1920\" title=\"\"><\/a><\/p>\n<\/div>","protected":false},"excerpt":{"rendered":"<p>R and M Supbliss Bingo Disposable Vape Brand:\u00a0R and M Unit: set Type:\u00a0Disposable Vape Net Weight: 70(g) The combined shipping cost will be calculated automatically by the system after you choose the shipping destination in the checkout step. R and M Supbliss Bingo Disposable Vape INTRODUCTION R and M Supbliss Bingo Disposable Vape\u00a0completes a 16ml [&#8230;]\n","protected":false},"featured_media":4787,"comment_status":"open","ping_status":"closed","template":"","meta":[],"product_brand":[],"product_cat":[22],"product_tag":[],"class_list":{"0":"post-4436","1":"product","2":"type-product","3":"status-publish","4":"has-post-thumbnail","6":"product_cat-disposable-vape-sticks","8":"first","9":"instock","10":"shipping-taxable","11":"product-type-simple"},"jetpack_sharing_enabled":true,"tiered_pricing_type":"fixed","tiered_pricing_fixed_rules":[],"tiered_pricing_product_settings":{"layout":"default","base_unit_name":{"singular":null,"plural":null},"default_variation":null},"tiered_pricing_minimum_quantity":100,"tiered_pricing_roles_data":[],"tiered_pricing_percentage_rules":[],"tiered_pricing_maximum_quantity":null,"tiered_pricing_quantity_step":null,"_links":{"self":[{"href":"https:\/\/cloudsupplyvapes.com\/de\/wp-json\/wp\/v2\/product\/4436","targetHints":{"allow":["GET"]}}],"collection":[{"href":"https:\/\/cloudsupplyvapes.com\/de\/wp-json\/wp\/v2\/product"}],"about":[{"href":"https:\/\/cloudsupplyvapes.com\/de\/wp-json\/wp\/v2\/types\/product"}],"replies":[{"embeddable":true,"href":"https:\/\/cloudsupplyvapes.com\/de\/wp-json\/wp\/v2\/comments?post=4436"}],"wp:featuredmedia":[{"embeddable":true,"href":"https:\/\/cloudsupplyvapes.com\/de\/wp-json\/wp\/v2\/media\/4787"}],"wp:attachment":[{"href":"https:\/\/cloudsupplyvapes.com\/de\/wp-json\/wp\/v2\/media?parent=4436"}],"wp:term":[{"taxonomy":"product_brand","embeddable":true,"href":"https:\/\/cloudsupplyvapes.com\/de\/wp-json\/wp\/v2\/product_brand?post=4436"},{"taxonomy":"product_cat","embeddable":true,"href":"https:\/\/cloudsupplyvapes.com\/de\/wp-json\/wp\/v2\/product_cat?post=4436"},{"taxonomy":"product_tag","embeddable":true,"href":"https:\/\/cloudsupplyvapes.com\/de\/wp-json\/wp\/v2\/product_tag?post=4436"}],"curies":[{"name":"wp","href":"https:\/\/api.w.org\/{rel}","templated":true}]}}