{"id":4516,"date":"2024-10-19T02:37:35","date_gmt":"2024-10-19T02:37:35","guid":{"rendered":"https:\/\/cloudsupplyvapes.com\/?post_type=product&#038;p=4516"},"modified":"2024-11-26T06:27:26","modified_gmt":"2024-11-26T06:27:26","slug":"-148","status":"publish","type":"product","link":"https:\/\/cloudsupplyvapes.com\/de\/product\/randm-tornado-7800-puffs-disposable-vape-wholesale\/","title":{"rendered":"RandM Tornado 7800 Puffs Einweg Vape Gro\u00dfhandel hohe Kapazit\u00e4t auslaufsicheres Design"},"content":{"rendered":"<h2>R und M Tornado 7800 Einwegartikel<\/h2>\n<ul class=\"top\">\n<li style=\"list-style-type: none;\">\n<ul class=\"top\">\n<li>Marke: R und M<\/li>\n<li>Einheit: Satz<\/li>\n<li>Typ: Einweg Vape<\/li>\n<li>Nettogewicht: 70(g)<\/li>\n<\/ul>\n<\/li>\n<\/ul>\n<p>Die kombinierten Versandkosten werden automatisch vom System berechnet, nachdem Sie das Versandziel in der Kaufabwicklung ausgew\u00e4hlt haben.<\/p>\n<div class=\"title\">R und M Tornado 7800 Einwegartikel EINLEITUNG<\/div>\n<p>Einf\u00fchrung in die\u00a0<b>R und M Tornado 7800<\/b>, ist das perfekte Ger\u00e4t f\u00fcr MTL-Dampf-Enthusiasten. Dieses schlanke und tragbare Ger\u00e4t verf\u00fcgt \u00fcber einen wiederaufladbaren 850mAh-Akku mit einem Typ-C-Anschluss zum einfachen Aufladen. Der Tornado 7800 ist bereits mit 15ml Saft gef\u00fcllt, der mit 5% (50mg) Niksalz f\u00fcr einen sanften und befriedigenden Zug angereichert ist. Die Mesh-Spule sorgt f\u00fcr optimalen Geschmack und Dampfproduktion, w\u00e4hrend das Zugsystem eine bequeme und m\u00fchelose Nutzung erm\u00f6glicht. Mit ca. 7800 Z\u00fcgen pro Ger\u00e4t ist der Tornado 7800 auf Langlebigkeit ausgelegt, was ihn zu einer kosteneffizienten und bequemen Wahl f\u00fcr alle Ihre Verdampfungsbed\u00fcrfnisse macht. Au\u00dferdem k\u00f6nnen Sie Ihr Dampferlebnis mit 6 RGB-Lichtfarben ganz nach Ihrer Stimmung oder Ihrem Stil gestalten. Erleben Sie das ultimative MTL-Dampferlebnis mit dem R and M Tornado 7800.<\/p>\n<p>&nbsp;<\/p>\n<p><b>Da diese Einweg-Vape nimmt \u00d6lkern Trennung Technologie, folgen Sie bitte die Verpackung Anweisungen vor dem Gebrauch.<\/b><\/p>\n<p>Anleitung zum Betrieb:<\/p>\n<p><span style=\"color: #ce0000;\">Schritt 1: Dr\u00fccken Sie die Mundspitze<\/span><\/p>\n<p><span style=\"color: #ce0000;\">Schritt 2: Abrei\u00dfen des Aufklebers<\/span><\/p>\n<p><span style=\"color: #ce0000;\">Schritt 3: Lassen Sie es\u00a0<b>f\u00fcr 3 Minuten stehen<\/b>\u00a0nachdem Sie den Aufkleber abgezogen haben, k\u00f6nnen Sie ihn verwenden<\/span><\/p>\n<p>&nbsp;<\/p>\n<p class=\"second-title\">Eigenschaften<\/p>\n<p>- 15ml vorgef\u00fcllter Vape-Saft<\/p>\n<p>- 5%(50mg) Nik-Salz<\/p>\n<p>- Wiederaufladbarer 850mAh-Akku<\/p>\n<p>- Typ-C-Anschluss<\/p>\n<p>- Ungef\u00e4hr 7800 Puffs<\/p>\n<p>- Maschenspule<\/p>\n<p>- Zeichnen-aktiviert<\/p>\n<p>- MTL-Vaping<\/p>\n<p>- 6 Farben RGB-Licht<\/p>\n<div class=\"title\">R und M Tornado 7800 Einweg SPEZIFIKATION<\/div>\n<p>Puffs: 7800<\/p>\n<p>Akku: Wiederaufladbar 850mAh<\/p>\n<p>Aufladen: Typ-C<\/p>\n<p>E-Fl\u00fcssigkeit Kapazit\u00e4t: 15ml<\/p>\n<p>Nikotinst\u00e4rke: 5%(50mg)<\/p>\n<p>Nikotin-Typ: Nik-Salz<\/p>\n<p>Heizelement: Mesh-Spule<\/p>\n<p>Durch Ziehen aktivierter Ausl\u00f6semechanismus<\/p>","protected":false},"excerpt":{"rendered":"<p>RandM Tornado 7800 Puffs Disposable Vape Wholesale kombiniert hohe Kapazit\u00e4t, auslaufsichere Konstruktion und konsistente Dampfabgabe f\u00fcr lange und zuverl\u00e4ssige Vaping-Sessions.<\/p>","protected":false},"featured_media":4796,"comment_status":"open","ping_status":"closed","template":"","meta":[],"product_brand":[],"product_cat":[22],"product_tag":[],"class_list":{"0":"post-4516","1":"product","2":"type-product","3":"status-publish","4":"has-post-thumbnail","6":"product_cat-disposable-vape-sticks","8":"first","9":"instock","10":"shipping-taxable","11":"purchasable","12":"product-type-simple"},"jetpack_sharing_enabled":true,"tiered_pricing_type":"fixed","tiered_pricing_fixed_rules":{"1000":16,"10000":15,"50000":13},"tiered_pricing_product_settings":{"layout":"default","base_unit_name":{"singular":null,"plural":null},"default_variation":null},"tiered_pricing_minimum_quantity":100,"tiered_pricing_roles_data":[],"tiered_pricing_percentage_rules":[],"tiered_pricing_maximum_quantity":null,"tiered_pricing_quantity_step":null,"_links":{"self":[{"href":"https:\/\/cloudsupplyvapes.com\/de\/wp-json\/wp\/v2\/product\/4516","targetHints":{"allow":["GET"]}}],"collection":[{"href":"https:\/\/cloudsupplyvapes.com\/de\/wp-json\/wp\/v2\/product"}],"about":[{"href":"https:\/\/cloudsupplyvapes.com\/de\/wp-json\/wp\/v2\/types\/product"}],"replies":[{"embeddable":true,"href":"https:\/\/cloudsupplyvapes.com\/de\/wp-json\/wp\/v2\/comments?post=4516"}],"wp:featuredmedia":[{"embeddable":true,"href":"https:\/\/cloudsupplyvapes.com\/de\/wp-json\/wp\/v2\/media\/4796"}],"wp:attachment":[{"href":"https:\/\/cloudsupplyvapes.com\/de\/wp-json\/wp\/v2\/media?parent=4516"}],"wp:term":[{"taxonomy":"product_brand","embeddable":true,"href":"https:\/\/cloudsupplyvapes.com\/de\/wp-json\/wp\/v2\/product_brand?post=4516"},{"taxonomy":"product_cat","embeddable":true,"href":"https:\/\/cloudsupplyvapes.com\/de\/wp-json\/wp\/v2\/product_cat?post=4516"},{"taxonomy":"product_tag","embeddable":true,"href":"https:\/\/cloudsupplyvapes.com\/de\/wp-json\/wp\/v2\/product_tag?post=4516"}],"curies":[{"name":"wp","href":"https:\/\/api.w.org\/{rel}","templated":true}]}}