{"id":4518,"date":"2024-10-19T02:37:36","date_gmt":"2024-10-19T02:37:36","guid":{"rendered":"https:\/\/cloudsupplyvapes.com\/?post_type=product&#038;p=4518"},"modified":"2024-11-26T05:30:39","modified_gmt":"2024-11-26T05:30:39","slug":"-150","status":"publish","type":"product","link":"https:\/\/cloudsupplyvapes.com\/de\/product\/randm-legend-10000-puffs-disposable-vape-wholesale\/","title":{"rendered":"RandM Legende 10000 Puffs Einweg Vape Gro\u00dfhandel hohe Nikotin St\u00e4rke langlebig bauen"},"content":{"rendered":"<h2>R und M Legend Einweg-Vape<\/h2>\n<ul class=\"top\">\n<li>Marke: R und M vape<\/li>\n<li>Einheit: Satz<\/li>\n<li>Typ: Einweg Vape<\/li>\n<li>Nettogewicht: 70(g)<\/li>\n<\/ul>\n<p>Die kombinierten Versandkosten werden automatisch vom System berechnet, nachdem Sie das Versandziel in der Kaufabwicklung ausgew\u00e4hlt haben.<\/p>\n<div class=\"title\">R und M Legend Einweg-Vape EINLEITUNG<\/div>\n<p>Wir stellen vor:\u00a0<b>R und M Legend Einwegartikel<\/b>ist ein hochmodernes Ger\u00e4t, das ein hervorragendes Dampferlebnis bietet. Jedes Ger\u00e4t ist mit 20ml hochwertigem Vape-Saft gef\u00fcllt, der mit 5% (50mg) Nik-Salz infundiert ist, was jedes Mal einen befriedigenden Zug garantiert. Mit einem wiederaufladbaren 650mAh-Akku und einem Typ-C-Kabel bietet der R and M Legend Disposable Vape eine lange Nutzungsdauer und schnelle Ladezeiten. Dieses Ger\u00e4t ist f\u00fcr etwa 10.000 Z\u00fcge ausgelegt, was es zu einer kosteng\u00fcnstigen Option f\u00fcr jeden Vape-Enthusiasten macht. Ausgestattet mit einer Mesh-Spule und einem einstellbaren Luftstrom, erm\u00f6glicht der R and M Legend Disposable ein reibungsloses und anpassbares Dampferlebnis. Dar\u00fcber hinaus wird das Ger\u00e4t durch Ziehen aktiviert, wodurch Kn\u00f6pfe oder komplizierte Einstellungen \u00fcberfl\u00fcssig werden. Erleben Sie das ultimative Dampferlebnis mit dem R and M Legend.<\/p>\n<p class=\"second-title\">Eigenschaften<\/p>\n<p>- 20ml vorgef\u00fcllter Vape-Saft<\/p>\n<p>- 5%(50mg) Nik-Salz<\/p>\n<p>- Wiederaufladbarer 650mAh-Akku<\/p>\n<p>- Typ-C Kabel<\/p>\n<p>- Ungef\u00e4hr 10000 Puffs<\/p>\n<p>- Maschenspule<\/p>\n<p>- Zeichnen-aktiviert<\/p>\n<p>- Einstellbarer Luftstrom<\/p>\n<div class=\"title\">R und M Legend Einweg-Vape SPEZIFIKATION<\/div>\n<p>Puffs: 10000<\/p>\n<p>Akku: Wiederaufladbar 650mAh<\/p>\n<p>Aufladen: USB Typ-C<\/p>\n<p>E-Fl\u00fcssigkeit Kapazit\u00e4t: 20ml<\/p>\n<p>Nikotinst\u00e4rke: 5%(50mg)<\/p>\n<p>Nikotin-Typ: Nik-Salz<\/p>\n<p>Heizelement: Mesh-Spule<\/p>\n<p>Durch Ziehen aktivierter Ausl\u00f6semechanismus<\/p>\n<p><a href=\"https:\/\/i0.wp.com\/shop.vape.hk\/wp-content\/uploads\/2023\/10\/R-and-M-Legend-Disposable-Vape-Kit1.jpg?ssl=1\" target=\"_blank\" rel=\"noopener\"><img data-recalc-dims=\"1\" loading=\"lazy\" decoding=\"async\" class=\"alignnone size-full wp-image-124426\" src=\"https:\/\/i0.wp.com\/shop.vape.hk\/wp-content\/uploads\/2023\/10\/R-and-M-Legend-Disposable-Vape-Kit1.jpg?resize=811%2C1920&#038;ssl=1\" alt=\"RandM Legende 10000 Puffs Einweg Vape | Gro\u00dfhandel\" width=\"811\" height=\"1920\" title=\"\"><\/a><\/p>","protected":false},"excerpt":{"rendered":"<p>RandM Legend 10000 Puffs Disposable Vape Wholesale bietet eine hohe Nikotinst\u00e4rke, eine langlebige Konstruktion und eine gleichm\u00e4\u00dfige Dampfabgabe, was sie perfekt f\u00fcr langanhaltendes Dampferlebnis macht.<\/p>","protected":false},"featured_media":4816,"comment_status":"open","ping_status":"closed","template":"","meta":[],"product_brand":[],"product_cat":[22],"product_tag":[],"class_list":{"0":"post-4518","1":"product","2":"type-product","3":"status-publish","4":"has-post-thumbnail","6":"product_cat-disposable-vape-sticks","8":"first","9":"instock","10":"shipping-taxable","11":"purchasable","12":"product-type-simple"},"jetpack_sharing_enabled":true,"tiered_pricing_type":"fixed","tiered_pricing_fixed_rules":{"1000":17,"10000":16,"50000":14},"tiered_pricing_product_settings":{"layout":"default","base_unit_name":{"singular":null,"plural":null},"default_variation":null},"tiered_pricing_minimum_quantity":100,"tiered_pricing_roles_data":[],"tiered_pricing_percentage_rules":[],"tiered_pricing_maximum_quantity":null,"tiered_pricing_quantity_step":null,"_links":{"self":[{"href":"https:\/\/cloudsupplyvapes.com\/de\/wp-json\/wp\/v2\/product\/4518","targetHints":{"allow":["GET"]}}],"collection":[{"href":"https:\/\/cloudsupplyvapes.com\/de\/wp-json\/wp\/v2\/product"}],"about":[{"href":"https:\/\/cloudsupplyvapes.com\/de\/wp-json\/wp\/v2\/types\/product"}],"replies":[{"embeddable":true,"href":"https:\/\/cloudsupplyvapes.com\/de\/wp-json\/wp\/v2\/comments?post=4518"}],"wp:featuredmedia":[{"embeddable":true,"href":"https:\/\/cloudsupplyvapes.com\/de\/wp-json\/wp\/v2\/media\/4816"}],"wp:attachment":[{"href":"https:\/\/cloudsupplyvapes.com\/de\/wp-json\/wp\/v2\/media?parent=4518"}],"wp:term":[{"taxonomy":"product_brand","embeddable":true,"href":"https:\/\/cloudsupplyvapes.com\/de\/wp-json\/wp\/v2\/product_brand?post=4518"},{"taxonomy":"product_cat","embeddable":true,"href":"https:\/\/cloudsupplyvapes.com\/de\/wp-json\/wp\/v2\/product_cat?post=4518"},{"taxonomy":"product_tag","embeddable":true,"href":"https:\/\/cloudsupplyvapes.com\/de\/wp-json\/wp\/v2\/product_tag?post=4518"}],"curies":[{"name":"wp","href":"https:\/\/api.w.org\/{rel}","templated":true}]}}