{"id":4520,"date":"2024-10-19T02:37:36","date_gmt":"2024-10-19T02:37:36","guid":{"rendered":"https:\/\/cloudsupplyvapes.com\/?post_type=product&#038;p=4520"},"modified":"2024-11-26T05:31:00","modified_gmt":"2024-11-26T05:31:00","slug":"-152","status":"publish","type":"product","link":"https:\/\/cloudsupplyvapes.com\/de\/product\/randm-vome-monster-7000-puffs-disposable-vape-wholesale\/","title":{"rendered":"RandM Vome Monster 7000 Puffs Einweg Vape Gro\u00dfhandel langlebig leichte Konstruktion"},"content":{"rendered":"<h2>R und M Monster Einwegartikel<\/h2>\n<ul class=\"top\">\n<li style=\"list-style-type: none;\">\n<ul class=\"top\">\n<li>Marke: R und M<\/li>\n<li>Einheit: Satz<\/li>\n<li>Typ: Einweg Vape<\/li>\n<li>Nettogewicht: 70(g)<\/li>\n<\/ul>\n<\/li>\n<\/ul>\n<p>Die kombinierten Versandkosten werden automatisch vom System berechnet, nachdem Sie das Versandziel in der Kaufabwicklung ausgew\u00e4hlt haben.<\/p>\n<div class=\"title\">R und M Monster Einwegartikel EINLEITUNG<\/div>\n<p><b>R und M Monster Einwegartikel<\/b>\u00a0verf\u00fcgt \u00fcber eine Cola-Dose Form, 15ml gro\u00dfe e-Saft Kapazit\u00e4t, 5% Nikotin Ebene, und eine wiederaufladbare Batterie f\u00fcr bis zu 7000 Puff z\u00e4hlen. Monster Vape hat eine Mesh-Spule, die MTL D\u00e4mpfe bietet, zusammen mit 5% (50mg) Nikotin, es gibt Ihnen eine st\u00e4rkere Nikotin Hit f\u00fcr m\u00fchelose vaping. Das Monster Bar ist \u00fcber Typ-C-Anschluss aufgeladen, und ist bequem durch die Verwendung eines Schl\u00fcsselband zu nehmen.<\/p>\n<p class=\"second-title\">Eigenschaften<\/p>\n<p>- Cola-Dose Form<\/p>\n<p>- 7000 Puffs<\/p>\n<p>- 15ml Inhalt<\/p>\n<p>- 5%(50mg) Nikotinst\u00e4rke<\/p>\n<p>- Wiederaufladbare Batterie<\/p>\n<p>- Maschenspule<\/p>\n<p>- MTL Unentschieden<\/p>\n<p>- Zeichnen-aktiviert<\/p>","protected":false},"excerpt":{"rendered":"<p>RandM Vome Monster 7000 Puffs Disposable Vape Wholesale kombiniert eine robuste Konstruktion mit einem leichten Design und einer konstanten Dampfabgabe f\u00fcr den tragbaren und bequemen Gebrauch.<\/p>","protected":false},"featured_media":4836,"comment_status":"open","ping_status":"closed","template":"","meta":[],"product_brand":[],"product_cat":[22],"product_tag":[],"class_list":{"0":"post-4520","1":"product","2":"type-product","3":"status-publish","4":"has-post-thumbnail","6":"product_cat-disposable-vape-sticks","8":"first","9":"instock","10":"shipping-taxable","11":"purchasable","12":"product-type-simple"},"jetpack_sharing_enabled":true,"tiered_pricing_type":"fixed","tiered_pricing_fixed_rules":{"1000":11,"10000":10,"50000":8},"tiered_pricing_product_settings":{"layout":"default","base_unit_name":{"singular":null,"plural":null},"default_variation":null},"tiered_pricing_minimum_quantity":100,"tiered_pricing_roles_data":[],"tiered_pricing_percentage_rules":[],"tiered_pricing_maximum_quantity":null,"tiered_pricing_quantity_step":null,"_links":{"self":[{"href":"https:\/\/cloudsupplyvapes.com\/de\/wp-json\/wp\/v2\/product\/4520","targetHints":{"allow":["GET"]}}],"collection":[{"href":"https:\/\/cloudsupplyvapes.com\/de\/wp-json\/wp\/v2\/product"}],"about":[{"href":"https:\/\/cloudsupplyvapes.com\/de\/wp-json\/wp\/v2\/types\/product"}],"replies":[{"embeddable":true,"href":"https:\/\/cloudsupplyvapes.com\/de\/wp-json\/wp\/v2\/comments?post=4520"}],"wp:featuredmedia":[{"embeddable":true,"href":"https:\/\/cloudsupplyvapes.com\/de\/wp-json\/wp\/v2\/media\/4836"}],"wp:attachment":[{"href":"https:\/\/cloudsupplyvapes.com\/de\/wp-json\/wp\/v2\/media?parent=4520"}],"wp:term":[{"taxonomy":"product_brand","embeddable":true,"href":"https:\/\/cloudsupplyvapes.com\/de\/wp-json\/wp\/v2\/product_brand?post=4520"},{"taxonomy":"product_cat","embeddable":true,"href":"https:\/\/cloudsupplyvapes.com\/de\/wp-json\/wp\/v2\/product_cat?post=4520"},{"taxonomy":"product_tag","embeddable":true,"href":"https:\/\/cloudsupplyvapes.com\/de\/wp-json\/wp\/v2\/product_tag?post=4520"}],"curies":[{"name":"wp","href":"https:\/\/api.w.org\/{rel}","templated":true}]}}