{"id":4522,"date":"2024-10-19T02:37:36","date_gmt":"2024-10-19T02:37:36","guid":{"rendered":"https:\/\/cloudsupplyvapes.com\/?post_type=product&#038;p=4522"},"modified":"2024-11-26T06:27:01","modified_gmt":"2024-11-26T06:27:01","slug":"-154","status":"publish","type":"product","link":"https:\/\/cloudsupplyvapes.com\/de\/product\/randm-magic-7000-puffs-disposable-vape-wholesale\/","title":{"rendered":"RandM Magic 7000 Puffs Einweg Vape Gro\u00dfhandel Leichtgewicht Langlebig Bauen"},"content":{"rendered":"<h2>R und M Magic 7000 Einweg-Vape<\/h2>\n<ul class=\"top\">\n<li>Marke:\u00a0<b>RandM Vape<\/b><b><\/b><\/li>\n<li>Einheit: Satz<\/li>\n<li>Art:\u00a0<b>Einweg-Vape<\/b><\/li>\n<li>Nettogewicht: 68(g)<\/li>\n<\/ul>\n<p>Die kombinierten Versandkosten werden automatisch vom System berechnet, nachdem Sie das Versandziel in der Kaufabwicklung ausgew\u00e4hlt haben.<\/p>\n<div class=\"title\">R und M Magic 7000 Einweg Vape EINLEITUNG<\/div>\n<p><b>R und M Magic 7000 Einweg-Vape<\/b>\u00a0kommt mit 14,5 ml vorgef\u00fclltem Vape-Saft, einem eingebauten Akku, einstellbarem Luftstrom und kann Sie mit etwa 7000 Z\u00fcgen versorgen. Um das Dampfen einfach zu machen, wird der Magic 7000 durch Ziehen aktiviert. Es ist nicht n\u00f6tig, einen Knopf zu dr\u00fccken. Um das Dampfen zum Vergn\u00fcgen zu machen, wird eine RGB-Taschenlampe verwendet, um Sie zum coolsten unter den gew\u00f6hnlichen Dampfern zu machen. Nimm diesen R and M Magic 7000 und genie\u00dfe die magische Kraft, die in ihm steckt. Mit dem R and M Magic 7000 sollte das Dampfen Spa\u00df machen und einfach sein.<\/p>\n<p class=\"second-title\">Eigenschaften<\/p>\n<p>- 14.5mL Vorgef\u00fclltes E-Liquid<\/p>\n<p>- 5%(50mg) Nikotin<\/p>\n<p>- Maschenspule<\/p>\n<p>- Wiederaufladbarer integrierter Akku<\/p>\n<p>- Ungef\u00e4hr 7000 Puffs<\/p>\n<p>- Typ-C-Anschluss (Kabel nicht im Lieferumfang enthalten)<\/p>\n<p>- Einstellbarer Luftstrom<\/p>\n<p>- RGB-Taschenlampe<\/p>\n<p>- Zeichnen-aktiviert<\/p>\n<p>- MTL-Vaping<\/p>","protected":false},"excerpt":{"rendered":"<p>RandM Magic 7000 Puffs Einweg-Vape-Gro\u00dfhandel bietet eine leichte und langlebige bauen, liefert glatte Dampf und gleichm\u00e4\u00dfige Leistung f\u00fcr stressfreie vaping Sitzungen.<\/p>","protected":false},"featured_media":4861,"comment_status":"open","ping_status":"closed","template":"","meta":[],"product_brand":[],"product_cat":[22],"product_tag":[],"class_list":{"0":"post-4522","1":"product","2":"type-product","3":"status-publish","4":"has-post-thumbnail","6":"product_cat-disposable-vape-sticks","8":"first","9":"instock","10":"shipping-taxable","11":"purchasable","12":"product-type-simple"},"jetpack_sharing_enabled":true,"tiered_pricing_type":"fixed","tiered_pricing_fixed_rules":{"1000":14,"10000":13,"50000":11},"tiered_pricing_product_settings":{"layout":"default","base_unit_name":{"singular":null,"plural":null},"default_variation":null},"tiered_pricing_minimum_quantity":100,"tiered_pricing_roles_data":[],"tiered_pricing_percentage_rules":[],"tiered_pricing_maximum_quantity":null,"tiered_pricing_quantity_step":null,"_links":{"self":[{"href":"https:\/\/cloudsupplyvapes.com\/de\/wp-json\/wp\/v2\/product\/4522","targetHints":{"allow":["GET"]}}],"collection":[{"href":"https:\/\/cloudsupplyvapes.com\/de\/wp-json\/wp\/v2\/product"}],"about":[{"href":"https:\/\/cloudsupplyvapes.com\/de\/wp-json\/wp\/v2\/types\/product"}],"replies":[{"embeddable":true,"href":"https:\/\/cloudsupplyvapes.com\/de\/wp-json\/wp\/v2\/comments?post=4522"}],"wp:featuredmedia":[{"embeddable":true,"href":"https:\/\/cloudsupplyvapes.com\/de\/wp-json\/wp\/v2\/media\/4861"}],"wp:attachment":[{"href":"https:\/\/cloudsupplyvapes.com\/de\/wp-json\/wp\/v2\/media?parent=4522"}],"wp:term":[{"taxonomy":"product_brand","embeddable":true,"href":"https:\/\/cloudsupplyvapes.com\/de\/wp-json\/wp\/v2\/product_brand?post=4522"},{"taxonomy":"product_cat","embeddable":true,"href":"https:\/\/cloudsupplyvapes.com\/de\/wp-json\/wp\/v2\/product_cat?post=4522"},{"taxonomy":"product_tag","embeddable":true,"href":"https:\/\/cloudsupplyvapes.com\/de\/wp-json\/wp\/v2\/product_tag?post=4522"}],"curies":[{"name":"wp","href":"https:\/\/api.w.org\/{rel}","templated":true}]}}