{"id":4602,"date":"2024-10-19T02:38:00","date_gmt":"2024-10-19T02:38:00","guid":{"rendered":"https:\/\/cloudsupplyvapes.com\/?post_type=product&#038;p=4602"},"modified":"2024-11-26T03:55:43","modified_gmt":"2024-11-26T03:55:43","slug":"-156","status":"publish","type":"product","link":"https:\/\/cloudsupplyvapes.com\/de\/product\/randm-bar-9000-puffs-disposable-vape-wholesale\/","title":{"rendered":"RANDM Bar 9000 Puffs Einweg Vape Gro\u00dfhandel Einstellbare Airflow Langlebige Leistung"},"content":{"rendered":"<h2>R und M Bar Einwegartikel<\/h2>\n<ul class=\"top\">\n<li style=\"list-style-type: none;\">\n<ul class=\"top\">\n<li>Marke: R und M<\/li>\n<li>Einheit: Satz<\/li>\n<li>Typ: Einweg Vape<\/li>\n<li>Nettogewicht: 70(g)<\/li>\n<\/ul>\n<\/li>\n<\/ul>\n<p>Die kombinierten Versandkosten werden automatisch vom System berechnet, nachdem Sie das Versandziel in der Kaufabwicklung ausgew\u00e4hlt haben.<\/p>\n<div class=\"title\">R und M Bar Einweg INTRODUCTION<\/div>\n<p><b>R und M Bar Einwegartikel<\/b>\u00a0verf\u00fcgt \u00fcber 15ml vorgef\u00fcllten E-Saft, Bottom-Airflow-Steuerung und Mesh-Coil-Technologie, um eine gute Arbeit der Produktion ausgepr\u00e4gten Geschmack zu tun. Angetrieben durch eine wiederaufladbare Batterie, unterst\u00fctzt es so viele wie 9000 Z\u00fcge pro bar. Ausgestattet mit einem Nikotingehalt von 5% (50mg), liefert er einen authentischen Geschmack, der Ihren vorstellbaren Geschmacksprofilen entspricht. Nach seiner RGB-Blitzlicht, wird es Ihnen mehr Spa\u00df f\u00fcr die Verdampfung zu bringen.<\/p>\n<p class=\"second-title\">Eigenschaften<\/p>\n<p>- 9000 Puffs<\/p>\n<p>- 15ml Inhalt<\/p>\n<p>- 5%(50mg) Nikotinst\u00e4rke<\/p>\n<p>- Wiederaufladbare Batterie<\/p>\n<p>- Maschenspule<\/p>\n<p>- MTL Unentschieden<\/p>\n<p>- Zeichnen-aktiviert<\/p>","protected":false},"excerpt":{"rendered":"<p>Der RANDM Bar 9000 Puffs Disposable Vape Wholesale bietet einen einstellbaren Luftstrom, dauerhafte Leistung und geschmacksintensiven Dampf, perfekt f\u00fcr individuelles und lang anhaltendes Dampfen.<\/p>","protected":false},"featured_media":4876,"comment_status":"open","ping_status":"closed","template":"","meta":[],"product_brand":[],"product_cat":[22],"product_tag":[],"class_list":{"0":"post-4602","1":"product","2":"type-product","3":"status-publish","4":"has-post-thumbnail","6":"product_cat-disposable-vape-sticks","8":"first","9":"instock","10":"shipping-taxable","11":"purchasable","12":"product-type-simple"},"jetpack_sharing_enabled":true,"tiered_pricing_type":"fixed","tiered_pricing_fixed_rules":{"1000":17,"10000":16,"50000":14},"tiered_pricing_product_settings":{"layout":"default","base_unit_name":{"singular":null,"plural":null},"default_variation":null},"tiered_pricing_minimum_quantity":100,"tiered_pricing_roles_data":[],"tiered_pricing_percentage_rules":[],"tiered_pricing_maximum_quantity":null,"tiered_pricing_quantity_step":null,"_links":{"self":[{"href":"https:\/\/cloudsupplyvapes.com\/de\/wp-json\/wp\/v2\/product\/4602","targetHints":{"allow":["GET"]}}],"collection":[{"href":"https:\/\/cloudsupplyvapes.com\/de\/wp-json\/wp\/v2\/product"}],"about":[{"href":"https:\/\/cloudsupplyvapes.com\/de\/wp-json\/wp\/v2\/types\/product"}],"replies":[{"embeddable":true,"href":"https:\/\/cloudsupplyvapes.com\/de\/wp-json\/wp\/v2\/comments?post=4602"}],"wp:featuredmedia":[{"embeddable":true,"href":"https:\/\/cloudsupplyvapes.com\/de\/wp-json\/wp\/v2\/media\/4876"}],"wp:attachment":[{"href":"https:\/\/cloudsupplyvapes.com\/de\/wp-json\/wp\/v2\/media?parent=4602"}],"wp:term":[{"taxonomy":"product_brand","embeddable":true,"href":"https:\/\/cloudsupplyvapes.com\/de\/wp-json\/wp\/v2\/product_brand?post=4602"},{"taxonomy":"product_cat","embeddable":true,"href":"https:\/\/cloudsupplyvapes.com\/de\/wp-json\/wp\/v2\/product_cat?post=4602"},{"taxonomy":"product_tag","embeddable":true,"href":"https:\/\/cloudsupplyvapes.com\/de\/wp-json\/wp\/v2\/product_tag?post=4602"}],"curies":[{"name":"wp","href":"https:\/\/api.w.org\/{rel}","templated":true}]}}