{"id":4603,"date":"2024-10-19T02:38:00","date_gmt":"2024-10-19T02:38:00","guid":{"rendered":"https:\/\/cloudsupplyvapes.com\/?post_type=product&#038;p=4603"},"modified":"2024-11-26T05:27:21","modified_gmt":"2024-11-26T05:27:21","slug":"-157","status":"publish","type":"product","link":"https:\/\/cloudsupplyvapes.com\/de\/product\/elfworld-reload-6000-puffs-disposable-vape-wholesale\/","title":{"rendered":"ELFWORLD Reload 6000 Puffs Einweg Vape Gro\u00dfhandel hohe Qualit\u00e4t Leak Proof Design"},"content":{"rendered":"<h2>ELFWORLD Reload Einweg-Vape<\/h2>\n<ul class=\"top\">\n<li>Marke:\u00a0<b>Elfenwelt Vapes<\/b><b><\/b><\/li>\n<li>Einheit: Satz<\/li>\n<li>Art:\u00a0<b>Einweg-Vape<\/b><\/li>\n<li>Nettogewicht: 60(g)<\/li>\n<\/ul>\n<p>Die kombinierten Versandkosten werden automatisch vom System berechnet, nachdem Sie das Versandziel in der Kaufabwicklung ausgew\u00e4hlt haben.<\/p>\n<div class=\"title\">ELFWORLD Reload Einweg-Vape EINLEITUNG<\/div>\n<p><b>ELFWORLD Reload Einweg-Vape<\/b>\u00a0besteht haupts\u00e4chlich aus Kunststoff und verf\u00fcgt \u00fcber einen austauschbaren Pod und eine wiederaufladbare Basis. Jedes Ger\u00e4t bietet eine 12ml vorgef\u00fcllte e-Fl\u00fcssigkeit und einen 5%(50mg) Nikotinsalzgehalt f\u00fcr bis zu 6000 Z\u00fcge, der Pod wird \u00fcber eine magnetische Verbindung angeschlossen. Er liefert einen geschmackvollen Dampf und hat einen auff\u00e4lligen quadratischen K\u00f6rper f\u00fcr unterwegs. Erleben Sie eine bequeme Leistung, diese All-in-One-Wegwerfdampfer kann Brennen zu vermeiden, und verbessern die Nutzung von e-Fl\u00fcssigkeit \u00fcber seine integrierte Mesh-Spule.<\/p>\n<p class=\"second-title\">Eigenschaften<\/p>\n<p>- Material: PC &amp; PCTG &amp; AL<\/p>\n<p>- 12ml vorgef\u00fcllter Vape-Saft<\/p>\n<p>- Wiederaufladbarer 650mAh-Akku<\/p>\n<p>- Typ-C-Kabel (nicht im Lieferumfang enthalten)<\/p>\n<p>- 5%(50mg) Nik-Salz<\/p>\n<p>- Ungef\u00e4hr 6000 Puffs<\/p>\n<p>- Maschenspule<\/p>\n<p>- Zeichnen-aktiviert<\/p>\n<p><a href=\"https:\/\/i0.wp.com\/shop.vape.hk\/wp-content\/uploads\/2023\/10\/elfworld-reload-detail.jpg?ssl=1\" target=\"_blank\" rel=\"noopener\"><img data-recalc-dims=\"1\" loading=\"lazy\" decoding=\"async\" class=\"alignnone size-full wp-image-124562\" src=\"https:\/\/i0.wp.com\/shop.vape.hk\/wp-content\/uploads\/2023\/10\/elfworld-reload-detail.jpg?resize=1020%2C1633&#038;ssl=1\" alt=\"ELFWORLD Reload 6000 Puffs Einweg Vape | Gro\u00dfhandel\" width=\"1020\" height=\"1633\" title=\"\"><\/a><\/p>","protected":false},"excerpt":{"rendered":"<p>Der ELFWORLD Reload 6000 Puffs Einweg-Vape-Gro\u00dfhandel bietet eine hochwertige Verarbeitung, ein auslaufsicheres Design und eine gleichm\u00e4\u00dfige Dampfabgabe, perfekt f\u00fcr zuverl\u00e4ssige und problemlose Vaping-Sessions.<\/p>","protected":false},"featured_media":4888,"comment_status":"open","ping_status":"closed","template":"","meta":[],"product_brand":[],"product_cat":[22,480],"product_tag":[467],"class_list":{"0":"post-4603","1":"product","2":"type-product","3":"status-publish","4":"has-post-thumbnail","6":"product_cat-disposable-vape-sticks","7":"product_cat-elfworld","8":"product_tag-elfworld","10":"first","11":"instock","12":"shipping-taxable","13":"purchasable","14":"product-type-simple"},"jetpack_sharing_enabled":true,"tiered_pricing_type":"fixed","tiered_pricing_fixed_rules":{"1000":6,"10000":5,"50000":4},"tiered_pricing_product_settings":{"layout":"default","base_unit_name":{"singular":null,"plural":null},"default_variation":null},"tiered_pricing_minimum_quantity":100,"tiered_pricing_roles_data":[],"tiered_pricing_percentage_rules":[],"tiered_pricing_maximum_quantity":null,"tiered_pricing_quantity_step":null,"_links":{"self":[{"href":"https:\/\/cloudsupplyvapes.com\/de\/wp-json\/wp\/v2\/product\/4603","targetHints":{"allow":["GET"]}}],"collection":[{"href":"https:\/\/cloudsupplyvapes.com\/de\/wp-json\/wp\/v2\/product"}],"about":[{"href":"https:\/\/cloudsupplyvapes.com\/de\/wp-json\/wp\/v2\/types\/product"}],"replies":[{"embeddable":true,"href":"https:\/\/cloudsupplyvapes.com\/de\/wp-json\/wp\/v2\/comments?post=4603"}],"wp:featuredmedia":[{"embeddable":true,"href":"https:\/\/cloudsupplyvapes.com\/de\/wp-json\/wp\/v2\/media\/4888"}],"wp:attachment":[{"href":"https:\/\/cloudsupplyvapes.com\/de\/wp-json\/wp\/v2\/media?parent=4603"}],"wp:term":[{"taxonomy":"product_brand","embeddable":true,"href":"https:\/\/cloudsupplyvapes.com\/de\/wp-json\/wp\/v2\/product_brand?post=4603"},{"taxonomy":"product_cat","embeddable":true,"href":"https:\/\/cloudsupplyvapes.com\/de\/wp-json\/wp\/v2\/product_cat?post=4603"},{"taxonomy":"product_tag","embeddable":true,"href":"https:\/\/cloudsupplyvapes.com\/de\/wp-json\/wp\/v2\/product_tag?post=4603"}],"curies":[{"name":"wp","href":"https:\/\/api.w.org\/{rel}","templated":true}]}}