{"id":4604,"date":"2024-10-19T02:38:00","date_gmt":"2024-10-19T02:38:00","guid":{"rendered":"https:\/\/cloudsupplyvapes.com\/?post_type=product&#038;p=4604"},"modified":"2024-11-26T05:27:33","modified_gmt":"2024-11-26T05:27:33","slug":"-158","status":"publish","type":"product","link":"https:\/\/cloudsupplyvapes.com\/de\/product\/elfworld-ice-king-8500-puffs-disposable-vape-wholesale\/","title":{"rendered":"ELFWORLD Ice King 8500 Puffs Disposable Vape Gro\u00dfhandel Lang anhaltende glatte Dampf Erfahrung"},"content":{"rendered":"<h2><b>ELFWORLD Ice King Einweg-Vape<\/b><\/h2>\n<ul class=\"top\">\n<li style=\"list-style-type: none;\">\n<ul class=\"top\">\n<li>Marke:\u00a0<b>ELFWORLD<\/b><\/li>\n<li>Einheit: Satz<\/li>\n<li>Art:\u00a0<b>Einweg-Vape<\/b><\/li>\n<li>Nettogewicht: 70(g)<\/li>\n<\/ul>\n<\/li>\n<\/ul>\n<p>Die kombinierten Versandkosten werden automatisch vom System berechnet, nachdem Sie das Versandziel in der Kaufabwicklung ausgew\u00e4hlt haben.<\/p>\n<div class=\"title\">ELFWORLD Ice King Einweg-Vape EINLEITUNG<\/div>\n<p><b>ELFWORLD Ice King Einweg-Vape<\/b>\u00a0bietet Ihnen ein k\u00fchlendes Gef\u00fchl, das satte 17 ml vorgef\u00fcllte E-Fl\u00fcssigkeit und bis zu 8500 Z\u00fcge fasst. Das breit gef\u00e4cherte Men\u00fc von Aromen kommt von seinen verschiedenen e-Fl\u00fcssigkeit Aromen und seine integrierte Mesh-Spule, die mit Kette vaping h\u00e4lt. Die Farben sind lebendig und ansprechend f\u00fcr das Auge, die ergonomische Form der Box bietet einen guten Halt. Ausgestattet mit 5% (50mg) Nikotinst\u00e4rke und einem wiederaufladbaren 550mAh Akku, gibt es Ihnen eine \u00dcberraschung gebraten Hit.<\/p>\n<p class=\"second-title\">Eigenschaften<\/p>\n<p>- 17mL vorgef\u00fcllte E-Fl\u00fcssigkeit<\/p>\n<p>- 5%(50mg) Nikotin<\/p>\n<p>- Wiederaufladbarer 550mAh-Akku<\/p>\n<p>- Ungef\u00e4hr 8500 Puffs<\/p>\n<p>- Typ-C-Anschluss (nicht im Lieferumfang enthalten)<\/p>\n<p>- Maschenspule<\/p>\n<p>- Zeichnen-aktiviert<\/p>\n<p>- MTL-Vaping<\/p>","protected":false},"excerpt":{"rendered":"<p>ELFWORLD Ice King 8500 Puffs Einweg-Vape-Gro\u00dfhandel liefert lang anhaltende Leistung, konsistente Dampfleistung und ein schlankes Design f\u00fcr tragbare und befriedigende vaping.<\/p>","protected":false},"featured_media":4896,"comment_status":"open","ping_status":"closed","template":"","meta":[],"product_brand":[],"product_cat":[22,480],"product_tag":[467],"class_list":{"0":"post-4604","1":"product","2":"type-product","3":"status-publish","4":"has-post-thumbnail","6":"product_cat-disposable-vape-sticks","7":"product_cat-elfworld","8":"product_tag-elfworld","10":"first","11":"instock","12":"shipping-taxable","13":"purchasable","14":"product-type-simple"},"jetpack_sharing_enabled":true,"tiered_pricing_type":"fixed","tiered_pricing_fixed_rules":{"1000":6.5,"10000":6,"50000":5.5},"tiered_pricing_product_settings":{"layout":"default","base_unit_name":{"singular":null,"plural":null},"default_variation":null},"tiered_pricing_minimum_quantity":100,"tiered_pricing_roles_data":[],"tiered_pricing_percentage_rules":[],"tiered_pricing_maximum_quantity":null,"tiered_pricing_quantity_step":null,"_links":{"self":[{"href":"https:\/\/cloudsupplyvapes.com\/de\/wp-json\/wp\/v2\/product\/4604","targetHints":{"allow":["GET"]}}],"collection":[{"href":"https:\/\/cloudsupplyvapes.com\/de\/wp-json\/wp\/v2\/product"}],"about":[{"href":"https:\/\/cloudsupplyvapes.com\/de\/wp-json\/wp\/v2\/types\/product"}],"replies":[{"embeddable":true,"href":"https:\/\/cloudsupplyvapes.com\/de\/wp-json\/wp\/v2\/comments?post=4604"}],"wp:featuredmedia":[{"embeddable":true,"href":"https:\/\/cloudsupplyvapes.com\/de\/wp-json\/wp\/v2\/media\/4896"}],"wp:attachment":[{"href":"https:\/\/cloudsupplyvapes.com\/de\/wp-json\/wp\/v2\/media?parent=4604"}],"wp:term":[{"taxonomy":"product_brand","embeddable":true,"href":"https:\/\/cloudsupplyvapes.com\/de\/wp-json\/wp\/v2\/product_brand?post=4604"},{"taxonomy":"product_cat","embeddable":true,"href":"https:\/\/cloudsupplyvapes.com\/de\/wp-json\/wp\/v2\/product_cat?post=4604"},{"taxonomy":"product_tag","embeddable":true,"href":"https:\/\/cloudsupplyvapes.com\/de\/wp-json\/wp\/v2\/product_tag?post=4604"}],"curies":[{"name":"wp","href":"https:\/\/api.w.org\/{rel}","templated":true}]}}