{"id":4605,"date":"2024-10-19T02:38:00","date_gmt":"2024-10-19T02:38:00","guid":{"rendered":"https:\/\/cloudsupplyvapes.com\/?post_type=product&#038;p=4605"},"modified":"2024-11-26T05:27:45","modified_gmt":"2024-11-26T05:27:45","slug":"-159","status":"publish","type":"product","link":"https:\/\/cloudsupplyvapes.com\/de\/product\/elfworld-mc8500-8500-puffs-disposable-vape-wholesale\/","title":{"rendered":"ELFWORLD MC8500 8500 Puffs Einweg Vape Gro\u00dfhandel Kompakt Langlebige Leistung"},"content":{"rendered":"<h2>ELFWORLD MC8500 Einweg-Vape<\/h2>\n<ul class=\"top\">\n<li style=\"list-style-type: none;\">\n<ul class=\"top\">\n<li>Marke:\u00a0<b>ELFWORLD<\/b><\/li>\n<li>Einheit: Satz<\/li>\n<li>Art:\u00a0<b>Einweg-Vape<\/b><\/li>\n<li>Nettogewicht: 90(g)<\/li>\n<\/ul>\n<\/li>\n<\/ul>\n<p>Die kombinierten Versandkosten werden automatisch vom System berechnet, nachdem Sie das Versandziel in der Kaufabwicklung ausgew\u00e4hlt haben.<\/p>\n<div class=\"title\">ELFWORLD MC8500 Einweg-Dampfger\u00e4t EINLEITUNG<\/div>\n<p><b>ELFWORLD MC8500 Einweg-Vape<\/b>\u00a0ist mit 16ml Vape-Saft mit 5% (50mg) Nikotinst\u00e4rke vorgeladen, l\u00e4uft mit einem wiederaufladbaren 650mAh-Akku und bietet dank der integrierten Mesh-Spule einen unvergleichlichen Dampfgenuss, und jedes Ger\u00e4t liefert bis zu 8500 Z\u00fcge. Sein l\u00e4ngliches C-Rahmen-Design, das mit einem stilvollen Kunstharzgeh\u00e4use verziert ist, verleiht ihm einen Hauch von Eleganz, und das mitgelieferte Schl\u00fcsselband verbessert die Tragbarkeit und den Komfort. Die Netzspule sorgt f\u00fcr optimalen Geschmack und Dampfproduktion f\u00fcr bis zu 8500 Z\u00fcge.<\/p>\n<p class=\"second-title\">Eigenschaften<\/p>\n<p>- 16ml Vorgef\u00fcllter Vape-Saft<\/p>\n<p>- 5%(50mg) Nik-Salz<\/p>\n<p>- Wiederaufladbarer 650mAh-Akku<\/p>\n<p>- USB-C-Anschluss<\/p>\n<p>- Ungef\u00e4hr 8500 Puffs<\/p>\n<p>- Maschenspule<\/p>\n<p>- Zeichnen-aktiviert<\/p>\n<p><b>Geschmack:<\/b><\/p>\n<p>Lecker<\/p>\n<p>Minzig<\/p>\n<p>Traubeneis<\/p>\n<p>Erdbeere Wassermelone<\/p>\n<p>Dreifach-Beereneis<\/p>\n<p>Blaues Razzeis<\/p>\n<p>\u00dcppiges Eis<\/p>\n<p>Saftiges Pfirsicheis<\/p>","protected":false},"excerpt":{"rendered":"<p>Der ELFWORLD MC8500 8500 Puffs Einweg-Vape-Gro\u00dfhandel verf\u00fcgt \u00fcber ein kompaktes Design, langlebige Konstruktion und glatte Kehle hits f\u00fcr ein Premium-Vaping-Erlebnis.<\/p>","protected":false},"featured_media":4908,"comment_status":"open","ping_status":"closed","template":"","meta":[],"product_brand":[],"product_cat":[22,480],"product_tag":[467],"class_list":{"0":"post-4605","1":"product","2":"type-product","3":"status-publish","4":"has-post-thumbnail","6":"product_cat-disposable-vape-sticks","7":"product_cat-elfworld","8":"product_tag-elfworld","10":"first","11":"instock","12":"shipping-taxable","13":"purchasable","14":"product-type-simple"},"jetpack_sharing_enabled":true,"tiered_pricing_type":"fixed","tiered_pricing_fixed_rules":{"1000":7,"10000":6,"50000":5},"tiered_pricing_product_settings":{"layout":"default","base_unit_name":{"singular":null,"plural":null},"default_variation":null},"tiered_pricing_minimum_quantity":100,"tiered_pricing_roles_data":[],"tiered_pricing_percentage_rules":[],"tiered_pricing_maximum_quantity":null,"tiered_pricing_quantity_step":null,"_links":{"self":[{"href":"https:\/\/cloudsupplyvapes.com\/de\/wp-json\/wp\/v2\/product\/4605","targetHints":{"allow":["GET"]}}],"collection":[{"href":"https:\/\/cloudsupplyvapes.com\/de\/wp-json\/wp\/v2\/product"}],"about":[{"href":"https:\/\/cloudsupplyvapes.com\/de\/wp-json\/wp\/v2\/types\/product"}],"replies":[{"embeddable":true,"href":"https:\/\/cloudsupplyvapes.com\/de\/wp-json\/wp\/v2\/comments?post=4605"}],"wp:featuredmedia":[{"embeddable":true,"href":"https:\/\/cloudsupplyvapes.com\/de\/wp-json\/wp\/v2\/media\/4908"}],"wp:attachment":[{"href":"https:\/\/cloudsupplyvapes.com\/de\/wp-json\/wp\/v2\/media?parent=4605"}],"wp:term":[{"taxonomy":"product_brand","embeddable":true,"href":"https:\/\/cloudsupplyvapes.com\/de\/wp-json\/wp\/v2\/product_brand?post=4605"},{"taxonomy":"product_cat","embeddable":true,"href":"https:\/\/cloudsupplyvapes.com\/de\/wp-json\/wp\/v2\/product_cat?post=4605"},{"taxonomy":"product_tag","embeddable":true,"href":"https:\/\/cloudsupplyvapes.com\/de\/wp-json\/wp\/v2\/product_tag?post=4605"}],"curies":[{"name":"wp","href":"https:\/\/api.w.org\/{rel}","templated":true}]}}