{"id":4606,"date":"2024-10-19T02:38:00","date_gmt":"2024-10-19T02:38:00","guid":{"rendered":"https:\/\/cloudsupplyvapes.com\/?post_type=product&#038;p=4606"},"modified":"2024-11-26T05:27:58","modified_gmt":"2024-11-26T05:27:58","slug":"-160","status":"publish","type":"product","link":"https:\/\/cloudsupplyvapes.com\/de\/product\/elfworld-i15-pro-12000-puffs-disposable-vape-wholesale\/","title":{"rendered":"ELFWORLD I15 Pro 12000 Puffs Einweg Vape Gro\u00dfhandel wiederaufladbare hohe Kapazit\u00e4t Design"},"content":{"rendered":"<h2>ELFWORLD I15 Pro Disposable Vape<\/h2>\n<ul class=\"top\">\n<li style=\"list-style-type: none;\">\n<ul class=\"top\">\n<li>Marke:\u00a0<b>ELFWORLD<\/b><\/li>\n<li>Einheit: Satz<\/li>\n<li>Art:\u00a0<b>Einweg-Vape<\/b><\/li>\n<li>Nettogewicht: 70(g)<\/li>\n<\/ul>\n<\/li>\n<\/ul>\n<p>Die kombinierten Versandkosten werden automatisch vom System berechnet, nachdem Sie das Versandziel in der Kaufabwicklung ausgew\u00e4hlt haben.<\/p>\n<div class=\"title\">ELFWORLD I15 Pro Disposable Vape INTRODUCTION<\/div>\n<p><b>ELFWORLD I15 Pro Disposable Vape<\/b>\u00a0comes with 18ml pre-filled vape juice, a rechargeable 600mAh battery, a screen that displays battery life and vape juice level and can provide vapers with about 12000 puffs. ELFWORLD I15 Pro is the upgraded version and more powerful. With 18ml juice, it can produce 12000 puffs. It is easy to use by inhaling and smart as well. A Screen shows you the battery life and vape juice level clearly. You know when to recharge and where to buy a new one. I15 Pro is the future of disposable vapes.<\/p>\n<p class=\"second-title\">Eigenschaften<\/p>\n<p>- 18ml vorgef\u00fclltes E-Liquid<\/p>\n<p>\u2022 600mAh rechargeable battery<\/p>\n<p>- 5%(50mg) Nikotinst\u00e4rke<\/p>\n<p>- Maschenspule<\/p>\n<p>\u2022 Screen of battery life and vape juice level<\/p>\n<p>- USB Typ-C Aufladen (Kabel nicht enthalten)<\/p>\n<p>- Ungef\u00e4hr 12000 Puffs<\/p>\n<p>- Zeichnen-aktiviert<\/p>\n<p>- MTL-Vaping<\/p>\n<p><a href=\"https:\/\/i0.wp.com\/shop.vape.hk\/wp-content\/uploads\/2023\/10\/New-Invention-Elfworld-I15-PRO-12000-Puffs-Apple-Super-Thin-Disposable-Vape-Long-Lasting-Flavor-Ultra-Thin-E-Cig-Elf-World-Puff-Vape-Pen-OEM-Business-Elites.webp?ssl=1\" target=\"_blank\" rel=\"noopener\"><img data-recalc-dims=\"1\" loading=\"lazy\" decoding=\"async\" class=\"alignnone size-full wp-image-124590\" src=\"https:\/\/i0.wp.com\/shop.vape.hk\/wp-content\/uploads\/2023\/10\/New-Invention-Elfworld-I15-PRO-12000-Puffs-Apple-Super-Thin-Disposable-Vape-Long-Lasting-Flavor-Ultra-Thin-E-Cig-Elf-World-Puff-Vape-Pen-OEM-Business-Elites.webp?resize=1020%2C572&#038;ssl=1\" alt=\"ELFWORLD MC8500 8500 Puffs Einweg Vape | Gro\u00dfhandel\" width=\"1020\" height=\"572\" title=\"\"><\/a><\/p>","protected":false},"excerpt":{"rendered":"<p>ELFWORLD I15 Pro 12000 Puffs Einweg-Vape-Gro\u00dfhandel kombiniert hohe Kapazit\u00e4t mit wiederaufladbarem Komfort, um l\u00e4ngere Vaping-Sessions und eine gleichm\u00e4\u00dfige Dampfabgabe zu gew\u00e4hrleisten.<\/p>","protected":false},"featured_media":4909,"comment_status":"open","ping_status":"closed","template":"","meta":[],"product_brand":[],"product_cat":[22,480],"product_tag":[467],"class_list":{"0":"post-4606","1":"product","2":"type-product","3":"status-publish","4":"has-post-thumbnail","6":"product_cat-disposable-vape-sticks","7":"product_cat-elfworld","8":"product_tag-elfworld","10":"first","11":"instock","12":"shipping-taxable","13":"purchasable","14":"product-type-simple"},"jetpack_sharing_enabled":true,"tiered_pricing_type":"fixed","tiered_pricing_fixed_rules":{"1000":9,"10000":8,"50000":7},"tiered_pricing_product_settings":{"layout":"default","base_unit_name":{"singular":null,"plural":null},"default_variation":null},"tiered_pricing_minimum_quantity":100,"tiered_pricing_roles_data":[],"tiered_pricing_percentage_rules":[],"tiered_pricing_maximum_quantity":null,"tiered_pricing_quantity_step":null,"_links":{"self":[{"href":"https:\/\/cloudsupplyvapes.com\/de\/wp-json\/wp\/v2\/product\/4606","targetHints":{"allow":["GET"]}}],"collection":[{"href":"https:\/\/cloudsupplyvapes.com\/de\/wp-json\/wp\/v2\/product"}],"about":[{"href":"https:\/\/cloudsupplyvapes.com\/de\/wp-json\/wp\/v2\/types\/product"}],"replies":[{"embeddable":true,"href":"https:\/\/cloudsupplyvapes.com\/de\/wp-json\/wp\/v2\/comments?post=4606"}],"wp:featuredmedia":[{"embeddable":true,"href":"https:\/\/cloudsupplyvapes.com\/de\/wp-json\/wp\/v2\/media\/4909"}],"wp:attachment":[{"href":"https:\/\/cloudsupplyvapes.com\/de\/wp-json\/wp\/v2\/media?parent=4606"}],"wp:term":[{"taxonomy":"product_brand","embeddable":true,"href":"https:\/\/cloudsupplyvapes.com\/de\/wp-json\/wp\/v2\/product_brand?post=4606"},{"taxonomy":"product_cat","embeddable":true,"href":"https:\/\/cloudsupplyvapes.com\/de\/wp-json\/wp\/v2\/product_cat?post=4606"},{"taxonomy":"product_tag","embeddable":true,"href":"https:\/\/cloudsupplyvapes.com\/de\/wp-json\/wp\/v2\/product_tag?post=4606"}],"curies":[{"name":"wp","href":"https:\/\/api.w.org\/{rel}","templated":true}]}}