{"id":461,"date":"2024-10-19T02:12:31","date_gmt":"2024-10-19T02:12:31","guid":{"rendered":"https:\/\/cloudsupplyvapes.com\/?post_type=product&#038;p=461"},"modified":"2024-11-26T09:36:17","modified_gmt":"2024-11-26T09:36:17","slug":"-3","status":"publish","type":"product","link":"https:\/\/cloudsupplyvapes.com\/de\/product\/glamee-mate-3000-puffs-wholesale\/","title":{"rendered":"Glamee Mate 3000 Puffs Einweg | Gro\u00dfhandel Kompakt Leichtgewicht Vape"},"content":{"rendered":"<p><strong>Ger\u00e4tedetails:<\/strong><\/p>\n<ul>\n<li>Gr\u00f6\u00dfe: 9ml<\/li>\n<li>Nikotinst\u00e4rke: 5.0%<\/li>\n<li>Salz Nikotin entspricht etwa 1 Schachtel Zigaretten<\/li>\n<li>Batteriekapazit\u00e4t: 1800mAh<\/li>\n<li>Anzahl der Puffs: 3000+ Puff<\/li>\n<\/ul>","protected":false},"excerpt":{"rendered":"<p>Glamee Mate 3000 Puffs Einweg-Vape-Gro\u00dfhandel verf\u00fcgt \u00fcber ein leichtes Design, glatte Kehle hit, und hohe Nikotinst\u00e4rke f\u00fcr befriedigende Erfahrungen vaping.<\/p>","protected":false},"featured_media":490,"comment_status":"open","ping_status":"closed","template":"","meta":[],"product_brand":[],"product_cat":[22],"product_tag":[],"class_list":{"0":"post-461","1":"product","2":"type-product","3":"status-publish","4":"has-post-thumbnail","6":"product_cat-disposable-vape-sticks","8":"first","9":"instock","10":"shipping-taxable","11":"purchasable","12":"product-type-simple"},"jetpack_sharing_enabled":true,"tiered_pricing_type":"fixed","tiered_pricing_fixed_rules":[],"tiered_pricing_product_settings":{"layout":"default","base_unit_name":{"singular":null,"plural":null},"default_variation":null},"tiered_pricing_minimum_quantity":100,"tiered_pricing_roles_data":[],"tiered_pricing_percentage_rules":[],"tiered_pricing_maximum_quantity":null,"tiered_pricing_quantity_step":null,"_links":{"self":[{"href":"https:\/\/cloudsupplyvapes.com\/de\/wp-json\/wp\/v2\/product\/461","targetHints":{"allow":["GET"]}}],"collection":[{"href":"https:\/\/cloudsupplyvapes.com\/de\/wp-json\/wp\/v2\/product"}],"about":[{"href":"https:\/\/cloudsupplyvapes.com\/de\/wp-json\/wp\/v2\/types\/product"}],"replies":[{"embeddable":true,"href":"https:\/\/cloudsupplyvapes.com\/de\/wp-json\/wp\/v2\/comments?post=461"}],"wp:featuredmedia":[{"embeddable":true,"href":"https:\/\/cloudsupplyvapes.com\/de\/wp-json\/wp\/v2\/media\/490"}],"wp:attachment":[{"href":"https:\/\/cloudsupplyvapes.com\/de\/wp-json\/wp\/v2\/media?parent=461"}],"wp:term":[{"taxonomy":"product_brand","embeddable":true,"href":"https:\/\/cloudsupplyvapes.com\/de\/wp-json\/wp\/v2\/product_brand?post=461"},{"taxonomy":"product_cat","embeddable":true,"href":"https:\/\/cloudsupplyvapes.com\/de\/wp-json\/wp\/v2\/product_cat?post=461"},{"taxonomy":"product_tag","embeddable":true,"href":"https:\/\/cloudsupplyvapes.com\/de\/wp-json\/wp\/v2\/product_tag?post=461"}],"curies":[{"name":"wp","href":"https:\/\/api.w.org\/{rel}","templated":true}]}}