{"id":4696,"date":"2024-10-19T02:38:24","date_gmt":"2024-10-19T02:38:24","guid":{"rendered":"https:\/\/cloudsupplyvapes.com\/?post_type=product&#038;p=4696"},"modified":"2024-11-26T03:55:32","modified_gmt":"2024-11-26T03:55:32","slug":"-164","status":"publish","type":"product","link":"https:\/\/cloudsupplyvapes.com\/de\/product\/elfworld-trans-pro-9000-puffs-disposable-vape-wholesale\/","title":{"rendered":"ELFWORLD TRANS Pro 9000 Puffs Einweg Vape Gro\u00dfhandel wiederaufladbare hohe Qualit\u00e4t bauen"},"content":{"rendered":"<h3>Parameter:<\/h3>\n<p>Fassungsverm\u00f6gen: 16ml<\/p>\n<p>Nikotin St\u00e4rke:0%2%3%5% Mesh Spule<\/p>\n<p>Akku: Integrierter 750mAh Typ-C-Akku<\/p>\n<p>Puffs:9000 Puffs<\/p>\n<p><strong>Geschm\u00e4cker:<\/strong><\/p>\n<p>1.PFIRSICH-MANGO<\/p>\n<p>2.ERDBEER-KIWI<\/p>\n<p>3.BLAUES RAZZ-EIS<\/p>\n<p>4.TRAUBENEIS<\/p>\n<p>5.WASSERMELONENEIS<\/p>\n<p>6.GEMISCHTE BEEREN<\/p>\n<p>7. K\u00dcHLE MINT<\/p>\n<p>8.ERDBEER-BANANE<\/p>\n<p>9.ANANAS-KOKOSNUSS<\/p>\n<p>10.KANTALOUPE APFEL<\/p>\n<p><a href=\"https:\/\/i0.wp.com\/shop.vape.hk\/wp-content\/uploads\/2023\/10\/Dual-Funtions-Vapes-Airflow-Adjustable-and-LED-Screen-Original-Elfworld-Trans-PRO-9000-Puffs-Elf-World-Trans-PRO-9000-Mesh-Coil-0-2-3-5-Nicotine-Salt-9.webp?ssl=1\" target=\"_blank\" rel=\"noopener\"><img data-recalc-dims=\"1\" loading=\"lazy\" decoding=\"async\" class=\"alignnone size-full wp-image-124605\" src=\"https:\/\/i0.wp.com\/shop.vape.hk\/wp-content\/uploads\/2023\/10\/Dual-Funtions-Vapes-Airflow-Adjustable-and-LED-Screen-Original-Elfworld-Trans-PRO-9000-Puffs-Elf-World-Trans-PRO-9000-Mesh-Coil-0-2-3-5-Nicotine-Salt-9.webp?resize=1020%2C1503&#038;ssl=1\" alt=\"ELFWORLD TRANS Pro 9000 Puffs Einweg Vape | Gro\u00dfhandel\" width=\"1020\" height=\"1503\" title=\"\"><\/a> <a href=\"https:\/\/i0.wp.com\/shop.vape.hk\/wp-content\/uploads\/2023\/10\/03_493bd5d1-f637-483a-aa48-ecb96b879f91.webp?ssl=1\" target=\"_blank\" rel=\"noopener\"><img data-recalc-dims=\"1\" loading=\"lazy\" decoding=\"async\" class=\"alignnone size-full wp-image-124615\" src=\"https:\/\/i0.wp.com\/shop.vape.hk\/wp-content\/uploads\/2023\/10\/03_493bd5d1-f637-483a-aa48-ecb96b879f91.webp?resize=713%2C713&#038;ssl=1\" alt=\"ELFWORLD TRANS Pro 9000 Puffs Einweg Vape | Gro\u00dfhandel\" width=\"713\" height=\"713\" title=\"\"><\/a><\/p>","protected":false},"excerpt":{"rendered":"<p>Der ELFWORLD TRANS Pro 9000 Puffs Einweg-Vape-Gro\u00dfhandel kombiniert einen wiederaufladbaren Akku, eine hochwertige Konstruktion und eine reichhaltige Dampfabgabe f\u00fcr ein erstklassiges und zuverl\u00e4ssiges Dampferlebnis.<\/p>","protected":false},"featured_media":4949,"comment_status":"open","ping_status":"closed","template":"","meta":[],"product_brand":[],"product_cat":[22,480],"product_tag":[467],"class_list":{"0":"post-4696","1":"product","2":"type-product","3":"status-publish","4":"has-post-thumbnail","6":"product_cat-disposable-vape-sticks","7":"product_cat-elfworld","8":"product_tag-elfworld","10":"first","11":"instock","12":"shipping-taxable","13":"purchasable","14":"product-type-simple"},"jetpack_sharing_enabled":true,"tiered_pricing_type":"fixed","tiered_pricing_fixed_rules":{"1000":8,"10000":7,"50000":6},"tiered_pricing_product_settings":{"layout":"default","base_unit_name":{"singular":null,"plural":null},"default_variation":null},"tiered_pricing_minimum_quantity":100,"tiered_pricing_roles_data":[],"tiered_pricing_percentage_rules":[],"tiered_pricing_maximum_quantity":null,"tiered_pricing_quantity_step":null,"_links":{"self":[{"href":"https:\/\/cloudsupplyvapes.com\/de\/wp-json\/wp\/v2\/product\/4696","targetHints":{"allow":["GET"]}}],"collection":[{"href":"https:\/\/cloudsupplyvapes.com\/de\/wp-json\/wp\/v2\/product"}],"about":[{"href":"https:\/\/cloudsupplyvapes.com\/de\/wp-json\/wp\/v2\/types\/product"}],"replies":[{"embeddable":true,"href":"https:\/\/cloudsupplyvapes.com\/de\/wp-json\/wp\/v2\/comments?post=4696"}],"wp:featuredmedia":[{"embeddable":true,"href":"https:\/\/cloudsupplyvapes.com\/de\/wp-json\/wp\/v2\/media\/4949"}],"wp:attachment":[{"href":"https:\/\/cloudsupplyvapes.com\/de\/wp-json\/wp\/v2\/media?parent=4696"}],"wp:term":[{"taxonomy":"product_brand","embeddable":true,"href":"https:\/\/cloudsupplyvapes.com\/de\/wp-json\/wp\/v2\/product_brand?post=4696"},{"taxonomy":"product_cat","embeddable":true,"href":"https:\/\/cloudsupplyvapes.com\/de\/wp-json\/wp\/v2\/product_cat?post=4696"},{"taxonomy":"product_tag","embeddable":true,"href":"https:\/\/cloudsupplyvapes.com\/de\/wp-json\/wp\/v2\/product_tag?post=4696"}],"curies":[{"name":"wp","href":"https:\/\/api.w.org\/{rel}","templated":true}]}}