{"id":4697,"date":"2024-10-19T02:38:25","date_gmt":"2024-10-19T02:38:25","guid":{"rendered":"https:\/\/cloudsupplyvapes.com\/?post_type=product&#038;p=4697"},"modified":"2024-11-26T03:53:57","modified_gmt":"2024-11-26T03:53:57","slug":"-165","status":"publish","type":"product","link":"https:\/\/cloudsupplyvapes.com\/de\/product\/elfworld-dm5500-ultra-5500-puffs-disposable-vape-wholesale\/","title":{"rendered":"ELFWORLD DM5500 ULTRA 5500 Puffs Einweg Vape Gro\u00dfhandel Auslaufsicheres Langlebiges Design"},"content":{"rendered":"<h4>Parameter:<\/h4>\n<p>Fassungsverm\u00f6gen: 13ml<\/p>\n<p>St\u00e4rke: 0\/2\/3\/5%<\/p>\n<p>Akku: 650mAh Typ-C wiederaufladbar<\/p>\n<p>Puffs:5500 Puffs<\/p>\n<p>10 St\u00fcck in einem Displaykarton.<\/p>\n<p><strong>Geschm\u00e4cker\uff1a<\/strong><\/p>\n<p>1. Erdbeer-Kiwi<\/p>\n<p>2. Pazifik-K\u00fchler<\/p>\n<p>3. Gl\u00fcckliches Weideland<\/p>\n<p>4. Erdbeere-Mango<\/p>\n<p>5. Loganbeere<\/p>\n<p>6. Wassermelone mit Erdbeeren<\/p>\n<p>7. Dreifach-Beereneis<\/p>\n<p>8. Blaues Razzeis<\/p>\n<p>9. \u00dcppiges Eis<\/p>\n<p>10.Mango<\/p>\n<p>&nbsp;<\/p>","protected":false},"excerpt":{"rendered":"<p>Der ELFWORLD DM5500 ULTRA 5500 Puffs Einweg-Vape-Gro\u00dfhandel bietet ein auslaufsicheres Design, einen langlebigen Akku und eine konstante Dampfleistung f\u00fcr zuverl\u00e4ssiges und angenehmes Dampfen.<\/p>","protected":false},"featured_media":4958,"comment_status":"open","ping_status":"closed","template":"","meta":[],"product_brand":[],"product_cat":[22,480],"product_tag":[467],"class_list":{"0":"post-4697","1":"product","2":"type-product","3":"status-publish","4":"has-post-thumbnail","6":"product_cat-disposable-vape-sticks","7":"product_cat-elfworld","8":"product_tag-elfworld","10":"first","11":"instock","12":"shipping-taxable","13":"purchasable","14":"product-type-simple"},"jetpack_sharing_enabled":true,"tiered_pricing_type":"fixed","tiered_pricing_fixed_rules":{"1000":6,"10000":5,"50000":4},"tiered_pricing_product_settings":{"layout":"default","base_unit_name":{"singular":null,"plural":null},"default_variation":null},"tiered_pricing_minimum_quantity":100,"tiered_pricing_roles_data":[],"tiered_pricing_percentage_rules":[],"tiered_pricing_maximum_quantity":null,"tiered_pricing_quantity_step":null,"_links":{"self":[{"href":"https:\/\/cloudsupplyvapes.com\/de\/wp-json\/wp\/v2\/product\/4697","targetHints":{"allow":["GET"]}}],"collection":[{"href":"https:\/\/cloudsupplyvapes.com\/de\/wp-json\/wp\/v2\/product"}],"about":[{"href":"https:\/\/cloudsupplyvapes.com\/de\/wp-json\/wp\/v2\/types\/product"}],"replies":[{"embeddable":true,"href":"https:\/\/cloudsupplyvapes.com\/de\/wp-json\/wp\/v2\/comments?post=4697"}],"wp:featuredmedia":[{"embeddable":true,"href":"https:\/\/cloudsupplyvapes.com\/de\/wp-json\/wp\/v2\/media\/4958"}],"wp:attachment":[{"href":"https:\/\/cloudsupplyvapes.com\/de\/wp-json\/wp\/v2\/media?parent=4697"}],"wp:term":[{"taxonomy":"product_brand","embeddable":true,"href":"https:\/\/cloudsupplyvapes.com\/de\/wp-json\/wp\/v2\/product_brand?post=4697"},{"taxonomy":"product_cat","embeddable":true,"href":"https:\/\/cloudsupplyvapes.com\/de\/wp-json\/wp\/v2\/product_cat?post=4697"},{"taxonomy":"product_tag","embeddable":true,"href":"https:\/\/cloudsupplyvapes.com\/de\/wp-json\/wp\/v2\/product_tag?post=4697"}],"curies":[{"name":"wp","href":"https:\/\/api.w.org\/{rel}","templated":true}]}}