{"id":4698,"date":"2024-10-19T02:38:25","date_gmt":"2024-10-19T02:38:25","guid":{"rendered":"https:\/\/cloudsupplyvapes.com\/?post_type=product&#038;p=4698"},"modified":"2024-11-26T03:54:08","modified_gmt":"2024-11-26T03:54:08","slug":"-166","status":"publish","type":"product","link":"https:\/\/cloudsupplyvapes.com\/de\/product\/elfworld-pe10000-10000-puffs-disposable-vape-wholesale\/","title":{"rendered":"ELFWORLD PE10000 10000 Puffs Einweg Vape Gro\u00dfhandel hohe Kapazit\u00e4t schlanke Konstruktion"},"content":{"rendered":"<h4>Parameter:<\/h4>\n<p>Fassungsverm\u00f6gen: 18ml<\/p>\n<p>Strength: 5%<\/p>\n<p>Battery: 500mAh\u00a0Type-C rechargeable<\/p>\n<p>Puffs:10000 Puffs<\/p>\n<p><strong>Geschm\u00e4cker\uff1a<\/strong><\/p>\n<p>1. Erdbeer-Kiwi<\/p>\n<p>2. Cool mint<\/p>\n<p>3. Jolly rancher<\/p>\n<p>4. Erdbeere-Mango<\/p>\n<p>5. Loganbeere<\/p>\n<p>6. Wassermelone mit Erdbeeren<\/p>\n<p>7. Dreifach-Beereneis<\/p>\n<p>8. Blaues Razzeis<\/p>\n<p>9. \u00dcppiges Eis<\/p>\n<p>10.Mango peach apricot<\/p>\n<p>11.Black currant<\/p>\n<p>12.Sirap rose<\/p>\n<p>13.Strawberry peach<\/p>\n<p>14.Lima cactus<\/p>\n<p><a href=\"https:\/\/i0.wp.com\/shop.vape.hk\/wp-content\/uploads\/2023\/10\/01_5a457b15-cbb4-488f-aede-bb21a3331467.webp?ssl=1\" target=\"_blank\" rel=\"noopener\"><img data-recalc-dims=\"1\" loading=\"lazy\" decoding=\"async\" class=\"alignnone size-full wp-image-124656\" src=\"https:\/\/i0.wp.com\/shop.vape.hk\/wp-content\/uploads\/2023\/10\/01_5a457b15-cbb4-488f-aede-bb21a3331467.webp?resize=713%2C1009&#038;ssl=1\" alt=\"ELFWORLD PE10000 10000 Puffs Einweg Vape | Gro\u00dfhandel\" width=\"713\" height=\"1009\" title=\"\"><\/a><\/p>","protected":false},"excerpt":{"rendered":"<p>ELFWORLD PE10000 10000 Puffs Disposable Vape Wholesale verf\u00fcgt \u00fcber eine hohe Kapazit\u00e4t, eine schlanke Konstruktion und eine gleichm\u00e4\u00dfige Dampfabgabe, ideal f\u00fcr langes und m\u00fcheloses Dampfen.<\/p>","protected":false},"featured_media":4965,"comment_status":"open","ping_status":"closed","template":"","meta":[],"product_brand":[],"product_cat":[22,480],"product_tag":[467],"class_list":{"0":"post-4698","1":"product","2":"type-product","3":"status-publish","4":"has-post-thumbnail","6":"product_cat-disposable-vape-sticks","7":"product_cat-elfworld","8":"product_tag-elfworld","10":"first","11":"instock","12":"shipping-taxable","13":"purchasable","14":"product-type-simple"},"jetpack_sharing_enabled":true,"tiered_pricing_type":"fixed","tiered_pricing_fixed_rules":{"1000":8,"10000":7,"50000":6},"tiered_pricing_product_settings":{"layout":"default","base_unit_name":{"singular":null,"plural":null},"default_variation":null},"tiered_pricing_minimum_quantity":30,"tiered_pricing_roles_data":[],"tiered_pricing_percentage_rules":[],"tiered_pricing_maximum_quantity":null,"tiered_pricing_quantity_step":"10","_links":{"self":[{"href":"https:\/\/cloudsupplyvapes.com\/de\/wp-json\/wp\/v2\/product\/4698","targetHints":{"allow":["GET"]}}],"collection":[{"href":"https:\/\/cloudsupplyvapes.com\/de\/wp-json\/wp\/v2\/product"}],"about":[{"href":"https:\/\/cloudsupplyvapes.com\/de\/wp-json\/wp\/v2\/types\/product"}],"replies":[{"embeddable":true,"href":"https:\/\/cloudsupplyvapes.com\/de\/wp-json\/wp\/v2\/comments?post=4698"}],"wp:featuredmedia":[{"embeddable":true,"href":"https:\/\/cloudsupplyvapes.com\/de\/wp-json\/wp\/v2\/media\/4965"}],"wp:attachment":[{"href":"https:\/\/cloudsupplyvapes.com\/de\/wp-json\/wp\/v2\/media?parent=4698"}],"wp:term":[{"taxonomy":"product_brand","embeddable":true,"href":"https:\/\/cloudsupplyvapes.com\/de\/wp-json\/wp\/v2\/product_brand?post=4698"},{"taxonomy":"product_cat","embeddable":true,"href":"https:\/\/cloudsupplyvapes.com\/de\/wp-json\/wp\/v2\/product_cat?post=4698"},{"taxonomy":"product_tag","embeddable":true,"href":"https:\/\/cloudsupplyvapes.com\/de\/wp-json\/wp\/v2\/product_tag?post=4698"}],"curies":[{"name":"wp","href":"https:\/\/api.w.org\/{rel}","templated":true}]}}