{"id":4699,"date":"2024-10-19T02:38:25","date_gmt":"2024-10-19T02:38:25","guid":{"rendered":"https:\/\/cloudsupplyvapes.com\/?post_type=product&#038;p=4699"},"modified":"2024-11-26T03:54:22","modified_gmt":"2024-11-26T03:54:22","slug":"-167","status":"publish","type":"product","link":"https:\/\/cloudsupplyvapes.com\/de\/product\/breze-stiik-king-max-10000-puffs-free-nicotine-disposable-vape-wholesale\/","title":{"rendered":"Breze Stiik King Max 10000 Puffs frei Nikotin Einweg Vape Gro\u00dfhandel glatt Dampf langlebig bauen"},"content":{"rendered":"<h2>Breze Stiik King Max Null Nikotin Einweg Vape<\/h2>\n<ul class=\"top\">\n<li style=\"list-style-type: none;\">\n<ul class=\"top\">\n<li>Marke:\u00a0<b>Breze Stiik<\/b><\/li>\n<li>Einheit: Satz<\/li>\n<li>Art:\u00a0<b>Einweg-Vape<\/b><\/li>\n<li>Nettogewicht: 110(g)<\/li>\n<\/ul>\n<\/li>\n<\/ul>\n<p>Die kombinierten Versandkosten werden automatisch vom System berechnet, nachdem Sie das Versandziel in der Kaufabwicklung ausgew\u00e4hlt haben.<\/p>\n<div class=\"title\">Breze Stiik King Max Null Nikotin Einweg Vape EINLEITUNG<\/div>\n<p><b>Breze Stiik King Max Null Nikotin Einweg Vape\u00a0<\/b>ist eine spezielle Art von Vape, die kein Nikotin enth\u00e4lt. Stattdessen ist er mit 20 ml einer nikotinfreien Fl\u00fcssigkeit namens E-Saft gef\u00fcllt. Dieser Vape hat eine starke Batterie, die \u00fcber einen Typ-C-Anschluss aufgeladen werden kann. Das Beste daran ist, dass er bereits mit einer Menge E-Saft bef\u00fcllt ist, die f\u00fcr bis zu 10.000 sanfte und entspannende Z\u00fcge mit verschiedenen leckeren Geschmacksrichtungen ausreicht. Er ist perfekt f\u00fcr alle, die gerne gro\u00dfe Dampfwolken erzeugen, da er eine Menge E-Liquid fassen kann und einen leistungsstarken Akku hat. Wenn Sie das Dampfen ohne Nikotin genie\u00dfen wollen, ist der Breze Stiik King Max genau das Richtige f\u00fcr Sie! Er ist f\u00fcr Menschen gemacht, die sich um ihre Gesundheit sorgen und sich von Nikotin fernhalten wollen.<\/p>\n<p class=\"second-title\">Eigenschaften<\/p>\n<p>- 20ml vorgef\u00fclltes E-Liquid<\/p>\n<p>- 0%(0mg) Nikotinst\u00e4rke<\/p>\n<p>- Wiederaufladbarer 850mAh-Akku<\/p>\n<p>- Typ-C-Anschluss (nicht enthalten)<\/p>\n<p>- Ungef\u00e4hr 10000 Puffs<\/p>\n<p>- Sub-Ohm Mesh-Spule<\/p>\n<p>- Zeichnen-aktiviert<\/p>\n<p>- DTL Vaping<\/p>\n<p>- Bis zu 8 Geschmacksrichtungen<\/p>\n<p><a href=\"https:\/\/i0.wp.com\/shop.vape.hk\/wp-content\/uploads\/2023\/10\/Breze_Stiik_King_Max-1.jpg?ssl=1\" target=\"_blank\" rel=\"noopener\"><img data-recalc-dims=\"1\" loading=\"lazy\" decoding=\"async\" class=\"alignnone size-full wp-image-124659\" src=\"https:\/\/i0.wp.com\/shop.vape.hk\/wp-content\/uploads\/2023\/10\/Breze_Stiik_King_Max-1.jpg?resize=698%2C1920&#038;ssl=1\" alt=\"Breze Stiik King Max Freies Nikotin 10000 Puffs Null NikotinEinweg Vape | Gro\u00dfhandel\" width=\"698\" height=\"1920\" title=\"\"><\/a><\/p>","protected":false},"excerpt":{"rendered":"<p>Der Breze Stiik King Max 10000 Puffs Free Nicotine Disposable Vape Wholesale bietet eine langlebige Konstruktion, eine gleichm\u00e4\u00dfige Dampfproduktion und ein umweltfreundliches Design f\u00fcr eine lange Nutzungsdauer.<\/p>","protected":false},"featured_media":4975,"comment_status":"open","ping_status":"closed","template":"","meta":[],"product_brand":[],"product_cat":[22],"product_tag":[],"class_list":{"0":"post-4699","1":"product","2":"type-product","3":"status-publish","4":"has-post-thumbnail","6":"product_cat-disposable-vape-sticks","8":"first","9":"instock","10":"shipping-taxable","11":"purchasable","12":"product-type-simple"},"jetpack_sharing_enabled":true,"tiered_pricing_type":"fixed","tiered_pricing_fixed_rules":{"1000":11,"10000":9,"50000":8},"tiered_pricing_product_settings":{"layout":"default","base_unit_name":{"singular":null,"plural":null},"default_variation":null},"tiered_pricing_minimum_quantity":100,"tiered_pricing_roles_data":[],"tiered_pricing_percentage_rules":[],"tiered_pricing_maximum_quantity":null,"tiered_pricing_quantity_step":null,"_links":{"self":[{"href":"https:\/\/cloudsupplyvapes.com\/de\/wp-json\/wp\/v2\/product\/4699","targetHints":{"allow":["GET"]}}],"collection":[{"href":"https:\/\/cloudsupplyvapes.com\/de\/wp-json\/wp\/v2\/product"}],"about":[{"href":"https:\/\/cloudsupplyvapes.com\/de\/wp-json\/wp\/v2\/types\/product"}],"replies":[{"embeddable":true,"href":"https:\/\/cloudsupplyvapes.com\/de\/wp-json\/wp\/v2\/comments?post=4699"}],"wp:featuredmedia":[{"embeddable":true,"href":"https:\/\/cloudsupplyvapes.com\/de\/wp-json\/wp\/v2\/media\/4975"}],"wp:attachment":[{"href":"https:\/\/cloudsupplyvapes.com\/de\/wp-json\/wp\/v2\/media?parent=4699"}],"wp:term":[{"taxonomy":"product_brand","embeddable":true,"href":"https:\/\/cloudsupplyvapes.com\/de\/wp-json\/wp\/v2\/product_brand?post=4699"},{"taxonomy":"product_cat","embeddable":true,"href":"https:\/\/cloudsupplyvapes.com\/de\/wp-json\/wp\/v2\/product_cat?post=4699"},{"taxonomy":"product_tag","embeddable":true,"href":"https:\/\/cloudsupplyvapes.com\/de\/wp-json\/wp\/v2\/product_tag?post=4699"}],"curies":[{"name":"wp","href":"https:\/\/api.w.org\/{rel}","templated":true}]}}