{"id":4700,"date":"2024-10-19T02:38:25","date_gmt":"2024-10-19T02:38:25","guid":{"rendered":"https:\/\/cloudsupplyvapes.com\/?post_type=product&#038;p=4700"},"modified":"2024-11-26T03:54:33","modified_gmt":"2024-11-26T03:54:33","slug":"-168","status":"publish","type":"product","link":"https:\/\/cloudsupplyvapes.com\/de\/product\/breze-stiik-bs6500-6500-puffs-disposable-vape-wholesale\/","title":{"rendered":"Breze Stiik BS6500 6500 Puffs Einweg Vape Gro\u00dfhandel Leichtgewicht Hassle Free Operation"},"content":{"rendered":"<h2><b>Breze Stiik BS6500 Einweg-Vape<\/b><\/h2>\n<ul class=\"top\">\n<li style=\"list-style-type: none;\">\n<ul class=\"top\">\n<li>Marke:\u00a0<b>Breze Stiik<\/b><\/li>\n<li>Einheit: Satz<\/li>\n<li>Art:\u00a0<b>Einweg-Vape<\/b><\/li>\n<li>Nettogewicht: 70(g)<\/li>\n<\/ul>\n<\/li>\n<\/ul>\n<p>Das System berechnet automatisch die kombinierten Versandkosten, nachdem Sie das Versandziel in der Kaufabwicklung ausgew\u00e4hlt haben.<\/p>\n<div class=\"title\">Breze Stiik BS6500 Einweg Vape EINLEITUNG<\/div>\n<p><b>Breze Stiik BS6500 Einweg-Vape<\/b>\u00a0verf\u00fcgt \u00fcber eine 15ml vorgef\u00fcllte e-Fl\u00fcssigkeit mit 5% (50mg) Nikotinst\u00e4rke, passend zu einem sch\u00f6nen Kick und Kehle hit. Dauerhaft rund 6500 Puffs, hat dieses Ger\u00e4t eine Mini-Flamme Form, und die Kanten sind abgerundet, um einen bequemen Griff zu geben. Angetrieben von einem wiederaufladbaren 400mAh-Akku, bietet es eine Vielzahl von Geschmackskombinationen zur Auswahl. Der Betrieb ist so einfach wie Inhalation, k\u00f6nnen Sie eine enge ziehen f\u00fcr etwa 6500 Z\u00fcge zu bekommen.<\/p>\n<p class=\"second-title\">Eigenschaften<\/p>\n<p>- 15ml vorgef\u00fclltes E-Liquid<\/p>\n<p>- 5%(50mg) Nikotinst\u00e4rke<\/p>\n<p>- Wiederaufladbare 400mAh Batterie<\/p>\n<p>- Typ-C-Anschluss (nicht enthalten)<\/p>\n<p>- Ungef\u00e4hr 6500 Puffs<\/p>\n<p>- 1.2ohm Mesh-Spule<\/p>\n<p>- Zeichnen-aktiviert<\/p>\n<p>- MTL-Vaping<\/p>","protected":false},"excerpt":{"rendered":"<p>Breze Stiik BS6500 6500 Puffs Einweg-Vape-Gro\u00dfhandel kombiniert leichte Konstruktion mit problemlosen Betrieb, liefert konsistente Dampf f\u00fcr eine befriedigende Sitzung vaping.<\/p>","protected":false},"featured_media":4983,"comment_status":"open","ping_status":"closed","template":"","meta":[],"product_brand":[],"product_cat":[22],"product_tag":[],"class_list":{"0":"post-4700","1":"product","2":"type-product","3":"status-publish","4":"has-post-thumbnail","6":"product_cat-disposable-vape-sticks","8":"first","9":"instock","10":"shipping-taxable","11":"purchasable","12":"product-type-simple"},"jetpack_sharing_enabled":true,"tiered_pricing_type":"fixed","tiered_pricing_fixed_rules":{"1000":6,"10000":5,"50000":4},"tiered_pricing_product_settings":{"layout":"default","base_unit_name":{"singular":null,"plural":null},"default_variation":null},"tiered_pricing_minimum_quantity":100,"tiered_pricing_roles_data":[],"tiered_pricing_percentage_rules":[],"tiered_pricing_maximum_quantity":null,"tiered_pricing_quantity_step":null,"_links":{"self":[{"href":"https:\/\/cloudsupplyvapes.com\/de\/wp-json\/wp\/v2\/product\/4700","targetHints":{"allow":["GET"]}}],"collection":[{"href":"https:\/\/cloudsupplyvapes.com\/de\/wp-json\/wp\/v2\/product"}],"about":[{"href":"https:\/\/cloudsupplyvapes.com\/de\/wp-json\/wp\/v2\/types\/product"}],"replies":[{"embeddable":true,"href":"https:\/\/cloudsupplyvapes.com\/de\/wp-json\/wp\/v2\/comments?post=4700"}],"wp:featuredmedia":[{"embeddable":true,"href":"https:\/\/cloudsupplyvapes.com\/de\/wp-json\/wp\/v2\/media\/4983"}],"wp:attachment":[{"href":"https:\/\/cloudsupplyvapes.com\/de\/wp-json\/wp\/v2\/media?parent=4700"}],"wp:term":[{"taxonomy":"product_brand","embeddable":true,"href":"https:\/\/cloudsupplyvapes.com\/de\/wp-json\/wp\/v2\/product_brand?post=4700"},{"taxonomy":"product_cat","embeddable":true,"href":"https:\/\/cloudsupplyvapes.com\/de\/wp-json\/wp\/v2\/product_cat?post=4700"},{"taxonomy":"product_tag","embeddable":true,"href":"https:\/\/cloudsupplyvapes.com\/de\/wp-json\/wp\/v2\/product_tag?post=4700"}],"curies":[{"name":"wp","href":"https:\/\/api.w.org\/{rel}","templated":true}]}}