{"id":4701,"date":"2024-10-19T02:38:25","date_gmt":"2024-10-19T02:38:25","guid":{"rendered":"https:\/\/cloudsupplyvapes.com\/?post_type=product&#038;p=4701"},"modified":"2024-11-26T03:54:43","modified_gmt":"2024-11-26T03:54:43","slug":"-169","status":"publish","type":"product","link":"https:\/\/cloudsupplyvapes.com\/de\/product\/breze-stiik-fit-6000-puffs-disposable-vape-wholesale\/","title":{"rendered":"Breze Stiik Fit 6000 Puffs Einweg Vape Gro\u00dfhandel Kompaktes Design Lang anhaltende Leistung"},"content":{"rendered":"<h2>Breze Stiik Fit 6000 Einweg Vape<\/h2>\n<ul class=\"top\">\n<li style=\"list-style-type: none;\">\n<ul class=\"top\">\n<li>Marke:\u00a0<b>Breze Stiik<\/b><\/li>\n<li>Einheit: Satz<\/li>\n<li>Art:\u00a0<b>Einweg-Vape<\/b><\/li>\n<li>Nettogewicht: 70(g)<\/li>\n<\/ul>\n<\/li>\n<\/ul>\n<p>Die kombinierten Versandkosten werden automatisch vom System berechnet, nachdem Sie das Versandziel in der Kaufabwicklung ausgew\u00e4hlt haben.<\/p>\n<div class=\"title\">Breze Stiik Fit 6000 Einweg Vape EINLEITUNG<\/div>\n<p><b>Breze Stiik Fit 6000 Einweg Vape<\/b>\u00a0verwendet eine 15ml vorgef\u00fcllte e-Fl\u00fcssigkeit, die eine Netzspule enth\u00e4lt und bis zu 6000 Z\u00fcge pro Bar liefert. Nachahmung der Form und Form eines neuartigen E-Saft-Flasche, hat es ein Bajonett-Typ-Kappe, um die Reinheit des Geschmacks zu gew\u00e4hrleisten. Der Auto-Draw-Trigger auf dem Ger\u00e4t funktioniert gut und sein Mundst\u00fcck erlaubt es, Ihre Lippen angemessen zu verformen. Die Kombination von Fruchtgeschmack und 5% (50mg) Nikotin St\u00e4rke kann bis zu Ihrem idealen Geschmacksprofil zu leben.<\/p>\n<p class=\"second-title\">Eigenschaften<\/p>\n<p>- 15ml vorgef\u00fclltes E-Liquid<\/p>\n<p>- 5%(50mg) Nikotinst\u00e4rke<\/p>\n<p>- 400mAh wiederaufladbare Batterie<\/p>\n<p>- USB Typ-C (nicht enthalten)<\/p>\n<p>- Ungef\u00e4hr 6000 Puffs<\/p>\n<p>- 1.2ohm Mesh-Spule<\/p>\n<p>- Zeichnen-aktiviert<\/p>\n<p>- MTL-Vaping<\/p>\n<p>- Bajonettverschluss (hochziehbar)<\/p>\n<p>&nbsp;<\/p>","protected":false},"excerpt":{"rendered":"<p>Die Breze Stiik Fit 6000 Puffs Disposable Vape Wholesale bietet ein kompaktes Design, eine lang anhaltende Leistung und eine gleichm\u00e4\u00dfige Dampfabgabe f\u00fcr bequemes und tragbares Dampfen.<\/p>","protected":false},"featured_media":4990,"comment_status":"open","ping_status":"closed","template":"","meta":[],"product_brand":[],"product_cat":[22],"product_tag":[],"class_list":{"0":"post-4701","1":"product","2":"type-product","3":"status-publish","4":"has-post-thumbnail","6":"product_cat-disposable-vape-sticks","8":"first","9":"instock","10":"shipping-taxable","11":"purchasable","12":"product-type-simple"},"jetpack_sharing_enabled":true,"tiered_pricing_type":"fixed","tiered_pricing_fixed_rules":[],"tiered_pricing_product_settings":{"layout":"default","base_unit_name":{"singular":null,"plural":null},"default_variation":null},"tiered_pricing_minimum_quantity":100,"tiered_pricing_roles_data":[],"tiered_pricing_percentage_rules":[],"tiered_pricing_maximum_quantity":null,"tiered_pricing_quantity_step":null,"_links":{"self":[{"href":"https:\/\/cloudsupplyvapes.com\/de\/wp-json\/wp\/v2\/product\/4701","targetHints":{"allow":["GET"]}}],"collection":[{"href":"https:\/\/cloudsupplyvapes.com\/de\/wp-json\/wp\/v2\/product"}],"about":[{"href":"https:\/\/cloudsupplyvapes.com\/de\/wp-json\/wp\/v2\/types\/product"}],"replies":[{"embeddable":true,"href":"https:\/\/cloudsupplyvapes.com\/de\/wp-json\/wp\/v2\/comments?post=4701"}],"wp:featuredmedia":[{"embeddable":true,"href":"https:\/\/cloudsupplyvapes.com\/de\/wp-json\/wp\/v2\/media\/4990"}],"wp:attachment":[{"href":"https:\/\/cloudsupplyvapes.com\/de\/wp-json\/wp\/v2\/media?parent=4701"}],"wp:term":[{"taxonomy":"product_brand","embeddable":true,"href":"https:\/\/cloudsupplyvapes.com\/de\/wp-json\/wp\/v2\/product_brand?post=4701"},{"taxonomy":"product_cat","embeddable":true,"href":"https:\/\/cloudsupplyvapes.com\/de\/wp-json\/wp\/v2\/product_cat?post=4701"},{"taxonomy":"product_tag","embeddable":true,"href":"https:\/\/cloudsupplyvapes.com\/de\/wp-json\/wp\/v2\/product_tag?post=4701"}],"curies":[{"name":"wp","href":"https:\/\/api.w.org\/{rel}","templated":true}]}}