{"id":4864,"date":"2024-10-19T02:39:08","date_gmt":"2024-10-19T02:39:08","guid":{"rendered":"https:\/\/cloudsupplyvapes.com\/?post_type=product&#038;p=4864"},"modified":"2024-11-26T03:50:03","modified_gmt":"2024-11-26T03:50:03","slug":"-176","status":"publish","type":"product","link":"https:\/\/cloudsupplyvapes.com\/de\/product\/relx-waka-solo-1800-puffs-disposable-vape-wholesale\/","title":{"rendered":"RELX WAKA Solo 1800 Puffs Einweg Vape Gro\u00dfhandel Anf\u00e4nger freundlich kompaktes Design"},"content":{"rendered":"<div><strong>Geschm\u00e4cker :\u00a0<\/strong><\/div>\n<div><\/div>\n<div><strong>Cooler:<\/strong><\/div>\n<div>Erdbeere-Banane<\/div>\n<div>Kirsche-Limette<\/div>\n<div>Wassermelone Chill<\/div>\n<div>Grape Apple<\/div>\n<div>Lychee Burst<\/div>\n<div>Pineapple Passion<\/div>\n<div>Erdbeereis<\/div>\n<div>Frische Minze<\/div>\n<div>Mango-Orange<\/div>\n<div>Pineapple Slice<\/div>\n<div>Erdbeer-Mango<\/div>\n<div>Minty Lemon<\/div>\n<div>Guave Schale<\/div>\n<div><\/div>\n<div><strong>Sweeter:<\/strong><\/div>\n<div>Triple Berry<\/div>\n<div>Black Currant<\/div>\n<div>Banana Freeze<\/div>\n<div>Dark Cherry<\/div>\n<div>Blueberry Dream<\/div>\n<div>Creamy Lemon<\/div>\n<div>Smooth Yogurt<\/div>\n<div>Melon Sparkle<\/div>\n<div>Summendes Rot<\/div>\n<div>Creamy Cascade<\/div>\n<div>Doppelter Apfel<\/div>\n<div>Lush Tobacco<\/div>\n<div>Lychee Mango<\/div>\n<div>Mango Nectar<\/div>\n<div>Erdbeere Traube<\/div>\n<div>W\u00b7A\u00b7K\u00b7A Punch<\/div>\n<div>Fruchtige Kauartikel<\/div>\n<div><a href=\"https:\/\/i0.wp.com\/shop.vape.hk\/wp-content\/uploads\/2023\/10\/GDFGVDF.jpg?ssl=1\" target=\"_blank\" rel=\"noopener\"><img data-recalc-dims=\"1\" loading=\"lazy\" decoding=\"async\" class=\"alignnone size-full wp-image-124796\" src=\"https:\/\/i0.wp.com\/shop.vape.hk\/wp-content\/uploads\/2023\/10\/GDFGVDF.jpg?resize=1020%2C483&#038;ssl=1\" alt=\"RELX WAKA Solo 1800 Puffs Disposable Vape | Wholesale\" width=\"1020\" height=\"483\" title=\"\"><\/a> <a href=\"https:\/\/i0.wp.com\/shop.vape.hk\/wp-content\/uploads\/2023\/10\/THFRHDEGED.jpg?ssl=1\" target=\"_blank\" rel=\"noopener\"><img data-recalc-dims=\"1\" loading=\"lazy\" decoding=\"async\" class=\"alignnone size-full wp-image-124797\" src=\"https:\/\/i0.wp.com\/shop.vape.hk\/wp-content\/uploads\/2023\/10\/THFRHDEGED.jpg?resize=1020%2C432&#038;ssl=1\" alt=\"RELX WAKA Solo 1800 Puffs Disposable Vape | Wholesale\" width=\"1020\" height=\"432\" title=\"\"><\/a> <a href=\"https:\/\/i0.wp.com\/shop.vape.hk\/wp-content\/uploads\/2023\/10\/FHTYHTR.jpg?ssl=1\" target=\"_blank\" rel=\"noopener\"><img data-recalc-dims=\"1\" loading=\"lazy\" decoding=\"async\" class=\"alignnone size-full wp-image-124798\" src=\"https:\/\/i0.wp.com\/shop.vape.hk\/wp-content\/uploads\/2023\/10\/FHTYHTR.jpg?resize=1020%2C468&#038;ssl=1\" alt=\"RELX WAKA Solo 1800 Puffs Disposable Vape | Wholesale\" width=\"1020\" height=\"468\" title=\"\"><\/a><\/div>","protected":false},"excerpt":{"rendered":"<p>The RELX WAKA Solo 1800 Puffs Disposable Vape Wholesale is beginner-friendly, featuring a compact design and hassle-free operation for smooth vapor and easy use.<\/p>","protected":false},"featured_media":5049,"comment_status":"open","ping_status":"closed","template":"","meta":[],"product_brand":[],"product_cat":[22],"product_tag":[],"class_list":{"0":"post-4864","1":"product","2":"type-product","3":"status-publish","4":"has-post-thumbnail","6":"product_cat-disposable-vape-sticks","8":"first","9":"instock","10":"shipping-taxable","11":"purchasable","12":"product-type-simple"},"jetpack_sharing_enabled":true,"tiered_pricing_type":"fixed","tiered_pricing_fixed_rules":{"1000":5.5,"10000":5,"50000":4.5},"tiered_pricing_product_settings":{"layout":"default","base_unit_name":{"singular":null,"plural":null},"default_variation":null},"tiered_pricing_minimum_quantity":100,"tiered_pricing_roles_data":[],"tiered_pricing_percentage_rules":[],"tiered_pricing_maximum_quantity":null,"tiered_pricing_quantity_step":null,"_links":{"self":[{"href":"https:\/\/cloudsupplyvapes.com\/de\/wp-json\/wp\/v2\/product\/4864","targetHints":{"allow":["GET"]}}],"collection":[{"href":"https:\/\/cloudsupplyvapes.com\/de\/wp-json\/wp\/v2\/product"}],"about":[{"href":"https:\/\/cloudsupplyvapes.com\/de\/wp-json\/wp\/v2\/types\/product"}],"replies":[{"embeddable":true,"href":"https:\/\/cloudsupplyvapes.com\/de\/wp-json\/wp\/v2\/comments?post=4864"}],"wp:featuredmedia":[{"embeddable":true,"href":"https:\/\/cloudsupplyvapes.com\/de\/wp-json\/wp\/v2\/media\/5049"}],"wp:attachment":[{"href":"https:\/\/cloudsupplyvapes.com\/de\/wp-json\/wp\/v2\/media?parent=4864"}],"wp:term":[{"taxonomy":"product_brand","embeddable":true,"href":"https:\/\/cloudsupplyvapes.com\/de\/wp-json\/wp\/v2\/product_brand?post=4864"},{"taxonomy":"product_cat","embeddable":true,"href":"https:\/\/cloudsupplyvapes.com\/de\/wp-json\/wp\/v2\/product_cat?post=4864"},{"taxonomy":"product_tag","embeddable":true,"href":"https:\/\/cloudsupplyvapes.com\/de\/wp-json\/wp\/v2\/product_tag?post=4864"}],"curies":[{"name":"wp","href":"https:\/\/api.w.org\/{rel}","templated":true}]}}