{"id":4868,"date":"2024-10-19T02:39:08","date_gmt":"2024-10-19T02:39:08","guid":{"rendered":"https:\/\/cloudsupplyvapes.com\/?post_type=product&#038;p=4868"},"modified":"2024-11-26T03:50:25","modified_gmt":"2024-11-26T03:50:25","slug":"-178","status":"publish","type":"product","link":"https:\/\/cloudsupplyvapes.com\/de\/product\/waka-slam-2300-puffs-disposable-vape-wholesale\/","title":{"rendered":"WAKA Slam 2300 Puffs Einweg Vape Gro\u00dfhandel Sleek Design Langlebige Leistung"},"content":{"rendered":"<p><strong>Geschmack:<\/strong><br \/>\nBanane-Kokosnuss<br \/>\nSummendes Rot<br \/>\nGuave Schale<br \/>\nMango-Melone-Aloe<br \/>\nFruchtige Kauartikel<br \/>\nOrange Grapefruit<br \/>\nPineana Melone<br \/>\nW.A.K.A. Punch<br \/>\nGranatapfel Apfel<br \/>\nHimbeere Wassermelone<\/p>\n<p><b>Merkmale<\/b>:<br \/>\nNicht nachf\u00fcllbarer Einweg-Vaporizer<br \/>\n6,5ml<br \/>\n1000mAh-Akku<br \/>\n2300 Sitzs\u00e4cke<br \/>\nMaschenspule<br \/>\nAutomatische Z\u00fcndung<br \/>\nAnti-Spill-Technologie<br \/>\nreichlich Dampf<\/p>\n<p><a href=\"https:\/\/i0.wp.com\/shop.vape.hk\/wp-content\/uploads\/2023\/10\/9ee58ce5-236f-40cc-b83e-09a68cff9860.jpg?ssl=1\" target=\"_blank\" rel=\"noopener\"><img data-recalc-dims=\"1\" loading=\"lazy\" decoding=\"async\" class=\"alignnone size-full wp-image-124855\" src=\"https:\/\/i0.wp.com\/shop.vape.hk\/wp-content\/uploads\/2023\/10\/9ee58ce5-236f-40cc-b83e-09a68cff9860.jpg?resize=800%2C800&#038;ssl=1\" alt=\"WAKA Slam 2300 Puffs Einweg Vape | Gro\u00dfhandel\" width=\"800\" height=\"800\" title=\"\"><\/a> <a href=\"https:\/\/i0.wp.com\/shop.vape.hk\/wp-content\/uploads\/2023\/10\/Slam_web_1.jpg?ssl=1\" target=\"_blank\" rel=\"noopener\"><img data-recalc-dims=\"1\" loading=\"lazy\" decoding=\"async\" class=\"alignnone size-full wp-image-124847\" src=\"https:\/\/i0.wp.com\/shop.vape.hk\/wp-content\/uploads\/2023\/10\/Slam_web_1.jpg?resize=1020%2C377&#038;ssl=1\" alt=\"WAKA Slam 2300 Puffs Einweg Vape | Gro\u00dfhandel\" width=\"1020\" height=\"377\" title=\"\"><\/a> <a href=\"https:\/\/i0.wp.com\/shop.vape.hk\/wp-content\/uploads\/2023\/10\/Slam_web_2.jpg?ssl=1\" target=\"_blank\" rel=\"noopener\"><img data-recalc-dims=\"1\" loading=\"lazy\" decoding=\"async\" class=\"alignnone size-full wp-image-124846\" src=\"https:\/\/i0.wp.com\/shop.vape.hk\/wp-content\/uploads\/2023\/10\/Slam_web_2.jpg?resize=1020%2C377&#038;ssl=1\" alt=\"WAKA Slam 2300 Puffs Einweg Vape | Gro\u00dfhandel\" width=\"1020\" height=\"377\" title=\"\"><\/a><\/p>","protected":false},"excerpt":{"rendered":"<p>Der WAKA Slam 2300 Puffs Einweg-Vape-Gro\u00dfhandel zeichnet sich durch ein schlankes und stilvolles Aussehen, dauerhafte Leistung und eine gleichm\u00e4\u00dfige Dampfabgabe f\u00fcr ein angenehmes Dampferlebnis aus.<\/p>","protected":false},"featured_media":5070,"comment_status":"open","ping_status":"closed","template":"","meta":[],"product_brand":[],"product_cat":[22],"product_tag":[],"class_list":{"0":"post-4868","1":"product","2":"type-product","3":"status-publish","4":"has-post-thumbnail","6":"product_cat-disposable-vape-sticks","8":"first","9":"instock","10":"shipping-taxable","11":"purchasable","12":"product-type-simple"},"jetpack_sharing_enabled":true,"tiered_pricing_type":"fixed","tiered_pricing_fixed_rules":{"1000":4.5,"10000":4,"50000":3.5},"tiered_pricing_product_settings":{"layout":"default","base_unit_name":{"singular":null,"plural":null},"default_variation":null},"tiered_pricing_minimum_quantity":100,"tiered_pricing_roles_data":[],"tiered_pricing_percentage_rules":[],"tiered_pricing_maximum_quantity":null,"tiered_pricing_quantity_step":null,"_links":{"self":[{"href":"https:\/\/cloudsupplyvapes.com\/de\/wp-json\/wp\/v2\/product\/4868","targetHints":{"allow":["GET"]}}],"collection":[{"href":"https:\/\/cloudsupplyvapes.com\/de\/wp-json\/wp\/v2\/product"}],"about":[{"href":"https:\/\/cloudsupplyvapes.com\/de\/wp-json\/wp\/v2\/types\/product"}],"replies":[{"embeddable":true,"href":"https:\/\/cloudsupplyvapes.com\/de\/wp-json\/wp\/v2\/comments?post=4868"}],"wp:featuredmedia":[{"embeddable":true,"href":"https:\/\/cloudsupplyvapes.com\/de\/wp-json\/wp\/v2\/media\/5070"}],"wp:attachment":[{"href":"https:\/\/cloudsupplyvapes.com\/de\/wp-json\/wp\/v2\/media?parent=4868"}],"wp:term":[{"taxonomy":"product_brand","embeddable":true,"href":"https:\/\/cloudsupplyvapes.com\/de\/wp-json\/wp\/v2\/product_brand?post=4868"},{"taxonomy":"product_cat","embeddable":true,"href":"https:\/\/cloudsupplyvapes.com\/de\/wp-json\/wp\/v2\/product_cat?post=4868"},{"taxonomy":"product_tag","embeddable":true,"href":"https:\/\/cloudsupplyvapes.com\/de\/wp-json\/wp\/v2\/product_tag?post=4868"}],"curies":[{"name":"wp","href":"https:\/\/api.w.org\/{rel}","templated":true}]}}