{"id":4939,"date":"2024-10-19T02:39:37","date_gmt":"2024-10-19T02:39:37","guid":{"rendered":"https:\/\/cloudsupplyvapes.com\/?post_type=product&#038;p=4939"},"modified":"2024-11-26T03:47:09","modified_gmt":"2024-11-26T03:47:09","slug":"-182","status":"publish","type":"product","link":"https:\/\/cloudsupplyvapes.com\/de\/product\/waka-sopro-pa10000-10000-puffs-disposable-wholesale\/","title":{"rendered":"WAKA soPro PA10000 10000 Puffs Einweg Gro\u00dfhandel Wiederaufladbar Smooth Vapor Output"},"content":{"rendered":"<p><strong>Geschm\u00e4cker:<\/strong><br \/>\nMango<br \/>\nK\u00fchle Minze<br \/>\nCranberry-Traube<br \/>\nApfel<br \/>\nFrische Minze<br \/>\nKiwi-Drachenfrucht-Beere<br \/>\nSamstagstraube<br \/>\nWeintraube Apfel<br \/>\nPfefferminz<br \/>\nErdbeer-Kiwi<br \/>\nKiwi-Passion-Guave<br \/>\nWassermelone k\u00fchlen<\/p>\n<p><strong>Technische Daten:<\/strong><\/p>\n<table border=\"1\" cellspacing=\"1\" cellpadding=\"1\">\n<tbody>\n<tr>\n<td colspan=\"2\">waka sopro pa10000 Einweg-Vape<\/td>\n<\/tr>\n<tr>\n<td><b>pufft<\/b><\/td>\n<td><b>10000 Z\u00fcge<\/b><\/td>\n<\/tr>\n<tr>\n<td><b>ejuice Kapazit\u00e4t<\/b><\/td>\n<td><b>18ml<\/b><\/td>\n<\/tr>\n<tr>\n<td><b>Kapazit\u00e4t der Batterie<\/b><\/td>\n<td><b>850 mah<\/b><\/td>\n<\/tr>\n<tr>\n<td><b>Nikotingehalt<\/b><\/td>\n<td><b>3% 5% Nikotin<\/b><\/td>\n<\/tr>\n<tr>\n<td><b>Paket<\/b><\/td>\n<td><b>1St\u00fcck\/Packung, 10Packungen\/Karton, 30Kartons\/Karton, russische Sprache<\/b><\/td>\n<\/tr>\n<tr>\n<td><b>Bescheinigungen<\/b><\/td>\n<td><b>FCC,ROHS,CE,MSDS<\/b><\/td>\n<\/tr>\n<tr>\n<td><b>Geschm\u00e4cker<\/b><\/td>\n<td><b>15 Geschmacksrichtung<\/b><\/td>\n<\/tr>\n<tr>\n<td><b>OEM<\/b><\/td>\n<td><b>Unterst\u00fctzung<\/b><\/td>\n<\/tr>\n<\/tbody>\n<\/table>\n<p><a href=\"https:\/\/i0.wp.com\/shop.vape.hk\/wp-content\/uploads\/2023\/10\/soPro_PA10000_KV-Simplify-Horizontal.jpg?ssl=1\" target=\"_blank\" rel=\"noopener\"><img data-recalc-dims=\"1\" loading=\"lazy\" decoding=\"async\" class=\"alignnone size-full wp-image-124899\" src=\"https:\/\/i0.wp.com\/shop.vape.hk\/wp-content\/uploads\/2023\/10\/soPro_PA10000_KV-Simplify-Horizontal.jpg?resize=1020%2C574&#038;ssl=1\" alt=\"WAKA soPro PA10000 10000 Puffs Einweg Vape | Gro\u00dfhandel\" width=\"1020\" height=\"574\" title=\"\"><\/a> <a href=\"https:\/\/i0.wp.com\/shop.vape.hk\/wp-content\/uploads\/2023\/10\/8_-1w.jpg?ssl=1\" target=\"_blank\" rel=\"noopener\"><img data-recalc-dims=\"1\" loading=\"lazy\" decoding=\"async\" class=\"alignnone size-full wp-image-124897\" src=\"https:\/\/i0.wp.com\/shop.vape.hk\/wp-content\/uploads\/2023\/10\/8_-1w.jpg?resize=1020%2C383&#038;ssl=1\" alt=\"WAKA soPro PA10000 10000 Puffs Einweg Vape | Gro\u00dfhandel\" width=\"1020\" height=\"383\" title=\"\"><\/a> <a href=\"https:\/\/i0.wp.com\/shop.vape.hk\/wp-content\/uploads\/2023\/10\/8_2-1w.jpg?ssl=1\" target=\"_blank\" rel=\"noopener\"><img data-recalc-dims=\"1\" loading=\"lazy\" decoding=\"async\" class=\"alignnone size-full wp-image-124896\" src=\"https:\/\/i0.wp.com\/shop.vape.hk\/wp-content\/uploads\/2023\/10\/8_2-1w.jpg?resize=1020%2C383&#038;ssl=1\" alt=\"WAKA soPro PA10000 10000 Puffs Einweg Vape | Gro\u00dfhandel\" width=\"1020\" height=\"383\" title=\"\"><\/a> <a href=\"https:\/\/i0.wp.com\/shop.vape.hk\/wp-content\/uploads\/2023\/10\/8_3-1w.jpg?ssl=1\" target=\"_blank\" rel=\"noopener\"><img data-recalc-dims=\"1\" loading=\"lazy\" decoding=\"async\" class=\"alignnone size-full wp-image-124895\" src=\"https:\/\/i0.wp.com\/shop.vape.hk\/wp-content\/uploads\/2023\/10\/8_3-1w.jpg?resize=1020%2C383&#038;ssl=1\" alt=\"WAKA soPro PA10000 10000 Puffs Einweg Vape | Gro\u00dfhandel\" width=\"1020\" height=\"383\" title=\"\"><\/a><\/p>","protected":false},"excerpt":{"rendered":"<p>Der WAKA soPro PA10000 10000 Puffs Einweg-Gro\u00dfhandel bietet wiederaufladbaren Komfort, gleichm\u00e4\u00dfige Dampfabgabe und ein Design mit hoher Kapazit\u00e4t f\u00fcr eine lange und problemlose Nutzung.<\/p>","protected":false},"featured_media":5093,"comment_status":"open","ping_status":"closed","template":"","meta":[],"product_brand":[],"product_cat":[22],"product_tag":[],"class_list":{"0":"post-4939","1":"product","2":"type-product","3":"status-publish","4":"has-post-thumbnail","6":"product_cat-disposable-vape-sticks","8":"first","9":"instock","10":"shipping-taxable","11":"purchasable","12":"product-type-simple"},"jetpack_sharing_enabled":true,"tiered_pricing_type":"fixed","tiered_pricing_fixed_rules":{"100":8,"10000":7,"50000":6},"tiered_pricing_product_settings":{"layout":"default","base_unit_name":{"singular":null,"plural":null},"default_variation":null},"tiered_pricing_minimum_quantity":50,"tiered_pricing_roles_data":[],"tiered_pricing_percentage_rules":[],"tiered_pricing_maximum_quantity":null,"tiered_pricing_quantity_step":null,"_links":{"self":[{"href":"https:\/\/cloudsupplyvapes.com\/de\/wp-json\/wp\/v2\/product\/4939","targetHints":{"allow":["GET"]}}],"collection":[{"href":"https:\/\/cloudsupplyvapes.com\/de\/wp-json\/wp\/v2\/product"}],"about":[{"href":"https:\/\/cloudsupplyvapes.com\/de\/wp-json\/wp\/v2\/types\/product"}],"replies":[{"embeddable":true,"href":"https:\/\/cloudsupplyvapes.com\/de\/wp-json\/wp\/v2\/comments?post=4939"}],"wp:featuredmedia":[{"embeddable":true,"href":"https:\/\/cloudsupplyvapes.com\/de\/wp-json\/wp\/v2\/media\/5093"}],"wp:attachment":[{"href":"https:\/\/cloudsupplyvapes.com\/de\/wp-json\/wp\/v2\/media?parent=4939"}],"wp:term":[{"taxonomy":"product_brand","embeddable":true,"href":"https:\/\/cloudsupplyvapes.com\/de\/wp-json\/wp\/v2\/product_brand?post=4939"},{"taxonomy":"product_cat","embeddable":true,"href":"https:\/\/cloudsupplyvapes.com\/de\/wp-json\/wp\/v2\/product_cat?post=4939"},{"taxonomy":"product_tag","embeddable":true,"href":"https:\/\/cloudsupplyvapes.com\/de\/wp-json\/wp\/v2\/product_tag?post=4939"}],"curies":[{"name":"wp","href":"https:\/\/api.w.org\/{rel}","templated":true}]}}