{"id":4941,"date":"2024-10-19T02:39:37","date_gmt":"2024-10-19T02:39:37","guid":{"rendered":"https:\/\/cloudsupplyvapes.com\/?post_type=product&#038;p=4941"},"modified":"2024-11-26T03:47:34","modified_gmt":"2024-11-26T03:47:34","slug":"-184","status":"publish","type":"product","link":"https:\/\/cloudsupplyvapes.com\/de\/product\/waka-sopro-smash-6000-puffs-disposable-vape-wholesale\/","title":{"rendered":"WAKA soPro Smash 6000 Puffs Einweg Vape Gro\u00dfhandel hohe Qualit\u00e4t dauerhafte Leistung"},"content":{"rendered":"<div><strong>Geschmack:<\/strong><\/div>\n<div>Wassermelone Eis<\/div>\n<div>Aloe Traube<\/div>\n<div>Apple Surge<\/div>\n<div>Banane-Kokosnuss<\/div>\n<div>Blackberry Surge<\/div>\n<div>Kirsche-Limette<\/div>\n<div>Frische Minze<\/div>\n<div>Lychee Orange<\/div>\n<div>Mango-Melone<\/div>\n<div>Pinenana-Melone<\/div>\n<div>Erdbeere Traube<\/div>\n<div>Erdbeer-Mango<\/div>\n<div><a href=\"https:\/\/i0.wp.com\/shop.vape.hk\/wp-content\/uploads\/2023\/10\/Updated_WAKA_Smash_One_Pager_20230120_page-0001.jpg?ssl=1\" target=\"_blank\" rel=\"noopener\"><img data-recalc-dims=\"1\" loading=\"lazy\" decoding=\"async\" class=\"alignnone size-full wp-image-124927\" src=\"https:\/\/i0.wp.com\/shop.vape.hk\/wp-content\/uploads\/2023\/10\/Updated_WAKA_Smash_One_Pager_20230120_page-0001.jpg?resize=1020%2C1442&#038;ssl=1\" alt=\"soPro Smash 6000 Puffs Einweg Vape | Gro\u00dfhandel\" width=\"1020\" height=\"1442\" title=\"\"><\/a><\/div>\n<div><\/div>","protected":false},"excerpt":{"rendered":"<p>Der WAKA soPro Smash 6000 Puffs Einweg-Vape-Gro\u00dfhandel bietet hochwertiges Material, dauerhafte Leistung und gleichm\u00e4\u00dfige Dampfproduktion f\u00fcr zuverl\u00e4ssiges und lang anhaltendes Dampfen.<\/p>","protected":false},"featured_media":5100,"comment_status":"open","ping_status":"closed","template":"","meta":[],"product_brand":[],"product_cat":[22],"product_tag":[],"class_list":{"0":"post-4941","1":"product","2":"type-product","3":"status-publish","4":"has-post-thumbnail","6":"product_cat-disposable-vape-sticks","8":"first","9":"instock","10":"shipping-taxable","11":"purchasable","12":"product-type-simple"},"jetpack_sharing_enabled":true,"tiered_pricing_type":"fixed","tiered_pricing_fixed_rules":{"1000":6,"10000":5,"50000":4},"tiered_pricing_product_settings":{"layout":"default","base_unit_name":{"singular":null,"plural":null},"default_variation":null},"tiered_pricing_minimum_quantity":100,"tiered_pricing_roles_data":[],"tiered_pricing_percentage_rules":[],"tiered_pricing_maximum_quantity":null,"tiered_pricing_quantity_step":null,"_links":{"self":[{"href":"https:\/\/cloudsupplyvapes.com\/de\/wp-json\/wp\/v2\/product\/4941","targetHints":{"allow":["GET"]}}],"collection":[{"href":"https:\/\/cloudsupplyvapes.com\/de\/wp-json\/wp\/v2\/product"}],"about":[{"href":"https:\/\/cloudsupplyvapes.com\/de\/wp-json\/wp\/v2\/types\/product"}],"replies":[{"embeddable":true,"href":"https:\/\/cloudsupplyvapes.com\/de\/wp-json\/wp\/v2\/comments?post=4941"}],"wp:featuredmedia":[{"embeddable":true,"href":"https:\/\/cloudsupplyvapes.com\/de\/wp-json\/wp\/v2\/media\/5100"}],"wp:attachment":[{"href":"https:\/\/cloudsupplyvapes.com\/de\/wp-json\/wp\/v2\/media?parent=4941"}],"wp:term":[{"taxonomy":"product_brand","embeddable":true,"href":"https:\/\/cloudsupplyvapes.com\/de\/wp-json\/wp\/v2\/product_brand?post=4941"},{"taxonomy":"product_cat","embeddable":true,"href":"https:\/\/cloudsupplyvapes.com\/de\/wp-json\/wp\/v2\/product_cat?post=4941"},{"taxonomy":"product_tag","embeddable":true,"href":"https:\/\/cloudsupplyvapes.com\/de\/wp-json\/wp\/v2\/product_tag?post=4941"}],"curies":[{"name":"wp","href":"https:\/\/api.w.org\/{rel}","templated":true}]}}