{"id":4945,"date":"2024-10-19T02:39:38","date_gmt":"2024-10-19T02:39:38","guid":{"rendered":"https:\/\/cloudsupplyvapes.com\/?post_type=product&#038;p=4945"},"modified":"2024-11-26T03:46:15","modified_gmt":"2024-11-26T03:46:15","slug":"-188","status":"publish","type":"product","link":"https:\/\/cloudsupplyvapes.com\/de\/product\/waka-sofit-fa600-600-puffs-disposable-vape-wholesale\/","title":{"rendered":"WAKA SoFit FA600 600 Puffs Einweg Vape Gro\u00dfhandel Ultra Portable Beginner Friendly Vape"},"content":{"rendered":"<div><strong>Geschmack:<\/strong><\/div>\n<div>Heidelbeere-Himbeere<\/div>\n<div>Heidelbeer-Splash<\/div>\n<div>Kiwi Passion Guave<\/div>\n<div>Dreifache Mango<\/div>\n<div>Wassermelone Chill<\/div>\n<div>Roter Buzz<\/div>\n<div>Rosa Limonade<\/div>\n<div>Erdbeer-Kiwi<\/div>\n<div>Dunkles Glitzern<\/div>\n<div>Rosa Twist<\/div>\n<div><\/div>\n<div>Nicotine:0%\/1.55%\/3%\/5%<\/div>\n<div>Fassungsverm\u00f6gen:3,5ml<\/div>\n<div>Puffanzahl:Bis zu 600<\/div>\n<div>Akku:400mAh<\/div>\n<div><a href=\"https:\/\/i0.wp.com\/shop.vape.hk\/wp-content\/uploads\/2023\/10\/soFit_FA600_KV-Simplify-Horizontal.png?ssl=1\" target=\"_blank\" rel=\"noopener\"><img data-recalc-dims=\"1\" loading=\"lazy\" decoding=\"async\" class=\"alignnone size-full wp-image-124985\" src=\"https:\/\/i0.wp.com\/shop.vape.hk\/wp-content\/uploads\/2023\/10\/soFit_FA600_KV-Simplify-Horizontal.png?resize=1020%2C574&#038;ssl=1\" alt=\"WAKA soFit FA600 600 Puffs Pod Kit | Gro\u00dfhandel\" width=\"1020\" height=\"574\" title=\"\"><\/a><\/div>","protected":false},"excerpt":{"rendered":"<p>Der WAKA SoFit FA600 600 Puffs Einweg-Vape-Gro\u00dfhandel ist ultra-portabel und anf\u00e4ngerfreundlich, bietet eine sanfte Dampfabgabe und ben\u00f6tigt kein Nachf\u00fcllen f\u00fcr einen einfachen Gebrauch.<\/p>","protected":false},"featured_media":5111,"comment_status":"open","ping_status":"closed","template":"","meta":[],"product_brand":[],"product_cat":[22],"product_tag":[],"class_list":{"0":"post-4945","1":"product","2":"type-product","3":"status-publish","4":"has-post-thumbnail","6":"product_cat-disposable-vape-sticks","8":"first","9":"instock","10":"shipping-taxable","11":"purchasable","12":"product-type-simple"},"jetpack_sharing_enabled":true,"tiered_pricing_type":"fixed","tiered_pricing_fixed_rules":{"1000":3,"10000":2.5,"50000":2},"tiered_pricing_product_settings":{"layout":"default","base_unit_name":{"singular":null,"plural":null},"default_variation":null},"tiered_pricing_minimum_quantity":100,"tiered_pricing_roles_data":[],"tiered_pricing_percentage_rules":[],"tiered_pricing_maximum_quantity":null,"tiered_pricing_quantity_step":null,"_links":{"self":[{"href":"https:\/\/cloudsupplyvapes.com\/de\/wp-json\/wp\/v2\/product\/4945","targetHints":{"allow":["GET"]}}],"collection":[{"href":"https:\/\/cloudsupplyvapes.com\/de\/wp-json\/wp\/v2\/product"}],"about":[{"href":"https:\/\/cloudsupplyvapes.com\/de\/wp-json\/wp\/v2\/types\/product"}],"replies":[{"embeddable":true,"href":"https:\/\/cloudsupplyvapes.com\/de\/wp-json\/wp\/v2\/comments?post=4945"}],"wp:featuredmedia":[{"embeddable":true,"href":"https:\/\/cloudsupplyvapes.com\/de\/wp-json\/wp\/v2\/media\/5111"}],"wp:attachment":[{"href":"https:\/\/cloudsupplyvapes.com\/de\/wp-json\/wp\/v2\/media?parent=4945"}],"wp:term":[{"taxonomy":"product_brand","embeddable":true,"href":"https:\/\/cloudsupplyvapes.com\/de\/wp-json\/wp\/v2\/product_brand?post=4945"},{"taxonomy":"product_cat","embeddable":true,"href":"https:\/\/cloudsupplyvapes.com\/de\/wp-json\/wp\/v2\/product_cat?post=4945"},{"taxonomy":"product_tag","embeddable":true,"href":"https:\/\/cloudsupplyvapes.com\/de\/wp-json\/wp\/v2\/product_tag?post=4945"}],"curies":[{"name":"wp","href":"https:\/\/api.w.org\/{rel}","templated":true}]}}