{"id":4946,"date":"2024-10-19T02:39:38","date_gmt":"2024-10-19T02:39:38","guid":{"rendered":"https:\/\/cloudsupplyvapes.com\/?post_type=product&#038;p=4946"},"modified":"2024-11-26T03:46:28","modified_gmt":"2024-11-26T03:46:28","slug":"-189","status":"publish","type":"product","link":"https:\/\/cloudsupplyvapes.com\/de\/product\/waka-sopro-pa600-600-puffs-disposable-vape-wholesale\/","title":{"rendered":"WAKA SoPro PA600 600 Puffs Einweg Vape Gro\u00dfhandel Durable Build Smooth Vapor Experience"},"content":{"rendered":"<div><strong>Geschmack:<\/strong><\/div>\n<div>Rosa Twist<\/div>\n<div>Heidelbeere-Himbeere<\/div>\n<div>Heidelbeer-Splash<\/div>\n<div>Kiwi Passion Guave<\/div>\n<div>Dreifache Mango<\/div>\n<div>Wassermelone Chill<\/div>\n<div>Roter Buzz<\/div>\n<div>Rosa Limonade<\/div>\n<div>Strawberry<\/div>\n<div>Zitrone-Limette<\/div>\n<div><\/div>\n<div>Nicotine:0%\/3%\/5%<\/div>\n<div>Fassungsverm\u00f6gen:2ml<\/div>\n<div>Puffanzahl:Bis zu 600<\/div>\n<div>Akku:400mAh<\/div>\n<p><a href=\"https:\/\/i0.wp.com\/shop.vape.hk\/wp-content\/uploads\/2023\/10\/soPro_PA600_Poster-RGB-Horizontal_2x_73002cc1-cd4c-4e9e-a068-fcd7691dfc6c.webp?ssl=1\" target=\"_blank\" rel=\"noopener\"><img data-recalc-dims=\"1\" loading=\"lazy\" decoding=\"async\" class=\"alignnone size-full wp-image-124987\" src=\"https:\/\/i0.wp.com\/shop.vape.hk\/wp-content\/uploads\/2023\/10\/soPro_PA600_Poster-RGB-Horizontal_2x_73002cc1-cd4c-4e9e-a068-fcd7691dfc6c.webp?resize=1020%2C574&#038;ssl=1\" alt=\"WAKA soPro PA600 600 Puffs Einweg Vape | Gro\u00dfhandel\" width=\"1020\" height=\"574\" title=\"\"><\/a><\/p>","protected":false},"excerpt":{"rendered":"<p>Der WAKA SoPro PA600 600 Puffs Einweg-Vape-Gro\u00dfhandel zeichnet sich durch eine robuste Bauweise, gleichm\u00e4\u00dfige Dampfproduktion und ein schlankes Design f\u00fcr m\u00fcheloses Dampfen unterwegs aus.<\/p>","protected":false},"featured_media":5129,"comment_status":"open","ping_status":"closed","template":"","meta":[],"product_brand":[],"product_cat":[22],"product_tag":[],"class_list":{"0":"post-4946","1":"product","2":"type-product","3":"status-publish","4":"has-post-thumbnail","6":"product_cat-disposable-vape-sticks","8":"first","9":"instock","10":"shipping-taxable","11":"purchasable","12":"product-type-simple"},"jetpack_sharing_enabled":true,"tiered_pricing_type":"fixed","tiered_pricing_fixed_rules":{"1000":3.5,"10000":3,"50000":2.5},"tiered_pricing_product_settings":{"layout":"default","base_unit_name":{"singular":null,"plural":null},"default_variation":null},"tiered_pricing_minimum_quantity":100,"tiered_pricing_roles_data":[],"tiered_pricing_percentage_rules":[],"tiered_pricing_maximum_quantity":null,"tiered_pricing_quantity_step":null,"_links":{"self":[{"href":"https:\/\/cloudsupplyvapes.com\/de\/wp-json\/wp\/v2\/product\/4946","targetHints":{"allow":["GET"]}}],"collection":[{"href":"https:\/\/cloudsupplyvapes.com\/de\/wp-json\/wp\/v2\/product"}],"about":[{"href":"https:\/\/cloudsupplyvapes.com\/de\/wp-json\/wp\/v2\/types\/product"}],"replies":[{"embeddable":true,"href":"https:\/\/cloudsupplyvapes.com\/de\/wp-json\/wp\/v2\/comments?post=4946"}],"wp:featuredmedia":[{"embeddable":true,"href":"https:\/\/cloudsupplyvapes.com\/de\/wp-json\/wp\/v2\/media\/5129"}],"wp:attachment":[{"href":"https:\/\/cloudsupplyvapes.com\/de\/wp-json\/wp\/v2\/media?parent=4946"}],"wp:term":[{"taxonomy":"product_brand","embeddable":true,"href":"https:\/\/cloudsupplyvapes.com\/de\/wp-json\/wp\/v2\/product_brand?post=4946"},{"taxonomy":"product_cat","embeddable":true,"href":"https:\/\/cloudsupplyvapes.com\/de\/wp-json\/wp\/v2\/product_cat?post=4946"},{"taxonomy":"product_tag","embeddable":true,"href":"https:\/\/cloudsupplyvapes.com\/de\/wp-json\/wp\/v2\/product_tag?post=4946"}],"curies":[{"name":"wp","href":"https:\/\/api.w.org\/{rel}","templated":true}]}}