{"id":5119,"date":"2024-10-19T02:40:44","date_gmt":"2024-10-19T02:40:44","guid":{"rendered":"https:\/\/cloudsupplyvapes.com\/?post_type=product&#038;p=5119"},"modified":"2024-11-26T03:41:23","modified_gmt":"2024-11-26T03:41:23","slug":"-194","status":"publish","type":"product","link":"https:\/\/cloudsupplyvapes.com\/de\/product\/cloud-bar-space-planet-10000-puffs-disposable-vape-wholesale\/","title":{"rendered":"Cloud Bar Space Planet 10000 Puffs Einweg Vape Gro\u00dfhandel wiederaufladbare langlebig bauen"},"content":{"rendered":"<h2>Cloud Bar Space Planet Einweg-Vape<\/h2>\n<ul class=\"top\">\n<li style=\"list-style-type: none;\">\n<ul class=\"top\">\n<li>Marke:\u00a0<b>Wolke Bar<\/b><\/li>\n<li>Einheit: Satz<\/li>\n<li>Art:\u00a0<b>Einweg-Vape<\/b><\/li>\n<li>Nettogewicht: 70(g)<\/li>\n<\/ul>\n<\/li>\n<\/ul>\n<p>Die kombinierten Versandkosten werden automatisch vom System berechnet, nachdem Sie das Versandziel in der Kaufabwicklung ausgew\u00e4hlt haben.<\/p>\n<div class=\"title\">Cloud Bar Space Planet Disposable Vape EINLEITUNG<\/div>\n<p><b>Cloud Bar Space Planet Einweg-Vape<\/b>\u00a0ist ein Einweg-Vape, das mit 20ml Vape-Saft und einem wiederaufladbaren 650mAh-Akku ausgestattet ist und etwa 10000 Z\u00fcge liefert. Ein gro\u00dfz\u00fcgiges Angebot von 20ml Vape-Saft sorgt f\u00fcr mehr Z\u00fcge als \u00fcblich. Eine Mesh-Spule kocht den leckeren Fruchtsaft mit Fruchtgeschmack. Sie k\u00f6nnen es aufladen, wann immer Sie wollen, durch einen Typ-C-Anschluss. Cloud Bar Space Planet ist immer noch tragbar mit einer gro\u00dfen Kapazit\u00e4t an Verdampfungssaft. Er passt perfekt in Ihre Tasche. W\u00e4hlen Sie Space Planet Einweg f\u00fcr tropische Aromen so bald wie m\u00f6glich!<\/p>\n<p class=\"second-title\">Eigenschaften<\/p>\n<p>- 20ml vorgef\u00fclltes E-Liquid<\/p>\n<p>- 5%(50mg) Nikotinst\u00e4rke<\/p>\n<p>- Wiederaufladbare Batterie<\/p>\n<p>- Typ-C-Anschluss (nicht enthalten)<\/p>\n<p>- Ungef\u00e4hr 10000 Puffs<\/p>\n<p>- Zeichnen-aktiviert<\/p>\n<p>- MTL-Vaping<\/p>\n<p><a href=\"https:\/\/i0.wp.com\/shop.vape.hk\/wp-content\/uploads\/2023\/10\/cloud-bar-10000-space-planet.jpg?ssl=1\" target=\"_blank\" rel=\"noopener\"><img data-recalc-dims=\"1\" loading=\"lazy\" decoding=\"async\" class=\"alignnone size-full wp-image-125380\" src=\"https:\/\/i0.wp.com\/shop.vape.hk\/wp-content\/uploads\/2023\/10\/cloud-bar-10000-space-planet.jpg?resize=1020%2C1192&#038;ssl=1\" alt=\"Cloud Bar Space Planet 10000 Puffs Einweg Vape | Gro\u00dfhandel\" width=\"1020\" height=\"1192\" title=\"\"><\/a><\/p>","protected":false},"excerpt":{"rendered":"<p>Cloud Bar Space Planet 10000 Puffs Disposable Vape Wholesale kombiniert einen wiederaufladbaren Akku, eine langlebige Konstruktion und eine gleichm\u00e4\u00dfige Dampfproduktion f\u00fcr zuverl\u00e4ssiges und angenehmes Dampfen.<\/p>","protected":false},"featured_media":5327,"comment_status":"open","ping_status":"closed","template":"","meta":[],"product_brand":[],"product_cat":[22],"product_tag":[],"class_list":{"0":"post-5119","1":"product","2":"type-product","3":"status-publish","4":"has-post-thumbnail","6":"product_cat-disposable-vape-sticks","8":"first","9":"instock","10":"shipping-taxable","11":"purchasable","12":"product-type-simple"},"jetpack_sharing_enabled":true,"tiered_pricing_type":"fixed","tiered_pricing_fixed_rules":{"1000":15,"10000":13,"50000":11},"tiered_pricing_product_settings":{"layout":"default","base_unit_name":{"singular":null,"plural":null},"default_variation":null},"tiered_pricing_minimum_quantity":100,"tiered_pricing_roles_data":[],"tiered_pricing_percentage_rules":[],"tiered_pricing_maximum_quantity":null,"tiered_pricing_quantity_step":null,"_links":{"self":[{"href":"https:\/\/cloudsupplyvapes.com\/de\/wp-json\/wp\/v2\/product\/5119","targetHints":{"allow":["GET"]}}],"collection":[{"href":"https:\/\/cloudsupplyvapes.com\/de\/wp-json\/wp\/v2\/product"}],"about":[{"href":"https:\/\/cloudsupplyvapes.com\/de\/wp-json\/wp\/v2\/types\/product"}],"replies":[{"embeddable":true,"href":"https:\/\/cloudsupplyvapes.com\/de\/wp-json\/wp\/v2\/comments?post=5119"}],"wp:featuredmedia":[{"embeddable":true,"href":"https:\/\/cloudsupplyvapes.com\/de\/wp-json\/wp\/v2\/media\/5327"}],"wp:attachment":[{"href":"https:\/\/cloudsupplyvapes.com\/de\/wp-json\/wp\/v2\/media?parent=5119"}],"wp:term":[{"taxonomy":"product_brand","embeddable":true,"href":"https:\/\/cloudsupplyvapes.com\/de\/wp-json\/wp\/v2\/product_brand?post=5119"},{"taxonomy":"product_cat","embeddable":true,"href":"https:\/\/cloudsupplyvapes.com\/de\/wp-json\/wp\/v2\/product_cat?post=5119"},{"taxonomy":"product_tag","embeddable":true,"href":"https:\/\/cloudsupplyvapes.com\/de\/wp-json\/wp\/v2\/product_tag?post=5119"}],"curies":[{"name":"wp","href":"https:\/\/api.w.org\/{rel}","templated":true}]}}