{"id":5128,"date":"2024-10-19T02:40:45","date_gmt":"2024-10-19T02:40:45","guid":{"rendered":"https:\/\/cloudsupplyvapes.com\/?post_type=product&#038;p=5128"},"modified":"2024-11-26T03:41:10","modified_gmt":"2024-11-26T03:41:10","slug":"-198","status":"publish","type":"product","link":"https:\/\/cloudsupplyvapes.com\/de\/product\/kk-energy8-12000-puffs-disposable-vape-wholesale\/","title":{"rendered":"KK Energy8 12000 Puffs Einweg Vape Gro\u00dfhandel Lang anhaltende glatte Dampf Ausgang"},"content":{"rendered":"<h2><b>KK Energy8 12000 Einweg-Vape<\/b><\/h2>\n<ul class=\"top\">\n<li style=\"list-style-type: none;\">\n<ul class=\"top\">\n<li>Marke:\u00a0<b>KK Energie<\/b><\/li>\n<li>Einheit: Satz<\/li>\n<li>Art:\u00a0<b>Einweg-Vape<\/b><\/li>\n<li>Nettogewicht: 40(g)<\/li>\n<\/ul>\n<\/li>\n<\/ul>\n<p>Die kombinierten Versandkosten werden automatisch vom System berechnet, nachdem Sie das Versandziel in der Kaufabwicklung ausgew\u00e4hlt haben.<\/p>\n<div class=\"title\">KK Energy8 12000 Einweg-Vape EINLEITUNG<\/div>\n<p><b>KK Energy8 12000 Einweg-Vape<\/b>\u00a0lebt bis zu Ihrem Nik-Salz-Verbrauch, die Erh\u00f6hung der Ausdauer von gro\u00dfen vorgef\u00fcllten e-Fl\u00fcssigkeit, die \u00fcber 12000 Z\u00fcge bieten kann. Eingeh\u00fcllt in eine funky gl\u00e4nzende und transparente Schale, ist die einstellbare Luftstromsteuerung in seinem schwarzen Boden befindet. Genie\u00dfen Sie die sensationelle vaping Geschmack, hat es eine Batterie-Bildschirm an der Seite, und die Seite Anti-Rutsch-Design gibt einen guten Halt. Angetrieben von einem wiederaufladbaren 650mAh Akku, kann die Leistung von 10W bis 13,5W reichen.<\/p>\n<p class=\"second-title\">Eigenschaften<\/p>\n<p>- Produktgr\u00f6\u00dfe: 49,5mm*26mm*86mm<\/p>\n<p>- Vorgef\u00fclltes E-Liquid<\/p>\n<p>- Wiederaufladbarer 650mAh-Akku<\/p>\n<p>- Ungef\u00e4hr 12000 Puffs<\/p>\n<p>- Maschenspule<\/p>\n<p>- Zeichnen-aktiviert<\/p>\n<p>- MTL-Vaping<\/p>\n<p>- Spannung: 3,6V<\/p>\n<p>- Leistungsbereich:10W - 13,5W<\/p>\n<p>- Einstellbarer Luftstrom<\/p>\n<p>- Batterie-Bildschirm<\/p>\n<p><a href=\"https:\/\/i0.wp.com\/shop.vape.hk\/wp-content\/uploads\/2023\/10\/KK-Energy8-12000-Puffs-Disposable-Vape-Kit1.jpg?ssl=1\" target=\"_blank\" rel=\"noopener\"><img data-recalc-dims=\"1\" loading=\"lazy\" decoding=\"async\" class=\"alignnone size-full wp-image-125465\" src=\"https:\/\/i0.wp.com\/shop.vape.hk\/wp-content\/uploads\/2023\/10\/KK-Energy8-12000-Puffs-Disposable-Vape-Kit1.jpg?resize=1020%2C1425&#038;ssl=1\" alt=\"KK Energy8 12000 Puffs Einweg Vape | Gro\u00dfhandel\" width=\"1020\" height=\"1425\" title=\"\"><\/a><\/p>","protected":false},"excerpt":{"rendered":"<p>Der KK Energy8 12000 Puffs Disposable Vape Wholesale bietet eine lang anhaltende Leistung, eine gleichm\u00e4\u00dfige Dampfabgabe und ein langlebiges Design, ideal f\u00fcr Anf\u00e4nger und erfahrene Nutzer.<\/p>","protected":false},"featured_media":5428,"comment_status":"open","ping_status":"closed","template":"","meta":[],"product_brand":[],"product_cat":[22],"product_tag":[],"class_list":{"0":"post-5128","1":"product","2":"type-product","3":"status-publish","4":"has-post-thumbnail","6":"product_cat-disposable-vape-sticks","8":"first","9":"instock","10":"shipping-taxable","11":"purchasable","12":"product-type-simple"},"jetpack_sharing_enabled":true,"tiered_pricing_type":"fixed","tiered_pricing_fixed_rules":[],"tiered_pricing_product_settings":{"layout":"default","base_unit_name":{"singular":null,"plural":null},"default_variation":null},"tiered_pricing_minimum_quantity":100,"tiered_pricing_roles_data":[],"tiered_pricing_percentage_rules":[],"tiered_pricing_maximum_quantity":null,"tiered_pricing_quantity_step":null,"_links":{"self":[{"href":"https:\/\/cloudsupplyvapes.com\/de\/wp-json\/wp\/v2\/product\/5128","targetHints":{"allow":["GET"]}}],"collection":[{"href":"https:\/\/cloudsupplyvapes.com\/de\/wp-json\/wp\/v2\/product"}],"about":[{"href":"https:\/\/cloudsupplyvapes.com\/de\/wp-json\/wp\/v2\/types\/product"}],"replies":[{"embeddable":true,"href":"https:\/\/cloudsupplyvapes.com\/de\/wp-json\/wp\/v2\/comments?post=5128"}],"wp:featuredmedia":[{"embeddable":true,"href":"https:\/\/cloudsupplyvapes.com\/de\/wp-json\/wp\/v2\/media\/5428"}],"wp:attachment":[{"href":"https:\/\/cloudsupplyvapes.com\/de\/wp-json\/wp\/v2\/media?parent=5128"}],"wp:term":[{"taxonomy":"product_brand","embeddable":true,"href":"https:\/\/cloudsupplyvapes.com\/de\/wp-json\/wp\/v2\/product_brand?post=5128"},{"taxonomy":"product_cat","embeddable":true,"href":"https:\/\/cloudsupplyvapes.com\/de\/wp-json\/wp\/v2\/product_cat?post=5128"},{"taxonomy":"product_tag","embeddable":true,"href":"https:\/\/cloudsupplyvapes.com\/de\/wp-json\/wp\/v2\/product_tag?post=5128"}],"curies":[{"name":"wp","href":"https:\/\/api.w.org\/{rel}","templated":true}]}}