{"id":5179,"date":"2024-10-19T02:41:09","date_gmt":"2024-10-19T02:41:09","guid":{"rendered":"https:\/\/cloudsupplyvapes.com\/?post_type=product&#038;p=5179"},"modified":"2024-11-26T03:36:44","modified_gmt":"2024-11-26T03:36:44","slug":"-201","status":"publish","type":"product","link":"https:\/\/cloudsupplyvapes.com\/de\/product\/puffmi-meshbox-mini-1200-puffs-disposable-vape-wholesale\/","title":{"rendered":"Puffmi MeshBox Mini 1200 Puffs Einweg Vape Gro\u00dfhandel Kompaktes Design Glatte Vapor Erfahrung"},"content":{"rendered":"<h2>Puffmi MeshBox Mini Einweg Vape<\/h2>\n<ul class=\"top\">\n<li>Marke:\u00a0<b>Puffmi<\/b><\/li>\n<li>Einheit: Satz<\/li>\n<li>Art:\u00a0<b>Einweg-Vape<\/b><\/li>\n<li>Nettogewicht: 68(g)<\/li>\n<\/ul>\n<p>Die kombinierten Versandkosten werden automatisch vom System berechnet, nachdem Sie das Versandziel in der Kaufabwicklung ausgew\u00e4hlt haben.<\/p>\n<div class=\"title\">Puffmi MeshBox Mini Disposable Vape EINLEITUNG<\/div>\n<p><b>Puffmi MeshBox Mini Einweg Vape<\/b>\u00a0bietet eine 3,5ml vorgef\u00fcllte E-Liquid-Kapazit\u00e4t, einen wiederaufladbaren 650mAh-Akku und 5%(50mg) Nikotin f\u00fcr eine gro\u00dfartige Dampfproduktion. Die 1200 Puffs ziehen gepaart mit seiner ergonomischen Mundst\u00fcck ist eine gute Wahl f\u00fcr eine befriedigende Mouth-to-Lung vaping Erfahrung. Das Ger\u00e4t ist zugaktiviert, was es zu einer gro\u00dfartigen Wahl f\u00fcr Dampfer macht, die neu im Dampfen sind und sich nicht mit komplizierten Setup-Prozessen besch\u00e4ftigen wollen. Mit seinen beeindruckenden Funktionen, dem Elfen-Edition-Design und einer gro\u00dfen Auswahl an Aromen k\u00f6nnen Sie bis zu 1200 Z\u00fcge lang das Verlangen nach Nikotin genie\u00dfen.<\/p>\n<p class=\"second-title\">Eigenschaften<\/p>\n<p>- 3.5mL Vorgef\u00fclltes E-Liquid<\/p>\n<p>- 5%(50mg) Nikotin<\/p>\n<p>- Wiederaufladbarer 650mAh-Akku<\/p>\n<p>- Ungef\u00e4hr 1200 Puffs<\/p>\n<p>- Typ-C-Anschluss (nicht im Lieferumfang enthalten)<\/p>\n<p>- Maschenspule<\/p>\n<p>- Zeichnen-aktiviert<\/p>\n<p>- MTL-Vaping<\/p>","protected":false},"excerpt":{"rendered":"<p>Die Puffmi MeshBox Mini 1200 Puffs Disposable Vape Wholesale zeichnet sich durch ihr kompaktes Design, die gleichm\u00e4\u00dfige Dampfproduktion und die Tatsache, dass sie nicht nachgef\u00fcllt werden muss, aus und ist somit perfekt f\u00fcr das problemlose mobile Dampfen.<\/p>","protected":false},"featured_media":5448,"comment_status":"open","ping_status":"closed","template":"","meta":[],"product_brand":[],"product_cat":[22],"product_tag":[],"class_list":{"0":"post-5179","1":"product","2":"type-product","3":"status-publish","4":"has-post-thumbnail","6":"product_cat-disposable-vape-sticks","8":"first","9":"instock","10":"shipping-taxable","11":"purchasable","12":"product-type-simple"},"jetpack_sharing_enabled":true,"tiered_pricing_type":"fixed","tiered_pricing_fixed_rules":{"1000":4,"10000":3,"50000":2},"tiered_pricing_product_settings":{"layout":"default","base_unit_name":{"singular":null,"plural":null},"default_variation":null},"tiered_pricing_minimum_quantity":100,"tiered_pricing_roles_data":[],"tiered_pricing_percentage_rules":[],"tiered_pricing_maximum_quantity":null,"tiered_pricing_quantity_step":null,"_links":{"self":[{"href":"https:\/\/cloudsupplyvapes.com\/de\/wp-json\/wp\/v2\/product\/5179","targetHints":{"allow":["GET"]}}],"collection":[{"href":"https:\/\/cloudsupplyvapes.com\/de\/wp-json\/wp\/v2\/product"}],"about":[{"href":"https:\/\/cloudsupplyvapes.com\/de\/wp-json\/wp\/v2\/types\/product"}],"replies":[{"embeddable":true,"href":"https:\/\/cloudsupplyvapes.com\/de\/wp-json\/wp\/v2\/comments?post=5179"}],"wp:featuredmedia":[{"embeddable":true,"href":"https:\/\/cloudsupplyvapes.com\/de\/wp-json\/wp\/v2\/media\/5448"}],"wp:attachment":[{"href":"https:\/\/cloudsupplyvapes.com\/de\/wp-json\/wp\/v2\/media?parent=5179"}],"wp:term":[{"taxonomy":"product_brand","embeddable":true,"href":"https:\/\/cloudsupplyvapes.com\/de\/wp-json\/wp\/v2\/product_brand?post=5179"},{"taxonomy":"product_cat","embeddable":true,"href":"https:\/\/cloudsupplyvapes.com\/de\/wp-json\/wp\/v2\/product_cat?post=5179"},{"taxonomy":"product_tag","embeddable":true,"href":"https:\/\/cloudsupplyvapes.com\/de\/wp-json\/wp\/v2\/product_tag?post=5179"}],"curies":[{"name":"wp","href":"https:\/\/api.w.org\/{rel}","templated":true}]}}