{"id":5181,"date":"2024-10-19T02:41:09","date_gmt":"2024-10-19T02:41:09","guid":{"rendered":"https:\/\/cloudsupplyvapes.com\/?post_type=product&#038;p=5181"},"modified":"2024-11-26T03:41:04","modified_gmt":"2024-11-26T03:41:04","slug":"-203","status":"publish","type":"product","link":"https:\/\/cloudsupplyvapes.com\/de\/product\/moti-box-r7000-7000-puffs-disposable-vape-wholesale\/","title":{"rendered":"Moti Box R7000 7000 Puffs Einweg Vape Gro\u00dfhandel Leichtgewicht Ultra Portable Design"},"content":{"rendered":"<h2>Moti Box R7000 Einweg<\/h2>\n<ul class=\"top\">\n<li style=\"list-style-type: none;\">\n<ul class=\"top\">\n<li>Marke: Moti<\/li>\n<li>Einheit: Satz<\/li>\n<li>Typ: Einweg Vape<\/li>\n<li>Nettogewicht: 70(g)<\/li>\n<\/ul>\n<\/li>\n<\/ul>\n<p>Die kombinierten Versandkosten werden automatisch vom System berechnet, nachdem Sie das Versandziel in der Kaufabwicklung ausgew\u00e4hlt haben.<\/p>\n<div class=\"title\">Moti Box R7000 Einweg EINLEITUNG<\/div>\n<p><b>Moti Box R7000 Einweg<\/b>\u00a0sorgt f\u00fcr kr\u00e4ftige 16ml vorgef\u00fcllt e-Fl\u00fcssigkeit, f\u00fcr eine optimierte Mund-zu-Lunge (MTL) vaping Erfahrung, es passt sich an eine Mesh-Spule, um die Effizienz der k\u00f6stlichen Geschmack bringen zu erh\u00f6hen, kann jeder Box R7000 verdampfen so viele wie 7000 Puffs. Angetrieben von einem wiederaufladbaren 400mAh Akku, unterst\u00fctzt es Typ-C-Kabel. Es ist Draw-aktiviert, hat kein Leck, und braucht keine Wartung f\u00fcr Komfort.<\/p>\n<p class=\"second-title\">Eigenschaften<\/p>\n<p>- 16mL Vorgef\u00fclltes E-Liquid<\/p>\n<p>- 5%(50mg) Nikotin<\/p>\n<p>- Wiederaufladbar<\/p>\n<p>- Ungef\u00e4hr 7000 Puffs<\/p>\n<p>- 400mAh wiederaufladbare Batterie<\/p>\n<p>- Typ-C-Anschluss<\/p>\n<p>- Maschenspule<\/p>\n<p>- Zeichnen-aktiviert<\/p>\n<div class=\"title\">Moti Box R7000 Einweg SPEZIFIKATIONEN<\/div>\n<p>Puffs: 7000<\/p>\n<p>Fassungsverm\u00f6gen: 16mL<\/p>\n<p>Akku: Wiederaufladbar 400mAh<\/p>\n<p>Ladeger\u00e4t: USB Typ-C)<\/p>\n<p>Nikotinst\u00e4rke: 5%<\/p>\n<p>Nikotin-Typ: Nik-Salz<\/p>\n<p>Heizelement: Mesh-Spule<\/p>\n<p>Durch Ziehen aktivierter Ausl\u00f6semechanismus<\/p>\n<p><a href=\"https:\/\/i0.wp.com\/shop.vape.hk\/wp-content\/uploads\/2023\/11\/moti-box-r7000-disposable.jpg?ssl=1\" target=\"_blank\" rel=\"noopener\"><img data-recalc-dims=\"1\" loading=\"lazy\" decoding=\"async\" class=\"alignnone size-full wp-image-125550\" src=\"https:\/\/i0.wp.com\/shop.vape.hk\/wp-content\/uploads\/2023\/11\/moti-box-r7000-disposable.jpg?resize=525%2C1920&#038;ssl=1\" alt=\"Moti Box R7000 7000 Puffs Einweg Vape | Gro\u00dfhandel\" width=\"525\" height=\"1920\" title=\"\"><\/a><\/p>","protected":false},"excerpt":{"rendered":"<p>Die Moti Box R7000 7000 Puffs Disposable Vape Wholesale ist leicht und ultra-portabel, mit einem schlanken Design und glatte Kehle hits f\u00fcr eine Premium-Vaping-Session.<\/p>","protected":false},"featured_media":5470,"comment_status":"open","ping_status":"closed","template":"","meta":[],"product_brand":[],"product_cat":[22],"product_tag":[],"class_list":{"0":"post-5181","1":"product","2":"type-product","3":"status-publish","4":"has-post-thumbnail","6":"product_cat-disposable-vape-sticks","8":"first","9":"instock","10":"shipping-taxable","11":"purchasable","12":"product-type-simple"},"jetpack_sharing_enabled":true,"tiered_pricing_type":"fixed","tiered_pricing_fixed_rules":{"1000":13,"10000":11,"50000":9},"tiered_pricing_product_settings":{"layout":"default","base_unit_name":{"singular":null,"plural":null},"default_variation":null},"tiered_pricing_minimum_quantity":100,"tiered_pricing_roles_data":[],"tiered_pricing_percentage_rules":[],"tiered_pricing_maximum_quantity":null,"tiered_pricing_quantity_step":null,"_links":{"self":[{"href":"https:\/\/cloudsupplyvapes.com\/de\/wp-json\/wp\/v2\/product\/5181","targetHints":{"allow":["GET"]}}],"collection":[{"href":"https:\/\/cloudsupplyvapes.com\/de\/wp-json\/wp\/v2\/product"}],"about":[{"href":"https:\/\/cloudsupplyvapes.com\/de\/wp-json\/wp\/v2\/types\/product"}],"replies":[{"embeddable":true,"href":"https:\/\/cloudsupplyvapes.com\/de\/wp-json\/wp\/v2\/comments?post=5181"}],"wp:featuredmedia":[{"embeddable":true,"href":"https:\/\/cloudsupplyvapes.com\/de\/wp-json\/wp\/v2\/media\/5470"}],"wp:attachment":[{"href":"https:\/\/cloudsupplyvapes.com\/de\/wp-json\/wp\/v2\/media?parent=5181"}],"wp:term":[{"taxonomy":"product_brand","embeddable":true,"href":"https:\/\/cloudsupplyvapes.com\/de\/wp-json\/wp\/v2\/product_brand?post=5181"},{"taxonomy":"product_cat","embeddable":true,"href":"https:\/\/cloudsupplyvapes.com\/de\/wp-json\/wp\/v2\/product_cat?post=5181"},{"taxonomy":"product_tag","embeddable":true,"href":"https:\/\/cloudsupplyvapes.com\/de\/wp-json\/wp\/v2\/product_tag?post=5181"}],"curies":[{"name":"wp","href":"https:\/\/api.w.org\/{rel}","templated":true}]}}