{"id":5263,"date":"2024-10-19T02:41:32","date_gmt":"2024-10-19T02:41:32","guid":{"rendered":"https:\/\/cloudsupplyvapes.com\/?post_type=product&#038;p=5263"},"modified":"2024-11-26T03:30:45","modified_gmt":"2024-11-26T03:30:45","slug":"-204","status":"publish","type":"product","link":"https:\/\/cloudsupplyvapes.com\/de\/product\/moti-x-40w-2000mah-pod-kit-wholesale\/","title":{"rendered":"MOTI X 40W 2000mAh Pod Kit Gro\u00dfhandel hohe Leistung kompaktes Design"},"content":{"rendered":"<h2>MOTI X Bausatz<\/h2>\n<ul class=\"top\">\n<li>Marke: MOTI Vape<\/li>\n<li>Einheit: Satz<\/li>\n<li>Typ: Pod-System-Kit<\/li>\n<li>Nettogewicht: 70(g)<\/li>\n<\/ul>\n<p>Die kombinierten Versandkosten werden automatisch vom System berechnet, nachdem Sie das Versandziel in der Kaufabwicklung ausgew\u00e4hlt haben.<\/p>\n<div class=\"title\">MOTI X Kit EINF\u00dcHRUNG<\/div>\n<p>Einf\u00fchrung in die\u00a0<b>MOTI X Pod Vape Kit<\/b>ist ein leistungsstarkes und vielseitiges Ger\u00e4t, das ein au\u00dfergew\u00f6hnliches Dampferlebnis bietet. Ausgestattet mit einem 4ml MOTI X Mini Pod und einer 2000mAh internen Batterie, ist dieses Pod-Kit in der Lage, eine 5-40W Leistung zu liefern, so dass es ideal f\u00fcr MTL und DTL vaping. Das Ger\u00e4t verf\u00fcgt \u00fcber einen 0,96-Zoll-OLED-Bildschirm, der alle wichtigen Informationen und Einstellungen wie Akkulaufzeit, Wattzahl und Spannung anzeigt. Hergestellt aus einer hochwertigen Zinklegierung, ist das Ger\u00e4t nicht nur langlebig, sondern auch bequem zu halten. Der einstellbare Luftstrom und die MOTI X35 0.35ohm Mesh-Spule (18-25W RDL) erm\u00f6glichen es Ihnen, Ihr Dampferlebnis nach Ihren W\u00fcnschen anzupassen. Mit voreingestellten und benutzerdefinierten Modi und adaptiver Leistungsregelung bietet das MOTI X 40W Pod Kit ultimative Flexibilit\u00e4t und Komfort. Holen Sie sich Ihre H\u00e4nde auf die MOTI X 40W Pod Kit heute und erleben Sie verdampfen wie nie zuvor.<\/p>\n<p class=\"second-title\">Eigenschaften<\/p>\n<p>- 4ml MOTI X Mini-Pod<\/p>\n<p>- 2000mAh interner Akku<\/p>\n<p>- 5-40W Leistung<\/p>\n<p>- 0,96 Zoll (diagonal) OLED<\/p>\n<p>- Zink-Legierung<\/p>\n<p>- MTL &amp; DTL<\/p>\n<p>- Einstellbarer Luftstrom<\/p>\n<p>- Spule MOTI X35 0.35ohm Mesh-Spule (18-25W RDL)<\/p>\n<p>- Voreingestellte und benutzerdefinierte Modi<\/p>\n<p>- Adaptive Leistungssteuerung<\/p>\n<div class=\"title\">MOTI X Kit SPEZIFIKATIONEN<\/div>\n<p>Abmessungen: 85,5 x 26,5 x 34 mm<\/p>\n<p>E-Fl\u00fcssigkeit Kapazit\u00e4t: 4ml<\/p>\n<p>Akku: Integriert (2000 mAh)<\/p>\n<p>Leistung: 5-40W<\/p>\n<p>Ladestrom: DC 5V\/2A, Typ-C<\/p>\n<p>Bildschirmgr\u00f6\u00dfe: 0,96-Zoll-OLED (Diagonale)<\/p>\n<p>Material: Zink-Legierung<\/p>\n<p>Art: MTL &amp; DTL<\/p>\n<p>Luftstrom: Einstellbar<\/p>\n<p>Spulen und empfohlene Wattleistung:<\/p>\n<p>0.35ohm Mesh-Spule (18-25W RDL)<\/p>\n<p><a href=\"https:\/\/i0.wp.com\/shop.vape.hk\/wp-content\/uploads\/2023\/11\/moti-x-kit.jpg?ssl=1\" target=\"_blank\" rel=\"noopener\"><img data-recalc-dims=\"1\" loading=\"lazy\" decoding=\"async\" class=\"alignnone size-full wp-image-125567\" src=\"https:\/\/i0.wp.com\/shop.vape.hk\/wp-content\/uploads\/2023\/11\/moti-x-kit.jpg?resize=559%2C1920&#038;ssl=1\" alt=\"MOTI X 40W 2000mAh Pod Kit | Gro\u00dfhandel\" width=\"559\" height=\"1920\" title=\"\"><\/a><\/p>","protected":false},"excerpt":{"rendered":"<p>Das MOTI X 40W 2000mAh Pod Kit Wholesale liefert eine hohe Leistung mit einem langlebigen Akku, kompaktem Design und Draw-aktivierten Betrieb, perfekt f\u00fcr eine reibungslose und tragbare vaping Erfahrung.<\/p>","protected":false},"featured_media":5477,"comment_status":"open","ping_status":"closed","template":"","meta":[],"product_brand":[],"product_cat":[22],"product_tag":[],"class_list":{"0":"post-5263","1":"product","2":"type-product","3":"status-publish","4":"has-post-thumbnail","6":"product_cat-disposable-vape-sticks","8":"first","9":"instock","10":"shipping-taxable","11":"purchasable","12":"product-type-simple"},"jetpack_sharing_enabled":true,"tiered_pricing_type":"fixed","tiered_pricing_fixed_rules":{"1000":28,"10000":26,"50000":24},"tiered_pricing_product_settings":{"layout":"default","base_unit_name":{"singular":null,"plural":null},"default_variation":null},"tiered_pricing_minimum_quantity":100,"tiered_pricing_roles_data":[],"tiered_pricing_percentage_rules":[],"tiered_pricing_maximum_quantity":null,"tiered_pricing_quantity_step":null,"_links":{"self":[{"href":"https:\/\/cloudsupplyvapes.com\/de\/wp-json\/wp\/v2\/product\/5263","targetHints":{"allow":["GET"]}}],"collection":[{"href":"https:\/\/cloudsupplyvapes.com\/de\/wp-json\/wp\/v2\/product"}],"about":[{"href":"https:\/\/cloudsupplyvapes.com\/de\/wp-json\/wp\/v2\/types\/product"}],"replies":[{"embeddable":true,"href":"https:\/\/cloudsupplyvapes.com\/de\/wp-json\/wp\/v2\/comments?post=5263"}],"wp:featuredmedia":[{"embeddable":true,"href":"https:\/\/cloudsupplyvapes.com\/de\/wp-json\/wp\/v2\/media\/5477"}],"wp:attachment":[{"href":"https:\/\/cloudsupplyvapes.com\/de\/wp-json\/wp\/v2\/media?parent=5263"}],"wp:term":[{"taxonomy":"product_brand","embeddable":true,"href":"https:\/\/cloudsupplyvapes.com\/de\/wp-json\/wp\/v2\/product_brand?post=5263"},{"taxonomy":"product_cat","embeddable":true,"href":"https:\/\/cloudsupplyvapes.com\/de\/wp-json\/wp\/v2\/product_cat?post=5263"},{"taxonomy":"product_tag","embeddable":true,"href":"https:\/\/cloudsupplyvapes.com\/de\/wp-json\/wp\/v2\/product_tag?post=5263"}],"curies":[{"name":"wp","href":"https:\/\/api.w.org\/{rel}","templated":true}]}}